{"id":14,"date":"2015-03-28T17:12:11","date_gmt":"2015-03-28T16:12:11","guid":{"rendered":"http:\/\/127.0.0.1\/universiteahmedbaba.com\/?page_id=14"},"modified":"2016-08-04T16:37:02","modified_gmt":"2016-08-04T15:37:02","slug":"organigramme","status":"publish","type":"page","link":"https:\/\/www.universiteahmedbaba.com\/web\/organigramme\/","title":{"rendered":"Organigramme"},"content":{"rendered":"<p>L&#8217;Universit\u00e9 Priv\u00e9e Ahmed Baba est organis\u00e9e de sorte \u00e0 assurer le bon fonctionnement continuel administratif de l\u2019\u00e9tablissement. Retrouvez ci dessous l&#8217;organigramme officiel de l\u2019\u00e9tablissement.<\/p>\n<p><a href=\"http:\/\/www.universiteahmedbaba.com\/web\/wp-content\/uploads\/2015\/03\/Organigramme-UPAB.jpg\"><img fetchpriority=\"high\" decoding=\"async\" class=\"size-full wp-image-671 aligncenter\" src=\"http:\/\/www.universiteahmedbaba.com\/web\/wp-content\/uploads\/2015\/03\/Organigramme-UPAB.jpg\" alt=\"Organigramme-UPAB\" width=\"995\" height=\"618\" srcset=\"https:\/\/www.universiteahmedbaba.com\/web\/wp-content\/uploads\/2015\/03\/Organigramme-UPAB.jpg 995w, https:\/\/www.universiteahmedbaba.com\/web\/wp-content\/uploads\/2015\/03\/Organigramme-UPAB-300x186.jpg 300w, https:\/\/www.universiteahmedbaba.com\/web\/wp-content\/uploads\/2015\/03\/Organigramme-UPAB-768x477.jpg 768w\" sizes=\"(max-width: 995px) 100vw, 995px\" \/><\/a><\/p>\n","protected":false},"excerpt":{"rendered":"<p>L&#8217;Universit\u00e9 Priv\u00e9e Ahmed Baba est organis\u00e9e de sorte \u00e0 assurer le bon fonctionnement continuel administratif de l\u2019\u00e9tablissement. Retrouvez ci dessous l&#8217;organigramme officiel de l\u2019\u00e9tablissement.<\/p>\n","protected":false},"author":4,"featured_media":0,"parent":0,"menu_order":0,"comment_status":"closed","ping_status":"open","template":"","meta":{"_eb_attr":"","footnotes":""},"class_list":["post-14","page","type-page","status-publish","hentry"],"featured_image_src":null,"_links":{"self":[{"href":"https:\/\/www.universiteahmedbaba.com\/web\/wp-json\/wp\/v2\/pages\/14","targetHints":{"allow":["GET"]}}],"collection":[{"href":"https:\/\/www.universiteahmedbaba.com\/web\/wp-json\/wp\/v2\/pages"}],"about":[{"href":"https:\/\/www.universiteahmedbaba.com\/web\/wp-json\/wp\/v2\/types\/page"}],"author":[{"embeddable":true,"href":"https:\/\/www.universiteahmedbaba.com\/web\/wp-json\/wp\/v2\/users\/4"}],"replies":[{"embeddable":true,"href":"https:\/\/www.universiteahmedbaba.com\/web\/wp-json\/wp\/v2\/comments?post=14"}],"version-history":[{"count":6,"href":"https:\/\/www.universiteahmedbaba.com\/web\/wp-json\/wp\/v2\/pages\/14\/revisions"}],"predecessor-version":[{"id":672,"href":"https:\/\/www.universiteahmedbaba.com\/web\/wp-json\/wp\/v2\/pages\/14\/revisions\/672"}],"wp:attachment":[{"href":"https:\/\/www.universiteahmedbaba.com\/web\/wp-json\/wp\/v2\/media?parent=14"}],"curies":[{"name":"wp","href":"https:\/\/api.w.org\/{rel}","templated":true}]}}