{"id":17,"date":"2015-03-28T17:13:46","date_gmt":"2015-03-28T16:13:46","guid":{"rendered":"http:\/\/127.0.0.1\/universiteahmedbaba.com\/?page_id=17"},"modified":"2015-09-05T06:36:34","modified_gmt":"2015-09-05T05:36:34","slug":"comite-scientifique-et-pedagogique","status":"publish","type":"page","link":"https:\/\/www.universiteahmedbaba.com\/web\/comite-scientifique-et-pedagogique\/","title":{"rendered":"Comit\u00e9 Scientifique et Pedagogique"},"content":{"rendered":"<p><strong>Le conseil scientifique et p\u00e9dagogique<\/strong><br \/>\nIl est compos\u00e9 d\u2019enseignant de rang A et de chef d\u2019entreprise (universitaire africaine, am\u00e9ricaine, europ\u00e9enne, canadienne et indienne).<br \/>\nLe Conseil Scientifique propose au Conseil d&#8217;Administration les orientations politiques de recherche, de documentation scientifique, technique et p\u00e9dagogique, ainsi que la r\u00e9partition des cr\u00e9dits de recherche. Il peut \u00e9mettre des v\u0153ux.<br \/>\nIl est consult\u00e9 sur la qualification \u00e0 donner aux emplois d&#8217;enseignants-chercheurs vacants ou demand\u00e9s, sur les programmes et contrats de recherche propos\u00e9s par les diverses composantes de l&#8217;Universit\u00e9, sur les demandes d&#8217;habilitation \u00e0 d\u00e9livrer les dipl\u00f4mes, sur les projets de cr\u00e9ation ou de modification des dipl\u00f4mes d&#8217;\u00e9tablissement et sur le contrat d&#8217;\u00e9tablissement. Il assure la liaison entre l&#8217;enseignement et la recherche.<br \/>\nIl assure la liaison entre l&#8217;enseignement et la recherche.<\/p>\n","protected":false},"excerpt":{"rendered":"<p>Le conseil scientifique et p\u00e9dagogique Il est compos\u00e9 d\u2019enseignant de rang A et de chef d\u2019entreprise (universitaire africaine, am\u00e9ricaine, europ\u00e9enne, canadienne et indienne). Le Conseil Scientifique propose au Conseil d&#8217;Administration les orientations politiques de recherche, de documentation scientifique, technique et&#8230;<br \/><a class=\"read-more-button\" href=\"https:\/\/www.universiteahmedbaba.com\/web\/comite-scientifique-et-pedagogique\/\">Read more<\/a><\/p>\n","protected":false},"author":4,"featured_media":0,"parent":0,"menu_order":0,"comment_status":"closed","ping_status":"open","template":"","meta":{"_eb_attr":"","footnotes":""},"class_list":["post-17","page","type-page","status-publish","hentry"],"featured_image_src":null,"_links":{"self":[{"href":"https:\/\/www.universiteahmedbaba.com\/web\/wp-json\/wp\/v2\/pages\/17","targetHints":{"allow":["GET"]}}],"collection":[{"href":"https:\/\/www.universiteahmedbaba.com\/web\/wp-json\/wp\/v2\/pages"}],"about":[{"href":"https:\/\/www.universiteahmedbaba.com\/web\/wp-json\/wp\/v2\/types\/page"}],"author":[{"embeddable":true,"href":"https:\/\/www.universiteahmedbaba.com\/web\/wp-json\/wp\/v2\/users\/4"}],"replies":[{"embeddable":true,"href":"https:\/\/www.universiteahmedbaba.com\/web\/wp-json\/wp\/v2\/comments?post=17"}],"version-history":[{"count":1,"href":"https:\/\/www.universiteahmedbaba.com\/web\/wp-json\/wp\/v2\/pages\/17\/revisions"}],"predecessor-version":[{"id":18,"href":"https:\/\/www.universiteahmedbaba.com\/web\/wp-json\/wp\/v2\/pages\/17\/revisions\/18"}],"wp:attachment":[{"href":"https:\/\/www.universiteahmedbaba.com\/web\/wp-json\/wp\/v2\/media?parent=17"}],"curies":[{"name":"wp","href":"https:\/\/api.w.org\/{rel}","templated":true}]}}