{"id":1836,"date":"2023-05-12T12:40:42","date_gmt":"2023-05-12T11:40:42","guid":{"rendered":"http:\/\/www.universiteahmedbaba.com\/web\/?page_id=1836"},"modified":"2023-05-12T12:40:42","modified_gmt":"2023-05-12T11:40:42","slug":"universite-privee-ahmed-baba","status":"publish","type":"page","link":"https:\/\/www.universiteahmedbaba.com\/web\/universite-privee-ahmed-baba\/","title":{"rendered":"UNIVERSIT\u00c9 PRIV\u00c9E AHMED BABA"},"content":{"rendered":"<h1>Rentr\u00e9e des Masters de week-end: les inscriptions sont ouvertes jusqu&#8217;au 30 mai 2023<\/h1>\n<p><a href=\"http:\/\/www.universiteahmedbaba.com\/web\/wp-content\/uploads\/2023\/05\/WhatsApp-Image-2023-05-10-at-11.57.03.jpeg\"><img fetchpriority=\"high\" decoding=\"async\" class=\"alignleft size-full wp-image-1839\" src=\"http:\/\/www.universiteahmedbaba.com\/web\/wp-content\/uploads\/2023\/05\/WhatsApp-Image-2023-05-10-at-11.57.03.jpeg\" alt=\"\" width=\"707\" height=\"1000\" srcset=\"https:\/\/www.universiteahmedbaba.com\/web\/wp-content\/uploads\/2023\/05\/WhatsApp-Image-2023-05-10-at-11.57.03.jpeg 707w, https:\/\/www.universiteahmedbaba.com\/web\/wp-content\/uploads\/2023\/05\/WhatsApp-Image-2023-05-10-at-11.57.03-212x300.jpeg 212w\" sizes=\"(max-width: 707px) 100vw, 707px\" \/><\/a><\/p>\n<p><span id=\"p3\">Nous sommes ravis de vous pr\u00e9senter notre programme de master de week-end, qui offre une formation de qualit\u00e9 sup\u00e9rieure \u00e0 un co\u00fbt abordable et qui est disponible en l<\/span><span id=\"p3\">igne ou en pr\u00e9sentiel.<\/span><\/p>\n<p><span id=\"p4\">Si vous cherchez \u00e0 poursuivre vos \u00e9tudes sup\u00e9rieures tout en conciliant vos engagements professionnels et personnels, notre programme est fait pour vous\u00a0!<\/span><span id=\"p5\">\u00a0Nous sommes fiers de proposer une formation de haute qualit\u00e9 dispens\u00e9e par des professeurs qualifi\u00e9s et exp\u00e9riment\u00e9s, qui sont des experts dans leur domaine.<\/span><\/p>\n<p><span id=\"p6\">Notre programme de master est con\u00e7u pour r\u00e9pondre \u00e0 vos besoins en mati\u00e8re d\u2019horaires flexibles et de co\u00fbts abordables.<\/span><span id=\"p7\">\u00a0Que vous choisissiez de suivre nos cours en ligne ou en pr\u00e9sentiel, vous b\u00e9n\u00e9ficierez d\u2019une formation de qualit\u00e9 qui vous pr\u00e9parera \u00e0 une carri\u00e8re r\u00e9ussie.<\/span><\/p>\n<p><span id=\"p8\">Nous sommes convaincus que notre programme vous fournira les comp\u00e9tences et les connaissances n\u00e9cessaires pour vous d\u00e9marquer sur le march\u00e9 du travail et vous aidera \u00e0 atteindre vos objectifs professionnels.<\/span><span id=\"p9\">\u00a0Que vous cherchiez \u00e0 progresser dans votre carri\u00e8re ou \u00e0 changer de domaine, notre programme de master vous donnera l\u2019avantage dont vous avez besoin.<\/span><\/p>\n<p><span id=\"p10\">Nous vous proposons les programmes d\u2019\u00e9tudes suivants\u00a0:<\/span><\/p>\n<ul>\n<li><strong><span id=\"p11\">Master en Gestion Logistique et Transport<\/span><\/strong><\/li>\n<li><strong><span id=\"p12\">Master en Marketing Communication<\/span><\/strong><\/li>\n<li><strong><span id=\"p13\">Master en Gestion des Ressources Humaines<\/span><\/strong><\/li>\n<li><strong><span id=\"p14\">Master en Journalisme &amp; Communication<\/span><\/strong><\/li>\n<li><strong><span id=\"p15\">Master en Droit Public &amp; Priv\u00e9<\/span><\/strong><\/li>\n<li><strong><span id=\"p16\">Master en Hygi\u00e8ne &amp; S\u00e9curit\u00e9<\/span><\/strong><\/li>\n<li><strong><span id=\"p17\">Master en Management des Op\u00e9rations<\/span><\/strong><\/li>\n<li><strong><span id=\"p18\">Master en Droit International Humanitaire<\/span><\/strong><\/li>\n<li><strong><span id=\"p19\">Master en Relation Internationale et Diplomatie<\/span><\/strong><\/li>\n<li><strong><span id=\"p20\">Master en Audit &amp; Contr\u00f4le de Gestion<\/span><\/strong><\/li>\n<li><strong><span id=\"p21\"><span id=\"52\" class=\"s-bl\">\u00a0<\/span><span id=\"51\" class=\"s-rg\">Etc<\/span>.<\/span><\/strong><\/li>\n<li><strong><span id=\"p21\"><div id=\"metaslider-id-1815\" style=\"width: 100%;\" class=\"ml-slider-3-107-0 metaslider metaslider-flex metaslider-1815 ml-slider has-carousel-mode ms-theme-default nav-hidden\" role=\"region\" aria-label=\"Master de week-end Pr\u00e9sentiel et en Ligne\" data-height=\"1080\" data-width=\"1080\">\n    <div id=\"metaslider_container_1815\">\n        <div id=\"metaslider_1815\" class=\"flexslider\">\n            <ul class='slides'>\n                <li style=\"display: none; width: 100%;\" class=\"slide-1817 ms-image \" aria-roledescription=\"slide\" data-date=\"2023-05-10 13:14:20\" data-filename=\"WhatsApp-Image-2023-05-10-at-11.55.56-1080x1080.jpeg\" data-slide-type=\"image\"><img decoding=\"async\" src=\"https:\/\/www.universiteahmedbaba.com\/web\/wp-content\/uploads\/2023\/05\/WhatsApp-Image-2023-05-10-at-11.55.56-1080x1080.jpeg\" height=\"1080\" width=\"1080\" alt=\"\" class=\"slider-1815 slide-1817 msDefaultImage\" title=\"WhatsApp Image 2023-05-10 at 11.55.56\" \/><\/li>\n                <li style=\"display: none; width: 100%;\" class=\"slide-1819 ms-image \" aria-roledescription=\"slide\" data-date=\"2023-05-10 13:15:27\" data-filename=\"WhatsApp-Image-2023-05-10-at-11.54.49.jpeg\" data-slide-type=\"image\"><img decoding=\"async\" src=\"https:\/\/www.universiteahmedbaba.com\/web\/wp-content\/uploads\/2023\/05\/WhatsApp-Image-2023-05-10-at-11.54.49.jpeg\" height=\"1080\" width=\"1080\" alt=\"\" class=\"slider-1815 slide-1819 msDefaultImage\" title=\"WhatsApp Image 2023-05-10 at 11.54.49\" \/><\/li>\n                <li style=\"display: none; width: 100%;\" class=\"slide-1821 ms-image \" aria-roledescription=\"slide\" data-date=\"2023-05-10 13:16:17\" data-filename=\"WhatsApp-Image-2023-05-10-at-11.54.48.jpeg\" data-slide-type=\"image\"><img loading=\"lazy\" decoding=\"async\" src=\"https:\/\/www.universiteahmedbaba.com\/web\/wp-content\/uploads\/2023\/05\/WhatsApp-Image-2023-05-10-at-11.54.48.jpeg\" height=\"1080\" width=\"1080\" alt=\"\" class=\"slider-1815 slide-1821 msDefaultImage\" title=\"WhatsApp Image 2023-05-10 at 11.54.48\" \/><\/li>\n                <li style=\"display: none; width: 100%;\" class=\"slide-1823 ms-image \" aria-roledescription=\"slide\" data-date=\"2023-05-10 13:17:08\" data-filename=\"WhatsApp-Image-2023-05-10-at-11.54.48-2.jpeg\" data-slide-type=\"image\"><img loading=\"lazy\" decoding=\"async\" src=\"https:\/\/www.universiteahmedbaba.com\/web\/wp-content\/uploads\/2023\/05\/WhatsApp-Image-2023-05-10-at-11.54.48-2.jpeg\" height=\"1080\" width=\"1080\" alt=\"\" class=\"slider-1815 slide-1823 msDefaultImage\" title=\"WhatsApp Image 2023-05-10 at 11.54.48 (2)\" \/><\/li>\n                <li style=\"display: none; width: 100%;\" class=\"slide-1825 ms-image \" aria-roledescription=\"slide\" data-date=\"2023-05-10 13:18:47\" data-filename=\"WhatsApp-Image-2023-05-10-at-11.54.47.jpeg\" data-slide-type=\"image\"><img loading=\"lazy\" decoding=\"async\" src=\"https:\/\/www.universiteahmedbaba.com\/web\/wp-content\/uploads\/2023\/05\/WhatsApp-Image-2023-05-10-at-11.54.47.jpeg\" height=\"1080\" width=\"1080\" alt=\"\" class=\"slider-1815 slide-1825 msDefaultImage\" title=\"WhatsApp Image 2023-05-10 at 11.54.47\" \/><\/li>\n                <li style=\"display: none; width: 100%;\" class=\"slide-1827 ms-image \" aria-roledescription=\"slide\" data-date=\"2023-05-10 13:19:51\" data-filename=\"WhatsApp-Image-2023-05-10-at-11.54.48-1.jpeg\" data-slide-type=\"image\"><img loading=\"lazy\" decoding=\"async\" src=\"https:\/\/www.universiteahmedbaba.com\/web\/wp-content\/uploads\/2023\/05\/WhatsApp-Image-2023-05-10-at-11.54.48-1.jpeg\" height=\"1080\" width=\"1080\" alt=\"\" class=\"slider-1815 slide-1827 msDefaultImage\" title=\"WhatsApp Image 2023-05-10 at 11.54.48 (1)\" \/><\/li>\n                <li style=\"display: none; width: 100%;\" class=\"slide-1829 ms-image \" aria-roledescription=\"slide\" data-date=\"2023-05-10 13:20:37\" data-filename=\"WhatsApp-Image-2023-05-10-at-11.54.47-2.jpeg\" data-slide-type=\"image\"><img loading=\"lazy\" decoding=\"async\" src=\"https:\/\/www.universiteahmedbaba.com\/web\/wp-content\/uploads\/2023\/05\/WhatsApp-Image-2023-05-10-at-11.54.47-2.jpeg\" height=\"1080\" width=\"1080\" alt=\"\" class=\"slider-1815 slide-1829 msDefaultImage\" title=\"WhatsApp Image 2023-05-10 at 11.54.47 (2)\" \/><\/li>\n                <li style=\"display: none; width: 100%;\" class=\"slide-1831 ms-image \" aria-roledescription=\"slide\" data-date=\"2023-05-10 13:21:26\" data-filename=\"WhatsApp-Image-2023-05-10-at-11.54.47-1.jpeg\" data-slide-type=\"image\"><img loading=\"lazy\" decoding=\"async\" src=\"https:\/\/www.universiteahmedbaba.com\/web\/wp-content\/uploads\/2023\/05\/WhatsApp-Image-2023-05-10-at-11.54.47-1.jpeg\" height=\"1080\" width=\"1080\" alt=\"\" class=\"slider-1815 slide-1831 msDefaultImage\" title=\"WhatsApp Image 2023-05-10 at 11.54.47 (1)\" \/><\/li>\n                <li style=\"display: none; width: 100%;\" class=\"slide-1833 ms-image \" aria-roledescription=\"slide\" data-date=\"2023-05-10 13:22:49\" data-filename=\"WhatsApp-Image-2023-05-10-at-11.54.46.jpeg\" data-slide-type=\"image\"><img loading=\"lazy\" decoding=\"async\" src=\"https:\/\/www.universiteahmedbaba.com\/web\/wp-content\/uploads\/2023\/05\/WhatsApp-Image-2023-05-10-at-11.54.46.jpeg\" height=\"1080\" width=\"1080\" alt=\"\" class=\"slider-1815 slide-1833 msDefaultImage\" title=\"WhatsApp Image 2023-05-10 at 11.54.46\" \/><\/li>\n                <li style=\"display: none; width: 100%;\" class=\"slide-1835 ms-image \" aria-roledescription=\"slide\" data-date=\"2023-05-10 13:23:37\" data-filename=\"WhatsApp-Image-2023-05-10-at-11.54.46-1.jpeg\" data-slide-type=\"image\"><img loading=\"lazy\" decoding=\"async\" src=\"https:\/\/www.universiteahmedbaba.com\/web\/wp-content\/uploads\/2023\/05\/WhatsApp-Image-2023-05-10-at-11.54.46-1.jpeg\" height=\"1080\" width=\"1080\" alt=\"\" class=\"slider-1815 slide-1835 msDefaultImage\" title=\"WhatsApp Image 2023-05-10 at 11.54.46 (1)\" \/><\/li>\n            <\/ul>\n        <\/div>\n        \n    <\/div>\n<\/div><\/span><\/strong><\/li>\n<\/ul>\n<p><span id=\"p25\">Enfin, notre programme de week-end est con\u00e7u pour s\u2019adapter \u00e0 votre emploi du temps charg\u00e9.<\/span><span id=\"p26\">\u00a0Que vous choisissiez de suivre nos cours en ligne ou en pr\u00e9sentiel, vous pourrez \u00e9tudier \u00e0 votre propre rythme et poursuivre vos \u00e9tudes tout en conciliant vos engagements professionnels et personnels.<\/span><\/p>\n<p><span id=\"p27\">Alors, rejoignez notre programme de master de week-end d\u00e8s maintenant et pr\u00e9parez-vous \u00e0 un avenir brillant et r\u00e9ussi\u00a0!<\/span><span id=\"p56\">\u00a0Nous sommes l\u00e0 pour vous aider \u00e0 atteindre vos objectifs et \u00e0 r\u00e9ussir dans votre carri\u00e8re.<\/span><\/p>\n","protected":false},"excerpt":{"rendered":"<p>Rentr\u00e9e des Masters de week-end: les inscriptions sont ouvertes jusqu&#8217;au 30 mai 2023 Nous sommes ravis de vous pr\u00e9senter notre programme de master de week-end, qui offre une formation de qualit\u00e9 sup\u00e9rieure \u00e0 un co\u00fbt abordable et qui est disponible&#8230;<br \/><a class=\"read-more-button\" href=\"https:\/\/www.universiteahmedbaba.com\/web\/universite-privee-ahmed-baba\/\">Read more<\/a><\/p>\n","protected":false},"author":4,"featured_media":0,"parent":0,"menu_order":0,"comment_status":"closed","ping_status":"closed","template":"","meta":{"_eb_attr":"","footnotes":""},"class_list":["post-1836","page","type-page","status-publish","hentry"],"featured_image_src":null,"_links":{"self":[{"href":"https:\/\/www.universiteahmedbaba.com\/web\/wp-json\/wp\/v2\/pages\/1836","targetHints":{"allow":["GET"]}}],"collection":[{"href":"https:\/\/www.universiteahmedbaba.com\/web\/wp-json\/wp\/v2\/pages"}],"about":[{"href":"https:\/\/www.universiteahmedbaba.com\/web\/wp-json\/wp\/v2\/types\/page"}],"author":[{"embeddable":true,"href":"https:\/\/www.universiteahmedbaba.com\/web\/wp-json\/wp\/v2\/users\/4"}],"replies":[{"embeddable":true,"href":"https:\/\/www.universiteahmedbaba.com\/web\/wp-json\/wp\/v2\/comments?post=1836"}],"version-history":[{"count":2,"href":"https:\/\/www.universiteahmedbaba.com\/web\/wp-json\/wp\/v2\/pages\/1836\/revisions"}],"predecessor-version":[{"id":1904,"href":"https:\/\/www.universiteahmedbaba.com\/web\/wp-json\/wp\/v2\/pages\/1836\/revisions\/1904"}],"wp:attachment":[{"href":"https:\/\/www.universiteahmedbaba.com\/web\/wp-json\/wp\/v2\/media?parent=1836"}],"curies":[{"name":"wp","href":"https:\/\/api.w.org\/{rel}","templated":true}]}}