{"id":202,"date":"2015-09-05T06:05:23","date_gmt":"2015-09-05T05:05:23","guid":{"rendered":"http:\/\/127.0.0.1\/universiteahmedbaba.com\/?page_id=202"},"modified":"2016-07-01T14:09:44","modified_gmt":"2016-07-01T13:09:44","slug":"ecole-de-journalisme-et-de-communication","status":"publish","type":"page","link":"https:\/\/www.universiteahmedbaba.com\/web\/formations\/ecole-de-journalisme-et-de-communication\/","title":{"rendered":"Ecole de journalisme et de communication"},"content":{"rendered":"<p>Pour toutes les options, et pour les deux premi\u00e8res ann\u00e9es le syst\u00e8me de tronc commun est mis en place. La sp\u00e9cialisation couvre les Licence 3, Master I, Master II et comporte les options suivantes:<\/p>\n<ul>\n<li>Communication pour le d\u00e9veloppement<\/li>\n<li>Communication institutionnelle<\/li>\n<li>Communication politique<\/li>\n<li>Journalisme Radio<\/li>\n<li>Journalisme T\u00e9l\u00e9vision<\/li>\n<li>Journalisme Web<\/li>\n<\/ul>\n<p>Grades :<\/p>\n<p>Licence professionnelle (Bac+ 3)<\/p>\n<p>C\u2019est 180 Cr\u00e9dits, six semestres d\u2019\u00e9tudes, six mois de stages sur terrain et six examens avec une moyenne d\u2019admission de 10 points sur 20.<\/p>\n<p>MASTER (BAC + 5)<\/p>\n<p>C\u2019est 120 Cr\u00e9dits apr\u00e8s la licence, soit deux semestres d\u2019\u00e9tudes, six mois de stages sur terrain et 4 examens avec une moyenne d\u2019admission de 10 points sur 20.<\/p>\n<p>Apr\u00e8s la validation des deux premiers semestres l\u2019\u00e9tudiant peux demander et obtenir un dipl\u00f4me interm\u00e9diaire appel\u00e9 Master 1 ou ma\u00eetrise.<\/p>\n","protected":false},"excerpt":{"rendered":"<p>Pour toutes les options, et pour les deux premi\u00e8res ann\u00e9es le syst\u00e8me de tronc commun est mis en place. La sp\u00e9cialisation couvre les Licence 3, Master I, Master II et comporte les options suivantes: Communication pour le d\u00e9veloppement Communication institutionnelle&#8230;<br \/><a class=\"read-more-button\" href=\"https:\/\/www.universiteahmedbaba.com\/web\/formations\/ecole-de-journalisme-et-de-communication\/\">Read more<\/a><\/p>\n","protected":false},"author":4,"featured_media":0,"parent":23,"menu_order":0,"comment_status":"closed","ping_status":"closed","template":"","meta":{"_eb_attr":"","footnotes":""},"class_list":["post-202","page","type-page","status-publish","hentry"],"featured_image_src":null,"_links":{"self":[{"href":"https:\/\/www.universiteahmedbaba.com\/web\/wp-json\/wp\/v2\/pages\/202","targetHints":{"allow":["GET"]}}],"collection":[{"href":"https:\/\/www.universiteahmedbaba.com\/web\/wp-json\/wp\/v2\/pages"}],"about":[{"href":"https:\/\/www.universiteahmedbaba.com\/web\/wp-json\/wp\/v2\/types\/page"}],"author":[{"embeddable":true,"href":"https:\/\/www.universiteahmedbaba.com\/web\/wp-json\/wp\/v2\/users\/4"}],"replies":[{"embeddable":true,"href":"https:\/\/www.universiteahmedbaba.com\/web\/wp-json\/wp\/v2\/comments?post=202"}],"version-history":[{"count":5,"href":"https:\/\/www.universiteahmedbaba.com\/web\/wp-json\/wp\/v2\/pages\/202\/revisions"}],"predecessor-version":[{"id":586,"href":"https:\/\/www.universiteahmedbaba.com\/web\/wp-json\/wp\/v2\/pages\/202\/revisions\/586"}],"up":[{"embeddable":true,"href":"https:\/\/www.universiteahmedbaba.com\/web\/wp-json\/wp\/v2\/pages\/23"}],"wp:attachment":[{"href":"https:\/\/www.universiteahmedbaba.com\/web\/wp-json\/wp\/v2\/media?parent=202"}],"curies":[{"name":"wp","href":"https:\/\/api.w.org\/{rel}","templated":true}]}}