{"id":21,"date":"2015-03-28T17:15:55","date_gmt":"2015-03-28T16:15:55","guid":{"rendered":"http:\/\/127.0.0.1\/universiteahmedbaba.com\/?page_id=21"},"modified":"2015-09-05T06:37:06","modified_gmt":"2015-09-05T05:37:06","slug":"presentation","status":"publish","type":"page","link":"https:\/\/www.universiteahmedbaba.com\/web\/presentation\/","title":{"rendered":"Pr\u00e9sentation"},"content":{"rendered":"<p>Les d\u00e9fis du d\u00e9veloppement \u00e9conomique, social, culturel et politique de l\u2019Afrique seront lev\u00e9s lorsque nous disposerons partout de ressources humaines qualifi\u00e9es et conscientes de leur r\u00f4le dans le d\u00e9veloppement du continent.<\/p>\n<p>Convaincus de cette v\u00e9rit\u00e9, nous avions d\u00e9cid\u00e9 de cr\u00e9er une universit\u00e9, ouverte \u00e0 tous les africains et toutes les pour contribuer \u00e0 la formation des futurs dirigeants Africains.<\/p>\n<p>La particularit\u00e9 de cette universit\u00e9 est le bilinguisme (anglais\/fran\u00e7ais) et le partenariat solide qu\u2019elle tisse avec les entreprises publiques et priv\u00e9es d\u2019une part, et la richesse de son comit\u00e9 scientifique d\u2019autre part.<\/p>\n<p>L\u2019Universit\u00e9 Priv\u00e9e Ahmed Baba est une structure d\u2019enseignement sup\u00e9rieur et de recherche \u00e0 caract\u00e8re scientifique, culturel et technologique, dot\u00e9e de la personnalit\u00e9 morale et de l&#8217;autonomie financi\u00e8re. Elle est administr\u00e9e par un conseil scientifique et d\u2019orientation, plus une direction technique et p\u00e9dagogique.<\/p>\n<p><strong>Le conseil scientifique et d\u2019orientation est compos\u00e9 :<\/strong><\/p>\n<ul>\n<li>De recteurs d\u2019universit\u00e9s et de directeurs de grandes \u00e9coles publiques, du directeur National de l\u2019enseignement sup\u00e9rieur et de la recherche scientifique du Mali.<\/li>\n<li>De repr\u00e9sentants du patronat malien, de la chambre de commerce et d\u2019industrie du Mali, de la chambre d\u2019agriculture, de la chambre des m\u00e9tiers, de la chambre des mines.<\/li>\n<li>Du maire du district de Bamako,<\/li>\n<li>De repr\u00e9sentants des structures de promotion de l\u2019emploi (Direction nationale de la formation professionnelle, Agence nationale pour la promotion de l\u2019emploi, Agence pour promotion de l\u2019emploi des jeunes, du Fonds d\u2019appui \u00e0 la formation professionnelle et \u00e0 l\u2019apprentissage)<\/li>\n<li>De repr\u00e9sentants d\u2019institutions sous r\u00e9gionales, charg\u00e9s de la formation (UEMOA, CEDEAO, CAMES).<\/li>\n<li>Des repr\u00e9sentants des \u00e9tudiants de l\u2019universit\u00e9,<\/li>\n<li>Des structures de l\u2019universit\u00e9<\/li>\n<\/ul>\n<p><strong>La direction technique et p\u00e9dagogique :<\/strong><\/p>\n<ul>\n<li>Le Pr\u00e9sident du Conseil d\u2019Administration, Pr\u00e9sident de l\u2019universit\u00e9<\/li>\n<li>Le Recteur, Directeur G\u00e9n\u00e9ral de l\u2019universit\u00e9<\/li>\n<li>Le secr\u00e9taire G\u00e9n\u00e9ral, Directeur des \u00e9tudes<\/li>\n<li>Le Directeur charg\u00e9 de la recherche<\/li>\n<li>Le Conseil p\u00e9dagogique<\/li>\n<li>Le Directeur de l\u2019\u00e9cole des mines et du p\u00e9trole<\/li>\n<li>Les Chefs de D\u00e9partements<\/li>\n<li>Le charg\u00e9 de la Scolarit\u00e9 et de la surveillance<\/li>\n<li>L\u2019Agent Comptable Principal<\/li>\n<li>L\u2019Inspecteur \u00e0 la qualit\u00e9 et aux normes<\/li>\n<li>Le charg\u00e9 des relations publiques et de la communication<\/li>\n<li>Les assistants.<\/li>\n<li>Le responsable de la Biblioth\u00e8que<\/li>\n<li>Le Responsable du parc informatique<\/li>\n<\/ul>\n","protected":false},"excerpt":{"rendered":"<p>Les d\u00e9fis du d\u00e9veloppement \u00e9conomique, social, culturel et politique de l\u2019Afrique seront lev\u00e9s lorsque nous disposerons partout de ressources humaines qualifi\u00e9es et conscientes de leur r\u00f4le dans le d\u00e9veloppement du continent. Convaincus de cette v\u00e9rit\u00e9, nous avions d\u00e9cid\u00e9 de cr\u00e9er&#8230;<br \/><a class=\"read-more-button\" href=\"https:\/\/www.universiteahmedbaba.com\/web\/presentation\/\">Read more<\/a><\/p>\n","protected":false},"author":4,"featured_media":0,"parent":0,"menu_order":0,"comment_status":"closed","ping_status":"open","template":"","meta":{"_eb_attr":"","footnotes":""},"class_list":["post-21","page","type-page","status-publish","hentry"],"featured_image_src":null,"_links":{"self":[{"href":"https:\/\/www.universiteahmedbaba.com\/web\/wp-json\/wp\/v2\/pages\/21","targetHints":{"allow":["GET"]}}],"collection":[{"href":"https:\/\/www.universiteahmedbaba.com\/web\/wp-json\/wp\/v2\/pages"}],"about":[{"href":"https:\/\/www.universiteahmedbaba.com\/web\/wp-json\/wp\/v2\/types\/page"}],"author":[{"embeddable":true,"href":"https:\/\/www.universiteahmedbaba.com\/web\/wp-json\/wp\/v2\/users\/4"}],"replies":[{"embeddable":true,"href":"https:\/\/www.universiteahmedbaba.com\/web\/wp-json\/wp\/v2\/comments?post=21"}],"version-history":[{"count":3,"href":"https:\/\/www.universiteahmedbaba.com\/web\/wp-json\/wp\/v2\/pages\/21\/revisions"}],"predecessor-version":[{"id":188,"href":"https:\/\/www.universiteahmedbaba.com\/web\/wp-json\/wp\/v2\/pages\/21\/revisions\/188"}],"wp:attachment":[{"href":"https:\/\/www.universiteahmedbaba.com\/web\/wp-json\/wp\/v2\/media?parent=21"}],"curies":[{"name":"wp","href":"https:\/\/api.w.org\/{rel}","templated":true}]}}