{"id":2178,"date":"2025-07-18T09:54:21","date_gmt":"2025-07-18T08:54:21","guid":{"rendered":"http:\/\/www.universiteahmedbaba.com\/web\/?page_id=2178"},"modified":"2025-08-12T08:09:49","modified_gmt":"2025-08-12T07:09:49","slug":"campus-kaboula","status":"publish","type":"page","link":"https:\/\/www.universiteahmedbaba.com\/web\/campus-kaboula\/","title":{"rendered":"Campus KABALA"},"content":{"rendered":"\n<h1 class=\"wp-block-heading\">Campus de KABALA<\/h1>\n\n\n\n<p>L&#8217;admission au sein de l&#8217;Universit\u00e9 Priv\u00e9e Ahmed Baba passe par une \u00e9tude du dossier de l&#8217;\u00e9tudiant postulant.<br>Nous vous invitons \u00e0 t\u00e9l\u00e9charger les fiches d\u2019inscription et d\u2019engagement ci-dessous et de les imprimer. Remplissez-les soigneusement \u00e0 la main et renvoyez-les-nous par la poste sous forme scann\u00e9e, accompagn\u00e9s du reste des documents demand\u00e9s pour l\u2019inscription.<\/p>\n\n\n\n<ul class=\"wp-block-list\">\n<li><a href=\"http:\/\/www.universiteahmedbaba.com\/web\/wp-content\/uploads\/2017\/07\/FICHE-DINSCRIPTION-UPAB-AUL.pdf\">Fiche d&#8217;inscription UPAB &#8211; AUL<\/a><\/li>\n\n\n\n<li><a href=\"http:\/\/www.universiteahmedbaba.com\/web\/wp-content\/uploads\/2017\/07\/FICHE-DENGAGEMENT-AUL-UPAB.pdf\">Fiche d&#8217;engagement UPAB &#8211; AUL<\/a><\/li>\n\n\n\n<li><a href=\"http:\/\/www.universiteahmedbaba.com\/web\/wp-content\/uploads\/2017\/07\/FICHE-DENGAGEMENT-UPAB-ASL.pdf\">Fiche d&#8217;engagement UPAB &#8211; ASL<\/a><\/li>\n<\/ul>\n\n\n\n<p>Apr\u00e8s la r\u00e9ception de votre dossier, nous vous communiquerons le compte bancaire sur lequel vous devez faire le payement des frais d\u2019inscription.<br>Pour vous pr\u00e9inscrire, utilisez le formulaire ci-dessus et pour vous inscrire en ligne, cliquez sur le bouton ci-dessous :<\/p>\n\n\n\n<div class=\"wp-block-buttons has-custom-font-size has-small-font-size is-layout-flex wp-block-buttons-is-layout-flex\">\n<div class=\"wp-block-button\"><a class=\"wp-block-button__link has-background has-medium-font-size has-custom-font-size wp-element-button\" href=\"http:\/\/www.universiteahmedbaba.com\/web\/inscription-sans-depot-dossiers-2\/\" style=\"background-color:#8c613b\">Inscription en ligne<\/a><\/div>\n<\/div>\n","protected":false},"excerpt":{"rendered":"<p>Campus de KABALA L&#8217;admission au sein de l&#8217;Universit\u00e9 Priv\u00e9e Ahmed Baba passe par une \u00e9tude du dossier de l&#8217;\u00e9tudiant postulant.Nous vous invitons \u00e0 t\u00e9l\u00e9charger les fiches d\u2019inscription et d\u2019engagement ci-dessous et de les imprimer. Remplissez-les soigneusement \u00e0 la main et&#8230;<br \/><a class=\"read-more-button\" href=\"https:\/\/www.universiteahmedbaba.com\/web\/campus-kaboula\/\">Read more<\/a><\/p>\n","protected":false},"author":8,"featured_media":0,"parent":0,"menu_order":0,"comment_status":"closed","ping_status":"closed","template":"","meta":{"_eb_attr":"","footnotes":""},"class_list":["post-2178","page","type-page","status-publish","hentry"],"featured_image_src":null,"_links":{"self":[{"href":"https:\/\/www.universiteahmedbaba.com\/web\/wp-json\/wp\/v2\/pages\/2178","targetHints":{"allow":["GET"]}}],"collection":[{"href":"https:\/\/www.universiteahmedbaba.com\/web\/wp-json\/wp\/v2\/pages"}],"about":[{"href":"https:\/\/www.universiteahmedbaba.com\/web\/wp-json\/wp\/v2\/types\/page"}],"author":[{"embeddable":true,"href":"https:\/\/www.universiteahmedbaba.com\/web\/wp-json\/wp\/v2\/users\/8"}],"replies":[{"embeddable":true,"href":"https:\/\/www.universiteahmedbaba.com\/web\/wp-json\/wp\/v2\/comments?post=2178"}],"version-history":[{"count":13,"href":"https:\/\/www.universiteahmedbaba.com\/web\/wp-json\/wp\/v2\/pages\/2178\/revisions"}],"predecessor-version":[{"id":2351,"href":"https:\/\/www.universiteahmedbaba.com\/web\/wp-json\/wp\/v2\/pages\/2178\/revisions\/2351"}],"wp:attachment":[{"href":"https:\/\/www.universiteahmedbaba.com\/web\/wp-json\/wp\/v2\/media?parent=2178"}],"curies":[{"name":"wp","href":"https:\/\/api.w.org\/{rel}","templated":true}]}}