{"id":2186,"date":"2025-07-18T10:02:52","date_gmt":"2025-07-18T09:02:52","guid":{"rendered":"http:\/\/www.universiteahmedbaba.com\/web\/?page_id=2186"},"modified":"2025-08-11T12:54:19","modified_gmt":"2025-08-11T11:54:19","slug":"mot-du-president","status":"publish","type":"page","link":"https:\/\/www.universiteahmedbaba.com\/web\/mot-du-president\/","title":{"rendered":"Mot du Pr\u00e9sident"},"content":{"rendered":"\n<h1 class=\"wp-block-heading\">Mot du Pr\u00e9sident<\/h1>\n\n\n\n<p>Le conseil d\u2019administration de l\u2019Universit\u00e9 qui est l\u2019instance de concertation et d\u2019orientation, est pr\u00e9sid\u00e9 par le pr\u00e9sident et comprend les actionnaires, le recteur, l\u2019inspecteur \u00e0 la qualit\u00e9, le directeur du centre de formation continue et de la recherche pour le d\u00e9veloppement durable, les directeurs des instituts, l\u2019agent comptable principal, le Directeur National de l\u2019Enseignement Sup\u00e9rieur et de la Recherche Scientifique, le Maire du district de Bamako, le Directeur national de la formation professionnelle, le Pr\u00e9sident de la Chambre de Commerce et d\u2019Industrie du Mali, le Pr\u00e9sident du Patronat du Mali, le Pr\u00e9sident de la Chambre des Mines, le pr\u00e9sident de l\u2019APCAM, le Pr\u00e9sident de la chambre des m\u00e9tiers, le repr\u00e9sentant des professeurs, repr\u00e9sentant des \u00e9tudiants. Il se r\u00e9unit au moins une fois par an et peut-\u00eatre convoqu\u00e9 aussi souvent que de besoin sur convocation du Pr\u00e9sident de l\u2019universit\u00e9.<\/p>\n<div id=\"attachment_696\" style=\"width: 310px\" class=\"wp-caption aligncenter\"><a href=\"http:\/\/www.universiteahmedbaba.com\/web\/wp-content\/uploads\/2015\/04\/OusmaneDrame.jpg\"><img fetchpriority=\"high\" decoding=\"async\" aria-describedby=\"caption-attachment-696\" class=\"wp-image-696 size-medium\" src=\"http:\/\/www.universiteahmedbaba.com\/web\/wp-content\/uploads\/2015\/04\/OusmaneDrame-300x300.jpg\" alt=\"Ousmane Drame, Pr\u00e9sident du Conseil de l'UPAB\" width=\"300\" height=\"300\" srcset=\"https:\/\/www.universiteahmedbaba.com\/web\/wp-content\/uploads\/2015\/04\/OusmaneDrame-300x300.jpg 300w, https:\/\/www.universiteahmedbaba.com\/web\/wp-content\/uploads\/2015\/04\/OusmaneDrame-150x150.jpg 150w, https:\/\/www.universiteahmedbaba.com\/web\/wp-content\/uploads\/2015\/04\/OusmaneDrame.jpg 400w\" sizes=\"(max-width: 300px) 100vw, 300px\" \/><\/a><p id=\"caption-attachment-696\" class=\"wp-caption-text\">Ousmane Drame, Pr\u00e9sident du Conseil de l&#8217;UPAB<\/p><\/div>\n\n\n\n<p><\/p>\n","protected":false},"excerpt":{"rendered":"<p>Mot du Pr\u00e9sident Le conseil d\u2019administration de l\u2019Universit\u00e9 qui est l\u2019instance de concertation et d\u2019orientation, est pr\u00e9sid\u00e9 par le pr\u00e9sident et comprend les actionnaires, le recteur, l\u2019inspecteur \u00e0 la qualit\u00e9, le directeur du centre de formation continue et de la&#8230;<br \/><a class=\"read-more-button\" href=\"https:\/\/www.universiteahmedbaba.com\/web\/mot-du-president\/\">Read more<\/a><\/p>\n","protected":false},"author":8,"featured_media":0,"parent":0,"menu_order":0,"comment_status":"closed","ping_status":"closed","template":"","meta":{"_eb_attr":"","footnotes":""},"class_list":["post-2186","page","type-page","status-publish","hentry"],"featured_image_src":null,"_links":{"self":[{"href":"https:\/\/www.universiteahmedbaba.com\/web\/wp-json\/wp\/v2\/pages\/2186","targetHints":{"allow":["GET"]}}],"collection":[{"href":"https:\/\/www.universiteahmedbaba.com\/web\/wp-json\/wp\/v2\/pages"}],"about":[{"href":"https:\/\/www.universiteahmedbaba.com\/web\/wp-json\/wp\/v2\/types\/page"}],"author":[{"embeddable":true,"href":"https:\/\/www.universiteahmedbaba.com\/web\/wp-json\/wp\/v2\/users\/8"}],"replies":[{"embeddable":true,"href":"https:\/\/www.universiteahmedbaba.com\/web\/wp-json\/wp\/v2\/comments?post=2186"}],"version-history":[{"count":7,"href":"https:\/\/www.universiteahmedbaba.com\/web\/wp-json\/wp\/v2\/pages\/2186\/revisions"}],"predecessor-version":[{"id":2300,"href":"https:\/\/www.universiteahmedbaba.com\/web\/wp-json\/wp\/v2\/pages\/2186\/revisions\/2300"}],"wp:attachment":[{"href":"https:\/\/www.universiteahmedbaba.com\/web\/wp-json\/wp\/v2\/media?parent=2186"}],"curies":[{"name":"wp","href":"https:\/\/api.w.org\/{rel}","templated":true}]}}