{"id":2188,"date":"2025-07-18T10:04:20","date_gmt":"2025-07-18T09:04:20","guid":{"rendered":"http:\/\/www.universiteahmedbaba.com\/web\/?page_id=2188"},"modified":"2025-08-27T08:47:50","modified_gmt":"2025-08-27T07:47:50","slug":"direction","status":"publish","type":"page","link":"https:\/\/www.universiteahmedbaba.com\/web\/direction\/","title":{"rendered":"Direction"},"content":{"rendered":"\t\t<div data-elementor-type=\"wp-page\" data-elementor-id=\"2188\" class=\"elementor elementor-2188\" data-elementor-settings=\"{&quot;ha_cmc_init_switcher&quot;:&quot;no&quot;}\">\n\t\t\t\t<div class=\"elementor-element elementor-element-6f51fcb e-grid e-con-boxed e-con e-parent\" data-id=\"6f51fcb\" data-element_type=\"container\" data-settings=\"{&quot;_ha_eqh_enable&quot;:false}\">\n\t\t\t\t\t<div class=\"e-con-inner\">\n\t\t\t\t<div class=\"elementor-element elementor-element-0e628b4 elementor-widget elementor-widget-heading\" data-id=\"0e628b4\" data-element_type=\"widget\" data-widget_type=\"heading.default\">\n\t\t\t\t\t<h1 class=\"elementor-heading-title elementor-size-default\">\u00c9quipe Administrative de l'UPAB <\/h1>\t\t\t\t<\/div>\n\t\t\t\t<div class=\"elementor-element elementor-element-4de0d14 elementor-widget elementor-widget-text-editor\" data-id=\"4de0d14\" data-element_type=\"widget\" data-widget_type=\"text-editor.default\">\n\t\t\t\t\t\t\t\t\t<p>La Direction de l&#8217;UPAB est compos\u00e9e des membres ci-apr\u00e8s :<\/p>\t\t\t\t\t\t\t\t<\/div>\n\t\t\t\t\t<\/div>\n\t\t\t\t<\/div>\n\t\t<div class=\"elementor-element elementor-element-880ac26 e-con-full e-flex e-con e-parent\" data-id=\"880ac26\" data-element_type=\"container\" data-settings=\"{&quot;_ha_eqh_enable&quot;:false}\">\n\t\t\t\t<div class=\"elementor-element elementor-element-85564da elementor-widget__width-initial elementor-position-top elementor-widget elementor-widget-image-box\" data-id=\"85564da\" data-element_type=\"widget\" data-widget_type=\"image-box.default\">\n\t\t\t\t\t<div class=\"elementor-image-box-wrapper\"><figure class=\"elementor-image-box-img\"><img fetchpriority=\"high\" decoding=\"async\" width=\"300\" height=\"300\" src=\"https:\/\/www.universiteahmedbaba.com\/web\/wp-content\/uploads\/2025\/08\/OusmaneDrame-300x300-1.jpg\" class=\"attachment-full size-full wp-image-2247\" alt=\"\" srcset=\"https:\/\/www.universiteahmedbaba.com\/web\/wp-content\/uploads\/2025\/08\/OusmaneDrame-300x300-1.jpg 300w, https:\/\/www.universiteahmedbaba.com\/web\/wp-content\/uploads\/2025\/08\/OusmaneDrame-300x300-1-150x150.jpg 150w\" sizes=\"(max-width: 300px) 100vw, 300px\" \/><\/figure><div class=\"elementor-image-box-content\"><h3 class=\"elementor-image-box-title\">Ousmane DRAM\u00c9 <\/h3><p class=\"elementor-image-box-description\">Pr\u00e9sident de l'Universit\u00e9 Priv\u00e9e Ahmed Baba (UPAB)<\/p><\/div><\/div>\t\t\t\t<\/div>\n\t\t\t\t<\/div>\n\t\t<div class=\"elementor-element elementor-element-7d0c98a e-grid e-con-boxed e-con e-parent\" data-id=\"7d0c98a\" data-element_type=\"container\" data-settings=\"{&quot;_ha_eqh_enable&quot;:&quot;yes&quot;,&quot;_ha_eqh_widget&quot;:[&quot;image-box&quot;],&quot;_ha_eqh_to&quot;:&quot;widget&quot;,&quot;_ha_eqh_disable_on_tablet&quot;:&quot;no&quot;,&quot;_ha_eqh_disable_on_mobile&quot;:&quot;yes&quot;}\">\n\t\t\t\t\t<div class=\"e-con-inner\">\n\t\t\t\t<div class=\"elementor-element elementor-element-0846fe9 elementor-position-top elementor-widget elementor-widget-image-box\" data-id=\"0846fe9\" data-element_type=\"widget\" data-widget_type=\"image-box.default\">\n\t\t\t\t\t<div class=\"elementor-image-box-wrapper\"><figure class=\"elementor-image-box-img\"><img decoding=\"async\" width=\"275\" height=\"315\" src=\"https:\/\/www.universiteahmedbaba.com\/web\/wp-content\/uploads\/2025\/08\/Dr-Oumar-PLEA.jpg\" class=\"attachment-full size-full wp-image-2575\" alt=\"\" srcset=\"https:\/\/www.universiteahmedbaba.com\/web\/wp-content\/uploads\/2025\/08\/Dr-Oumar-PLEA.jpg 275w, https:\/\/www.universiteahmedbaba.com\/web\/wp-content\/uploads\/2025\/08\/Dr-Oumar-PLEA-262x300.jpg 262w\" sizes=\"(max-width: 275px) 100vw, 275px\" \/><\/figure><div class=\"elementor-image-box-content\"><h3 class=\"elementor-image-box-title\">Dr Oumar PLEA<\/h3><p class=\"elementor-image-box-description\">Responsable Assurance Qualit\u00e9 et Innovation<\/p><\/div><\/div>\t\t\t\t<\/div>\n\t\t\t\t<div class=\"elementor-element elementor-element-8535b3a elementor-position-top elementor-widget elementor-widget-image-box\" data-id=\"8535b3a\" data-element_type=\"widget\" data-widget_type=\"image-box.default\">\n\t\t\t\t\t<div class=\"elementor-image-box-wrapper\"><figure class=\"elementor-image-box-img\"><img decoding=\"async\" width=\"275\" height=\"315\" src=\"https:\/\/www.universiteahmedbaba.com\/web\/wp-content\/uploads\/2025\/08\/Photo-N-A.jpg\" class=\"attachment-full size-full wp-image-2254\" alt=\"\" srcset=\"https:\/\/www.universiteahmedbaba.com\/web\/wp-content\/uploads\/2025\/08\/Photo-N-A.jpg 275w, https:\/\/www.universiteahmedbaba.com\/web\/wp-content\/uploads\/2025\/08\/Photo-N-A-262x300.jpg 262w\" sizes=\"(max-width: 275px) 100vw, 275px\" \/><\/figure><div class=\"elementor-image-box-content\"><h3 class=\"elementor-image-box-title\">Pr Noble AKAM<\/h3><p class=\"elementor-image-box-description\">Recteur de l\u2019UPAB.<\/p><\/div><\/div>\t\t\t\t<\/div>\n\t\t\t\t<div class=\"elementor-element elementor-element-2699b4d elementor-position-top elementor-widget elementor-widget-image-box\" data-id=\"2699b4d\" data-element_type=\"widget\" data-widget_type=\"image-box.default\">\n\t\t\t\t\t<div class=\"elementor-image-box-wrapper\"><figure class=\"elementor-image-box-img\"><img loading=\"lazy\" decoding=\"async\" width=\"275\" height=\"315\" src=\"https:\/\/www.universiteahmedbaba.com\/web\/wp-content\/uploads\/2025\/08\/Dr-Modibo-KANTE.jpg\" class=\"attachment-full size-full wp-image-2564\" alt=\"\" srcset=\"https:\/\/www.universiteahmedbaba.com\/web\/wp-content\/uploads\/2025\/08\/Dr-Modibo-KANTE.jpg 275w, https:\/\/www.universiteahmedbaba.com\/web\/wp-content\/uploads\/2025\/08\/Dr-Modibo-KANTE-262x300.jpg 262w\" sizes=\"(max-width: 275px) 100vw, 275px\" \/><\/figure><div class=\"elementor-image-box-content\"><h3 class=\"elementor-image-box-title\">Dr Modibo KANTE<\/h3><p class=\"elementor-image-box-description\">Responsable de l\u2019Ecole de Mines et de P\u00e9trole<\/p><\/div><\/div>\t\t\t\t<\/div>\n\t\t\t\t<div class=\"elementor-element elementor-element-a8cd4ae elementor-position-top elementor-widget elementor-widget-image-box\" data-id=\"a8cd4ae\" data-element_type=\"widget\" data-widget_type=\"image-box.default\">\n\t\t\t\t\t<div class=\"elementor-image-box-wrapper\"><figure class=\"elementor-image-box-img\"><img loading=\"lazy\" decoding=\"async\" width=\"275\" height=\"315\" src=\"https:\/\/www.universiteahmedbaba.com\/web\/wp-content\/uploads\/2025\/08\/Dr-Bakary-TRAORE.jpg\" class=\"attachment-full size-full wp-image-2568\" alt=\"\" srcset=\"https:\/\/www.universiteahmedbaba.com\/web\/wp-content\/uploads\/2025\/08\/Dr-Bakary-TRAORE.jpg 275w, https:\/\/www.universiteahmedbaba.com\/web\/wp-content\/uploads\/2025\/08\/Dr-Bakary-TRAORE-262x300.jpg 262w\" sizes=\"(max-width: 275px) 100vw, 275px\" \/><\/figure><div class=\"elementor-image-box-content\"><h3 class=\"elementor-image-box-title\">Dr Bakary TRAOR\u00c9<\/h3><p class=\"elementor-image-box-description\">Directeur de l\u2019EJOCOB et de l'annexe De KABALA<\/p><\/div><\/div>\t\t\t\t<\/div>\n\t\t\t\t<div class=\"elementor-element elementor-element-2b86779 elementor-position-top elementor-widget elementor-widget-image-box\" data-id=\"2b86779\" data-element_type=\"widget\" data-widget_type=\"image-box.default\">\n\t\t\t\t\t<div class=\"elementor-image-box-wrapper\"><figure class=\"elementor-image-box-img\"><img loading=\"lazy\" decoding=\"async\" width=\"275\" height=\"315\" src=\"https:\/\/www.universiteahmedbaba.com\/web\/wp-content\/uploads\/2025\/08\/Dr-Boula-KANOUTE.jpg\" class=\"attachment-full size-full wp-image-2570\" alt=\"\" srcset=\"https:\/\/www.universiteahmedbaba.com\/web\/wp-content\/uploads\/2025\/08\/Dr-Boula-KANOUTE.jpg 275w, https:\/\/www.universiteahmedbaba.com\/web\/wp-content\/uploads\/2025\/08\/Dr-Boula-KANOUTE-262x300.jpg 262w\" sizes=\"(max-width: 275px) 100vw, 275px\" \/><\/figure><div class=\"elementor-image-box-content\"><h3 class=\"elementor-image-box-title\">Dr Boula KANOUT\u00c9<\/h3><p class=\"elementor-image-box-description\">Responsable de l'ISEG<\/p><\/div><\/div>\t\t\t\t<\/div>\n\t\t\t\t<div class=\"elementor-element elementor-element-c27f435 elementor-position-top elementor-widget elementor-widget-image-box\" data-id=\"c27f435\" data-element_type=\"widget\" data-widget_type=\"image-box.default\">\n\t\t\t\t\t<div class=\"elementor-image-box-wrapper\"><figure class=\"elementor-image-box-img\"><img loading=\"lazy\" decoding=\"async\" width=\"275\" height=\"315\" src=\"https:\/\/www.universiteahmedbaba.com\/web\/wp-content\/uploads\/2025\/08\/Pr-Fadaba-DANIOKO.jpg\" class=\"attachment-full size-full wp-image-2571\" alt=\"\" srcset=\"https:\/\/www.universiteahmedbaba.com\/web\/wp-content\/uploads\/2025\/08\/Pr-Fadaba-DANIOKO.jpg 275w, https:\/\/www.universiteahmedbaba.com\/web\/wp-content\/uploads\/2025\/08\/Pr-Fadaba-DANIOKO-262x300.jpg 262w\" sizes=\"(max-width: 275px) 100vw, 275px\" \/><\/figure><div class=\"elementor-image-box-content\"><h3 class=\"elementor-image-box-title\">Pr Fadaba DANIOKO<\/h3><p class=\"elementor-image-box-description\">Directeur de l\u2019\u00c9cole Polytechnique.<\/p><\/div><\/div>\t\t\t\t<\/div>\n\t\t\t\t<div class=\"elementor-element elementor-element-c4954e4 elementor-position-top elementor-widget elementor-widget-image-box\" data-id=\"c4954e4\" data-element_type=\"widget\" data-widget_type=\"image-box.default\">\n\t\t\t\t\t<div class=\"elementor-image-box-wrapper\"><figure class=\"elementor-image-box-img\"><img loading=\"lazy\" decoding=\"async\" width=\"275\" height=\"315\" src=\"https:\/\/www.universiteahmedbaba.com\/web\/wp-content\/uploads\/2025\/08\/Pr-Mamadou-Bakaye-DEMBELE.jpg\" class=\"attachment-full size-full wp-image-2572\" alt=\"\" srcset=\"https:\/\/www.universiteahmedbaba.com\/web\/wp-content\/uploads\/2025\/08\/Pr-Mamadou-Bakaye-DEMBELE.jpg 275w, https:\/\/www.universiteahmedbaba.com\/web\/wp-content\/uploads\/2025\/08\/Pr-Mamadou-Bakaye-DEMBELE-262x300.jpg 262w\" sizes=\"(max-width: 275px) 100vw, 275px\" \/><\/figure><div class=\"elementor-image-box-content\"><h3 class=\"elementor-image-box-title\">Pr Mamadou Bakaye DEMBELE<\/h3><p class=\"elementor-image-box-description\">Responsable de la Facult\u00e9 de Droit<\/p><\/div><\/div>\t\t\t\t<\/div>\n\t\t\t\t<div class=\"elementor-element elementor-element-7a34c8c elementor-position-top elementor-widget elementor-widget-image-box\" data-id=\"7a34c8c\" data-element_type=\"widget\" data-widget_type=\"image-box.default\">\n\t\t\t\t\t<div class=\"elementor-image-box-wrapper\"><figure class=\"elementor-image-box-img\"><img loading=\"lazy\" decoding=\"async\" width=\"275\" height=\"315\" src=\"https:\/\/www.universiteahmedbaba.com\/web\/wp-content\/uploads\/2025\/08\/M-Pascal-Oniangue.jpg\" class=\"attachment-full size-full wp-image-2573\" alt=\"\" srcset=\"https:\/\/www.universiteahmedbaba.com\/web\/wp-content\/uploads\/2025\/08\/M-Pascal-Oniangue.jpg 275w, https:\/\/www.universiteahmedbaba.com\/web\/wp-content\/uploads\/2025\/08\/M-Pascal-Oniangue-262x300.jpg 262w\" sizes=\"(max-width: 275px) 100vw, 275px\" \/><\/figure><div class=\"elementor-image-box-content\"><h3 class=\"elementor-image-box-title\">M. Pascal Oniangue<\/h3><p class=\"elementor-image-box-description\">Secr\u00e9taire G\u00e9n\u00e9ral<\/p><\/div><\/div>\t\t\t\t<\/div>\n\t\t\t\t<div class=\"elementor-element elementor-element-0f298ee elementor-position-top elementor-widget elementor-widget-image-box\" data-id=\"0f298ee\" data-element_type=\"widget\" data-widget_type=\"image-box.default\">\n\t\t\t\t\t<div class=\"elementor-image-box-wrapper\"><figure class=\"elementor-image-box-img\"><img loading=\"lazy\" decoding=\"async\" width=\"275\" height=\"315\" src=\"https:\/\/www.universiteahmedbaba.com\/web\/wp-content\/uploads\/2025\/08\/Pr-Berthe-TAHIROU.jpg\" class=\"attachment-full size-full wp-image-2574\" alt=\"\" srcset=\"https:\/\/www.universiteahmedbaba.com\/web\/wp-content\/uploads\/2025\/08\/Pr-Berthe-TAHIROU.jpg 275w, https:\/\/www.universiteahmedbaba.com\/web\/wp-content\/uploads\/2025\/08\/Pr-Berthe-TAHIROU-262x300.jpg 262w\" sizes=\"(max-width: 275px) 100vw, 275px\" \/><\/figure><div class=\"elementor-image-box-content\"><h3 class=\"elementor-image-box-title\">Pr Berth\u00e9 TAHIROU<\/h3><p class=\"elementor-image-box-description\">Surveillant G\u00e9n\u00e9ral<\/p><\/div><\/div>\t\t\t\t<\/div>\n\t\t\t\t\t<\/div>\n\t\t\t\t<\/div>\n\t\t\t\t<\/div>\n\t\t","protected":false},"excerpt":{"rendered":"<p>\u00c9quipe Administrative de l&#8217;UPAB La Direction de l&#8217;UPAB est compos\u00e9e des membres ci-apr\u00e8s : Ousmane DRAM\u00c9 Pr\u00e9sident de l&#8217;Universit\u00e9 Priv\u00e9e Ahmed Baba (UPAB) Dr Oumar PLEA Responsable Assurance Qualit\u00e9 et Innovation Pr Noble AKAM Recteur de l\u2019UPAB. Dr Modibo KANTE&#8230;<br \/><a class=\"read-more-button\" href=\"https:\/\/www.universiteahmedbaba.com\/web\/direction\/\">Read more<\/a><\/p>\n","protected":false},"author":8,"featured_media":0,"parent":0,"menu_order":0,"comment_status":"closed","ping_status":"closed","template":"","meta":{"_eb_attr":"","footnotes":""},"class_list":["post-2188","page","type-page","status-publish","hentry"],"featured_image_src":null,"_links":{"self":[{"href":"https:\/\/www.universiteahmedbaba.com\/web\/wp-json\/wp\/v2\/pages\/2188","targetHints":{"allow":["GET"]}}],"collection":[{"href":"https:\/\/www.universiteahmedbaba.com\/web\/wp-json\/wp\/v2\/pages"}],"about":[{"href":"https:\/\/www.universiteahmedbaba.com\/web\/wp-json\/wp\/v2\/types\/page"}],"author":[{"embeddable":true,"href":"https:\/\/www.universiteahmedbaba.com\/web\/wp-json\/wp\/v2\/users\/8"}],"replies":[{"embeddable":true,"href":"https:\/\/www.universiteahmedbaba.com\/web\/wp-json\/wp\/v2\/comments?post=2188"}],"version-history":[{"count":54,"href":"https:\/\/www.universiteahmedbaba.com\/web\/wp-json\/wp\/v2\/pages\/2188\/revisions"}],"predecessor-version":[{"id":2659,"href":"https:\/\/www.universiteahmedbaba.com\/web\/wp-json\/wp\/v2\/pages\/2188\/revisions\/2659"}],"wp:attachment":[{"href":"https:\/\/www.universiteahmedbaba.com\/web\/wp-json\/wp\/v2\/media?parent=2188"}],"curies":[{"name":"wp","href":"https:\/\/api.w.org\/{rel}","templated":true}]}}