{"id":2203,"date":"2025-07-18T11:02:09","date_gmt":"2025-07-18T10:02:09","guid":{"rendered":"http:\/\/www.universiteahmedbaba.com\/web\/?page_id=2203"},"modified":"2025-07-18T11:08:55","modified_gmt":"2025-07-18T10:08:55","slug":"formation-en-alternance","status":"publish","type":"page","link":"https:\/\/www.universiteahmedbaba.com\/web\/formation-en-alternance\/","title":{"rendered":"Formation en Alternance"},"content":{"rendered":"\n<p>L\u2019alternance est un syst\u00e8me de formation qui combine l\u2019enseignement th\u00e9orique en \u00e9tablissement et les exp\u00e9riences pratiques en entreprise.<\/p>\n\n\n\n<p>\u00c0 l\u2019UPAB, il est possible de faire une formation en alternance dans les domaines suivants\u00a0: en exploitation mini\u00e8re, g\u00e9nie civil, \u00e9lectrom\u00e9canique, g\u00e9nie industriel, droit (public et priv\u00e9), \u00e9conomie, gestion, journalisme et communication.<\/p>\n\n\n\n<p>L\u2019inscription en alternance \u00e0 l\u2019UPAB se passe en deux options&nbsp;:<\/p>\n\n\n\n<ul class=\"wp-block-list\">\n<li>deux semaines de cours en pr\u00e9sentiel \u00e0 l\u2019universit\u00e9 et deux semaines de pratique en entreprise ;<\/li>\n\n\n\n<li>Selon les conditions de l\u2019entreprise d\u2019accueil, il est possible de suivre les cours dans la matin\u00e9e \u00e0 l\u2019universit\u00e9 en pr\u00e9sentiel et de faire les pratiques dans l\u2019apr\u00e8s-midi en entreprise.<\/li>\n<\/ul>\n","protected":false},"excerpt":{"rendered":"<p>L\u2019alternance est un syst\u00e8me de formation qui combine l\u2019enseignement th\u00e9orique en \u00e9tablissement et les exp\u00e9riences pratiques en entreprise. \u00c0 l\u2019UPAB, il est possible de faire une formation en alternance dans les domaines suivants\u00a0: en exploitation mini\u00e8re, g\u00e9nie civil, \u00e9lectrom\u00e9canique, g\u00e9nie&#8230;<br \/><a class=\"read-more-button\" href=\"https:\/\/www.universiteahmedbaba.com\/web\/formation-en-alternance\/\">Read more<\/a><\/p>\n","protected":false},"author":8,"featured_media":0,"parent":0,"menu_order":0,"comment_status":"closed","ping_status":"closed","template":"","meta":{"_eb_attr":"","footnotes":""},"class_list":["post-2203","page","type-page","status-publish","hentry"],"featured_image_src":null,"_links":{"self":[{"href":"https:\/\/www.universiteahmedbaba.com\/web\/wp-json\/wp\/v2\/pages\/2203","targetHints":{"allow":["GET"]}}],"collection":[{"href":"https:\/\/www.universiteahmedbaba.com\/web\/wp-json\/wp\/v2\/pages"}],"about":[{"href":"https:\/\/www.universiteahmedbaba.com\/web\/wp-json\/wp\/v2\/types\/page"}],"author":[{"embeddable":true,"href":"https:\/\/www.universiteahmedbaba.com\/web\/wp-json\/wp\/v2\/users\/8"}],"replies":[{"embeddable":true,"href":"https:\/\/www.universiteahmedbaba.com\/web\/wp-json\/wp\/v2\/comments?post=2203"}],"version-history":[{"count":2,"href":"https:\/\/www.universiteahmedbaba.com\/web\/wp-json\/wp\/v2\/pages\/2203\/revisions"}],"predecessor-version":[{"id":2206,"href":"https:\/\/www.universiteahmedbaba.com\/web\/wp-json\/wp\/v2\/pages\/2203\/revisions\/2206"}],"wp:attachment":[{"href":"https:\/\/www.universiteahmedbaba.com\/web\/wp-json\/wp\/v2\/media?parent=2203"}],"curies":[{"name":"wp","href":"https:\/\/api.w.org\/{rel}","templated":true}]}}