{"id":25,"date":"2015-03-28T17:19:43","date_gmt":"2015-03-28T16:19:43","guid":{"rendered":"http:\/\/127.0.0.1\/universiteahmedbaba.com\/?page_id=25"},"modified":"2017-03-13T22:03:31","modified_gmt":"2017-03-13T21:03:31","slug":"ecole-des-mines-et-du-petrole","status":"publish","type":"page","link":"https:\/\/www.universiteahmedbaba.com\/web\/formations\/ecole-des-mines-et-du-petrole\/","title":{"rendered":"Ecole des Mines et du P\u00e9trole"},"content":{"rendered":"<p>L\u2019\u00e9cole des mines de l&#8217;Universit\u00e9 Priv\u00e9e Ahmed Baba est leader dans le domaine de la formation\u00a0d&#8217;experts dans les diff\u00e9rents domaines miniers. Le cursus des \u00e9tudiants en mines et p\u00e9trole est \u00e9troitement li\u00e9 au travaux pratiques en laboratoires sp\u00e9cialis\u00e9s et est couronn\u00e9 par des stages dans les mines partenaires de l&#8217;universit\u00e9.<\/p>\n<p>Pour toutes les options et pour les deux premi\u00e8res ann\u00e9es, le syst\u00e8me de tronc commun est mis en place. La sp\u00e9cialisation couvre les Licence 3, Master I, Master II et comporte les options suivantes:<\/p>\n<p>Conditions d\u2019acc\u00e8s :Baccalaur\u00e9at s\u00e9rie scientifique (SE, SB, TI, TE, TGC) ou dipl\u00f4me de technicien (BT2) s\u00e9rie scientifique ou \u00e9quivalent + cours de mise \u00e0 niveau + 2 ans d\u2019exp\u00e9rience.<\/p>\n<p><a href=\"http:\/\/www.universiteahmedbaba.com\/web\/formations\/ecole-des-mines-et-du-petrole\/programme-tronc-commun-semestre-1-a-4\/\">Programme de tronc commun (L1 &amp; L2)<\/a><\/p>\n<p>Grades :<\/p>\n<p>Licence professionnelle (Bac+ 3)<\/p>\n<p>C\u2019est 180 Cr\u00e9dits, six semestres d\u2019\u00e9tudes, six mois de stages sur terrain et six examens avec une moyenne d\u2019admission de 10 points sur 20.<\/p>\n<p><a href=\"http:\/\/www.universiteahmedbaba.com\/web\/formations\/ecole-des-mines-et-du-petrole\/programme-l3-analyse-traitement-minerais-semestre-5-a-6\/\">LP3 &#8211; Traitement du minerai<\/a><\/p>\n<p><a href=\"http:\/\/www.universiteahmedbaba.com\/web\/formations\/ecole-des-mines-et-du-petrole\/licence-exploration-exploitation-miniere-petroliere\/\">LP3 &#8211; Prospection\/Exploitation des mines<\/a><\/p>\n<p>LP3 &#8211; Economie mini\u00e8re<\/p>\n<p>LP3 &#8211; Economie p\u00e9troli\u00e8re<\/p>\n<p>LP3 \u2013G\u00e9ologie p\u00e9troli\u00e8re<\/p>\n<p>LP3 \u2013G\u00e9ologie mini\u00e8re<\/p>\n<p>LP3 &#8211; G\u00e9ophysique<\/p>\n<p><a href=\"http:\/\/www.universiteahmedbaba.com\/web\/formations\/ecole-des-mines-et-du-petrole\/programme-l3-prospection-miniere-semestre-5-a-6\/\">LP3 &#8211; Exploitation\/Prospection mini\u00e8re<\/a><\/p>\n<p>LP3 &#8211; \u00c9nergie Renouvelable<\/p>\n<p>A la fin de la Licence professionnelle, l\u2019\u00e9tudiant effectuera trois mois de stage pratique obligatoire avant de pr\u00e9senter son rapport devant un jury.<\/p>\n<p>LE MASTER (Bac + 5)<\/p>\n<p>C\u2019est 120 Cr\u00e9dits apr\u00e8s la licence, soit deux semestres d\u2019\u00e9tudes, six mois de stages sur terrain et 4 examens avec une moyenne d\u2019admission de 10 points sur 20.<\/p>\n<p>LE PROGRAMME DU DEUXIEME SEMESTRE S\u2019EFFECTUERA COMME SUIT (35% DE THEORIE ET<br \/>\n65 % DE PRATIQUE):<br \/>\n&#8211; DEUX MOIS DE COURS<br \/>\n&#8211; QUATRE MOIS DE TRAVAUX DE TERRAIN<\/p>\n<p>Master &#8211; \u00c9conomie Mini\u00e8re<\/p>\n<p>Master &#8211; G\u00e9ophysique<\/p>\n<p>Master &#8211; M\u00e9tallurgie et traitement du minerai<\/p>\n<p>Master &#8211; \u00c9conomie P\u00e9troli\u00e8re<\/p>\n<p>Master &#8211; Prospection et exploitation des mines<\/p>\n<p>Master &#8211; G\u00e9ologie p\u00e9troli\u00e8re<\/p>\n<p>Master &#8211; G\u00e9ologie mini\u00e8re<\/p>\n<p>Master &#8211; \u00c9nergie Renouvelable<\/p>\n<p>LE QUATRIEME SEMESTRE SERA ENTIEREMENT CONSACRE AU TRAVAUX DE TERRAIN ET A LA REDACTION DE LA THESE<\/p>\n","protected":false},"excerpt":{"rendered":"<p>L\u2019\u00e9cole des mines de l&#8217;Universit\u00e9 Priv\u00e9e Ahmed Baba est leader dans le domaine de la formation\u00a0d&#8217;experts dans les diff\u00e9rents domaines miniers. Le cursus des \u00e9tudiants en mines et p\u00e9trole est \u00e9troitement li\u00e9 au travaux pratiques en laboratoires sp\u00e9cialis\u00e9s et est&#8230;<br \/><a class=\"read-more-button\" href=\"https:\/\/www.universiteahmedbaba.com\/web\/formations\/ecole-des-mines-et-du-petrole\/\">Read more<\/a><\/p>\n","protected":false},"author":4,"featured_media":0,"parent":23,"menu_order":0,"comment_status":"closed","ping_status":"open","template":"","meta":{"_eb_attr":"","footnotes":""},"class_list":["post-25","page","type-page","status-publish","hentry"],"featured_image_src":null,"_links":{"self":[{"href":"https:\/\/www.universiteahmedbaba.com\/web\/wp-json\/wp\/v2\/pages\/25","targetHints":{"allow":["GET"]}}],"collection":[{"href":"https:\/\/www.universiteahmedbaba.com\/web\/wp-json\/wp\/v2\/pages"}],"about":[{"href":"https:\/\/www.universiteahmedbaba.com\/web\/wp-json\/wp\/v2\/types\/page"}],"author":[{"embeddable":true,"href":"https:\/\/www.universiteahmedbaba.com\/web\/wp-json\/wp\/v2\/users\/4"}],"replies":[{"embeddable":true,"href":"https:\/\/www.universiteahmedbaba.com\/web\/wp-json\/wp\/v2\/comments?post=25"}],"version-history":[{"count":10,"href":"https:\/\/www.universiteahmedbaba.com\/web\/wp-json\/wp\/v2\/pages\/25\/revisions"}],"predecessor-version":[{"id":798,"href":"https:\/\/www.universiteahmedbaba.com\/web\/wp-json\/wp\/v2\/pages\/25\/revisions\/798"}],"up":[{"embeddable":true,"href":"https:\/\/www.universiteahmedbaba.com\/web\/wp-json\/wp\/v2\/pages\/23"}],"wp:attachment":[{"href":"https:\/\/www.universiteahmedbaba.com\/web\/wp-json\/wp\/v2\/media?parent=25"}],"curies":[{"name":"wp","href":"https:\/\/api.w.org\/{rel}","templated":true}]}}