{"id":29,"date":"2015-03-28T17:21:33","date_gmt":"2015-03-28T16:21:33","guid":{"rendered":"http:\/\/127.0.0.1\/universiteahmedbaba.com\/?page_id=29"},"modified":"2016-07-20T12:50:14","modified_gmt":"2016-07-20T11:50:14","slug":"institut-des-sciences-economiques-et-de-gestion","status":"publish","type":"page","link":"https:\/\/www.universiteahmedbaba.com\/web\/formations\/institut-des-sciences-economiques-et-de-gestion\/","title":{"rendered":"Institut des Sciences \u00c9conomiques et de Gestion"},"content":{"rendered":"<p>Pour toutes les options, et pour les deux premi\u00e8res ann\u00e9es le syst\u00e8me de tronc commun est mis en place. La sp\u00e9cialisation couvre les Licence 3, Master I, Master II et comporte les options suivantes:<\/p>\n<p><a href=\"http:\/\/www.universiteahmedbaba.com\/web\/formations\/institut-des-sciences-economiques-et-de-gestion\/programme-tronc-commun-iseg-semestre-1-a-4\/\">Le tronc commun (L1&amp; L2)<\/a> vise \u00e0 pr\u00e9parer l\u2019\u00e9tudiant \u00e0 une sp\u00e9cialisation dans les options suivantes<\/p>\n<p>Grades :<\/p>\n<p>Licence professionnelle (Bac+ 3)<\/p>\n<p>C\u2019est 180 Cr\u00e9dits, six semestres d\u2019\u00e9tudes, six mois de stages sur terrain et six examens avec une moyenne d\u2019admission de 10 points sur 20.<\/p>\n<p>Licence professionnelle &#8211; Finances &#8211; Comptabilit\u00e9<\/p>\n<p><a href=\"http:\/\/www.universiteahmedbaba.com\/web\/formations\/institut-des-sciences-economiques-et-de-gestion\/programme-l3-commerce-international-semestre-5-a-6\/\">Licence professionnelle &#8211; Marketing &#8211; Commerce International<\/a><\/p>\n<p>Licence professionnelle &#8211; Gestion de la Logistique et du Transport<\/p>\n<p>Licence professionnelle &#8211; Informatique De Gestion<\/p>\n<p>Licence professionnelle &#8211; Gestion des Ressources Humaines<\/p>\n<p>Licence professionnelle &#8211; Gestion d\u2019entreprise et de projet<\/p>\n<p>Master (Bac + 5)<\/p>\n<p>C\u2019est 120 Cr\u00e9dits apr\u00e8s la licence, soit deux semestres d\u2019\u00e9tudes, six mois de stages sur terrain et 4 examens avec une moyenne d\u2019admission de 10 points sur 20.<\/p>\n<p>Apr\u00e8s la validation des deux premiers semestres l\u2019\u00e9tudiant peux demander et obtenir un dipl\u00f4me interm\u00e9diaire appel\u00e9 Master 1 ou ma\u00eetrise.<\/p>\n<p>Master I Finances &#8211; Comptabilit\u00e9<\/p>\n<p>Master I Marketing et Commerce International<\/p>\n<p><a href=\"http:\/\/www.universiteahmedbaba.com\/web\/formations\/institut-des-sciences-economiques-et-de-gestion\/master-logistique-transport\/\">Master I Logistique du Transport<\/a><\/p>\n<p>Master I MIAGE<\/p>\n<p>BAC + 5<\/p>\n<p>Master II Gestion des Ressources Humaines<\/p>\n<p>Master II Audit Comptable &amp; Contr\u00f4le de Gestion<\/p>\n<p>Master II Economie du d\u00e9veloppement<\/p>\n<p>Master II Politique mon\u00e9taire &amp; Finance<\/p>\n<p>Master II Ing\u00e9nierie commercial<\/p>\n<p>Master II Marketing Communication<\/p>\n<p>Master II Entreprenariat et Gestion de projet<\/p>\n<p>Master II D\u00e9centralisation<\/p>\n<p>Master II Logistique &amp; Transport<\/p>\n","protected":false},"excerpt":{"rendered":"<p>Pour toutes les options, et pour les deux premi\u00e8res ann\u00e9es le syst\u00e8me de tronc commun est mis en place. La sp\u00e9cialisation couvre les Licence 3, Master I, Master II et comporte les options suivantes: Le tronc commun (L1&amp; L2) vise&#8230;<br \/><a class=\"read-more-button\" href=\"https:\/\/www.universiteahmedbaba.com\/web\/formations\/institut-des-sciences-economiques-et-de-gestion\/\">Read more<\/a><\/p>\n","protected":false},"author":4,"featured_media":0,"parent":23,"menu_order":0,"comment_status":"closed","ping_status":"open","template":"","meta":{"_eb_attr":"","footnotes":""},"class_list":["post-29","page","type-page","status-publish","hentry"],"featured_image_src":null,"_links":{"self":[{"href":"https:\/\/www.universiteahmedbaba.com\/web\/wp-json\/wp\/v2\/pages\/29","targetHints":{"allow":["GET"]}}],"collection":[{"href":"https:\/\/www.universiteahmedbaba.com\/web\/wp-json\/wp\/v2\/pages"}],"about":[{"href":"https:\/\/www.universiteahmedbaba.com\/web\/wp-json\/wp\/v2\/types\/page"}],"author":[{"embeddable":true,"href":"https:\/\/www.universiteahmedbaba.com\/web\/wp-json\/wp\/v2\/users\/4"}],"replies":[{"embeddable":true,"href":"https:\/\/www.universiteahmedbaba.com\/web\/wp-json\/wp\/v2\/comments?post=29"}],"version-history":[{"count":5,"href":"https:\/\/www.universiteahmedbaba.com\/web\/wp-json\/wp\/v2\/pages\/29\/revisions"}],"predecessor-version":[{"id":653,"href":"https:\/\/www.universiteahmedbaba.com\/web\/wp-json\/wp\/v2\/pages\/29\/revisions\/653"}],"up":[{"embeddable":true,"href":"https:\/\/www.universiteahmedbaba.com\/web\/wp-json\/wp\/v2\/pages\/23"}],"wp:attachment":[{"href":"https:\/\/www.universiteahmedbaba.com\/web\/wp-json\/wp\/v2\/media?parent=29"}],"curies":[{"name":"wp","href":"https:\/\/api.w.org\/{rel}","templated":true}]}}