{"id":320,"date":"2016-02-20T15:35:11","date_gmt":"2016-02-20T14:35:11","guid":{"rendered":"http:\/\/www.universiteahmedbaba.com\/?page_id=320"},"modified":"2016-08-16T09:49:32","modified_gmt":"2016-08-16T08:49:32","slug":"internat","status":"publish","type":"page","link":"https:\/\/www.universiteahmedbaba.com\/web\/internat\/","title":{"rendered":"Internat"},"content":{"rendered":"<p>L\u2019Universit\u00e9 Priv\u00e9e Ahmed Baba (UPAB) dispose d\u2019un internat pour les \u00e9tudiants et chercheurs nationaux et internationaux. La vie \u00e0 l&#8217;internat est bas\u00e9e sur l&#8217;autodiscipline et la responsabilisation de chacun et de tous.<br \/>\nLa vie en communaut\u00e9 dans un internat universitaire est tributaire du respect mutuel entre les \u00e9tudiants et chercheurs r\u00e9sidents, les visiteurs, le personnel technique et le personnel de la Direction c\u2019est-\u00e0-dire l\u2019ensemble des personnes qui participent \u00e0 la vie en communaut\u00e9 au sein de l&#8217;internat. Cette vie en communaut\u00e9 est \u00e9galement tributaire du respect et de l\u2019utilisation \u00e0 bon escient par les r\u00e9sidents des \u00e9quipements et infrastructures mis \u00e0 leur disposition.<\/p>\n<a href=\"http:\/\/www.universiteahmedbaba.com\/web\/wp-content\/uploads\/2016\/02\/Reglement-Interieur.pdf\" class=\"su-button su-button-style-glass\" style=\"color:#FFFFFF;background-color:#2def6b;border-color:#24c056;border-radius:5px\" target=\"_self\"><span style=\"color:#FFFFFF;padding:6px 16px;font-size:13px;line-height:20px;border-color:#6cf498;border-radius:5px;text-shadow:none\"><i class=\"sui sui-institution\" style=\"font-size:13px;color:#FFFFFF\"><\/i> T\u00e9l\u00e9charger le r\u00e8glement int\u00e9rieur<\/span><\/a>\n<p><a href=\"http:\/\/www.universiteahmedbaba.com\/web\/wp-content\/uploads\/2016\/08\/internat-UPAB.jpg\"><img fetchpriority=\"high\" decoding=\"async\" class=\"alignnone size-full wp-image-675\" src=\"http:\/\/www.universiteahmedbaba.com\/web\/wp-content\/uploads\/2016\/08\/internat-UPAB.jpg\" alt=\"internat UPAB\" width=\"700\" height=\"534\" srcset=\"https:\/\/www.universiteahmedbaba.com\/web\/wp-content\/uploads\/2016\/08\/internat-UPAB.jpg 700w, https:\/\/www.universiteahmedbaba.com\/web\/wp-content\/uploads\/2016\/08\/internat-UPAB-300x229.jpg 300w\" sizes=\"(max-width: 700px) 100vw, 700px\" \/><\/a> <a href=\"http:\/\/www.universiteahmedbaba.com\/web\/wp-content\/uploads\/2016\/08\/itineraire-internat-UPAB.jpg\"><img decoding=\"async\" class=\"alignnone size-full wp-image-674\" src=\"http:\/\/www.universiteahmedbaba.com\/web\/wp-content\/uploads\/2016\/08\/itineraire-internat-UPAB.jpg\" alt=\"itineraire de l'internat de l'UPAB\" width=\"616\" height=\"487\" srcset=\"https:\/\/www.universiteahmedbaba.com\/web\/wp-content\/uploads\/2016\/08\/itineraire-internat-UPAB.jpg 616w, https:\/\/www.universiteahmedbaba.com\/web\/wp-content\/uploads\/2016\/08\/itineraire-internat-UPAB-300x237.jpg 300w\" sizes=\"(max-width: 616px) 100vw, 616px\" \/><\/a><\/p>\n","protected":false},"excerpt":{"rendered":"<p>L\u2019Universit\u00e9 Priv\u00e9e Ahmed Baba (UPAB) dispose d\u2019un internat pour les \u00e9tudiants et chercheurs nationaux et internationaux. La vie \u00e0 l&#8217;internat est bas\u00e9e sur l&#8217;autodiscipline et la responsabilisation de chacun et de tous. La vie en communaut\u00e9 dans un internat universitaire&#8230;<br \/><a class=\"read-more-button\" href=\"https:\/\/www.universiteahmedbaba.com\/web\/internat\/\">Read more<\/a><\/p>\n","protected":false},"author":4,"featured_media":0,"parent":0,"menu_order":0,"comment_status":"closed","ping_status":"closed","template":"","meta":{"_eb_attr":"","footnotes":""},"class_list":["post-320","page","type-page","status-publish","hentry"],"featured_image_src":null,"_links":{"self":[{"href":"https:\/\/www.universiteahmedbaba.com\/web\/wp-json\/wp\/v2\/pages\/320","targetHints":{"allow":["GET"]}}],"collection":[{"href":"https:\/\/www.universiteahmedbaba.com\/web\/wp-json\/wp\/v2\/pages"}],"about":[{"href":"https:\/\/www.universiteahmedbaba.com\/web\/wp-json\/wp\/v2\/types\/page"}],"author":[{"embeddable":true,"href":"https:\/\/www.universiteahmedbaba.com\/web\/wp-json\/wp\/v2\/users\/4"}],"replies":[{"embeddable":true,"href":"https:\/\/www.universiteahmedbaba.com\/web\/wp-json\/wp\/v2\/comments?post=320"}],"version-history":[{"count":5,"href":"https:\/\/www.universiteahmedbaba.com\/web\/wp-json\/wp\/v2\/pages\/320\/revisions"}],"predecessor-version":[{"id":678,"href":"https:\/\/www.universiteahmedbaba.com\/web\/wp-json\/wp\/v2\/pages\/320\/revisions\/678"}],"wp:attachment":[{"href":"https:\/\/www.universiteahmedbaba.com\/web\/wp-json\/wp\/v2\/media?parent=320"}],"curies":[{"name":"wp","href":"https:\/\/api.w.org\/{rel}","templated":true}]}}