{"id":37,"date":"2015-03-28T17:27:30","date_gmt":"2015-03-28T16:27:30","guid":{"rendered":"http:\/\/127.0.0.1\/universiteahmedbaba.com\/?page_id=37"},"modified":"2015-09-05T06:36:35","modified_gmt":"2015-09-05T05:36:35","slug":"classe-preparatoire","status":"publish","type":"page","link":"https:\/\/www.universiteahmedbaba.com\/web\/formations\/classe-preparatoire\/","title":{"rendered":"Classe pr\u00e9paratoire"},"content":{"rendered":"<p>Le Baccalaur\u00e9at repr\u00e9sente un tournant indispensable pour acc\u00e9der aux \u00e9tudes sup\u00e9rieures. La mani\u00e8re de se pr\u00e9parer \u00e0 cette \u00e9preuve va d\u00e9terminer la capacit\u00e9 \u00e0 r\u00e9ussir les \u00e9preuves du bac mais aussi plus tard les \u00e9tudes sup\u00e9rieures.<\/p>\n<p>Durant ce stage de Pr\u00e9paration au Baccalaur\u00e9at, nous allons travailler sur la ou les mati\u00e8res de votre choix, mati\u00e8res \u00e0 partir d\u2019exercices type bac.<\/p>\n<p>Tous les points essentiels du programme et toutes les difficult\u00e9s rencontr\u00e9es par votre enfant seront revus pour lui permettre de travailler de mani\u00e8re autonome. Il va aborder les \u00e9preuves dans la plus grande s\u00e9r\u00e9nit\u00e9.<\/p>\n<p>D\u00e8s le 1er cours, nous allons mettre en confiance l&#8217;\u00e9l\u00e8ve. Notre enseignant qualifi\u00e9 va effectuer un bilan approfondi qui fera ressortir ses forces, ses lacunes mais surtout les solutions pour garantir sa r\u00e9ussite aux \u00e9preuves.<\/p>\n<p>Cette initiative propos\u00e9e a pour vocation de pr\u00e9senter clairement les connaissances th\u00e9oriques et m\u00e9thodologiques indispensables pour r\u00e9ussir l&#8217;\u00e9preuve. Ainsi, tout en \u00e9tant guid\u00e9s par des enseignants, eux-m\u00eames professeurs en classe de terminal, souvent correcteurs de copies et examinateurs, vous trouverez aupr\u00e8s d&#8217;eux :<br \/>\ndes mises au point et des m\u00e9thodes pour pr\u00e9parer l\u2019assimilation des cours,<br \/>\ndes techniques psychologiques pour ma\u00eetriser le stress et l\u2019angoisse,<br \/>\ndes conseils pour s&#8217;organiser, r\u00e9viser et \u00eatre pr\u00eat le jour J.<\/p>\n<p>Chaque s\u00e9ance sera consacr\u00e9e \u00e0 un objectif et comportera :<br \/>\n&#8211;    une description des m\u00e9thodes;<br \/>\n&#8211;    un rappel des connaissances n\u00e9cessaires;<br \/>\n&#8211;    un exemple pour illustrer et des exercices d&#8217;entra\u00eenement dirig\u00e9s.<\/p>\n<p>En participant \u00e0 nos s\u00e9ances de formation pratique, vous vous familiariserez avec la forme des \u00e9nonc\u00e9s du Bac en m\u00eame temps vous vous habituerez \u00e0 mobiliser vos connaissances sur diff\u00e9rentes parties du programme et \u00e0 g\u00e9rer votre temps. Vous arriverez de la sorte mieux pr\u00e9par\u00e9 et plus serein \u00e0 l&#8217;examen!<\/p>\n<p>La m\u00e9thodologie:<br \/>\nLa formation sera dispens\u00e9e en pr\u00e9sentielle par des enseignants d\u2019exp\u00e9rience, qui ont une moyenne de dix ans d\u2019exp\u00e9rience dans la correction des \u00e9preuves des examens et dans l\u2019encadrement des classes d\u2019examen.<\/p>\n<p>Les cours th\u00e9oriques et pratiques seront organis\u00e9s en groupe de 15 personnes pour les \u00e9l\u00e8ves et se d\u00e9rouleront les samedis et dimanches sur une p\u00e9riode de trois mois (Mars &#8211; Mai) dans toutes les \u00e9preuves.<\/p>\n<p>Pour les candidats libres au Bac, ils prendront des cours du soir, tous les jours du lundi au jeudi sur une p\u00e9riode de deux mois (Avril \u2013 Mai). Ils seront organis\u00e9s en groupe de 12 pour leur permettre de mieux assimiler les cours afin de les garantir le succ\u00e8s au BAC.<\/p>\n<p>Inscription et mode de r\u00e8glement<\/p>\n<p><strong>TABLEAU ICI<\/strong><\/p>\n","protected":false},"excerpt":{"rendered":"<p>Le Baccalaur\u00e9at repr\u00e9sente un tournant indispensable pour acc\u00e9der aux \u00e9tudes sup\u00e9rieures. La mani\u00e8re de se pr\u00e9parer \u00e0 cette \u00e9preuve va d\u00e9terminer la capacit\u00e9 \u00e0 r\u00e9ussir les \u00e9preuves du bac mais aussi plus tard les \u00e9tudes sup\u00e9rieures. Durant ce stage de&#8230;<br \/><a class=\"read-more-button\" href=\"https:\/\/www.universiteahmedbaba.com\/web\/formations\/classe-preparatoire\/\">Read more<\/a><\/p>\n","protected":false},"author":4,"featured_media":0,"parent":23,"menu_order":0,"comment_status":"closed","ping_status":"open","template":"","meta":{"_eb_attr":"","footnotes":""},"class_list":["post-37","page","type-page","status-publish","hentry"],"featured_image_src":null,"_links":{"self":[{"href":"https:\/\/www.universiteahmedbaba.com\/web\/wp-json\/wp\/v2\/pages\/37","targetHints":{"allow":["GET"]}}],"collection":[{"href":"https:\/\/www.universiteahmedbaba.com\/web\/wp-json\/wp\/v2\/pages"}],"about":[{"href":"https:\/\/www.universiteahmedbaba.com\/web\/wp-json\/wp\/v2\/types\/page"}],"author":[{"embeddable":true,"href":"https:\/\/www.universiteahmedbaba.com\/web\/wp-json\/wp\/v2\/users\/4"}],"replies":[{"embeddable":true,"href":"https:\/\/www.universiteahmedbaba.com\/web\/wp-json\/wp\/v2\/comments?post=37"}],"version-history":[{"count":1,"href":"https:\/\/www.universiteahmedbaba.com\/web\/wp-json\/wp\/v2\/pages\/37\/revisions"}],"predecessor-version":[{"id":38,"href":"https:\/\/www.universiteahmedbaba.com\/web\/wp-json\/wp\/v2\/pages\/37\/revisions\/38"}],"up":[{"embeddable":true,"href":"https:\/\/www.universiteahmedbaba.com\/web\/wp-json\/wp\/v2\/pages\/23"}],"wp:attachment":[{"href":"https:\/\/www.universiteahmedbaba.com\/web\/wp-json\/wp\/v2\/media?parent=37"}],"curies":[{"name":"wp","href":"https:\/\/api.w.org\/{rel}","templated":true}]}}