{"id":42,"date":"2015-03-28T17:40:17","date_gmt":"2015-03-28T16:40:17","guid":{"rendered":"http:\/\/127.0.0.1\/universiteahmedbaba.com\/?page_id=42"},"modified":"2018-08-04T20:13:59","modified_gmt":"2018-08-04T19:13:59","slug":"partenaires","status":"publish","type":"page","link":"https:\/\/www.universiteahmedbaba.com\/web\/partenaires\/","title":{"rendered":"Partenaires"},"content":{"rendered":"<div id=\"pl-42\"  class=\"panel-layout\" >\n<div id=\"pg-42-0\"  class=\"panel-grid panel-no-style\"  data-style=\"{&quot;background_display&quot;:&quot;tile&quot;,&quot;cell_alignment&quot;:&quot;flex-start&quot;}\" >\n<div id=\"pgc-42-0-0\"  class=\"panel-grid-cell\"  data-weight=\"1\" >\n<div id=\"panel-42-0-0-0\" class=\"so-panel widget widget_sow-editor panel-first-child panel-last-child\" data-index=\"0\" data-style=\"{&quot;background_display&quot;:&quot;tile&quot;}\" >\n<div class=\"so-widget-sow-editor so-widget-sow-editor-base\">\n<div class=\"siteorigin-widget-tinymce textwidget\">\n\tTrouvez ci-dessous une liste exhaustive des partenaires de l&#8217;UPAB.<br \/>\n<div class=\"su-spoiler su-spoiler-style-fancy su-spoiler-icon-folder-1 su-spoiler-closed\" data-scroll-offset=\"0\" data-anchor-in-url=\"no\"><div class=\"su-spoiler-title\" tabindex=\"0\" role=\"button\"><span class=\"su-spoiler-icon\"><\/span>Universit\u00e9 Bordeaux Montaigne<\/div><div class=\"su-spoiler-content su-u-clearfix su-u-trim\">Universit\u00e9 Bordeaux Montaigne<a href=\"http:\/\/www.universiteahmedbaba.com\/web\/wp-content\/uploads\/2015\/03\/th.jpg\"><img decoding=\"async\" src=\"http:\/\/www.universiteahmedbaba.com\/web\/wp-content\/uploads\/2015\/03\/th.jpg\" alt=\"th\" width=\"266\" height=\"95\" class=\"alignnone size-full wp-image-896\" \/><\/a><\/div><\/div>\n<div class=\"su-spoiler su-spoiler-style-fancy su-spoiler-icon-folder-1 su-spoiler-closed\" data-scroll-offset=\"0\" data-anchor-in-url=\"no\"><div class=\"su-spoiler-title\" tabindex=\"0\" role=\"button\"><span class=\"su-spoiler-icon\"><\/span>Ecole des Mines et de G\u00e9ologie du Niger<\/div><div class=\"su-spoiler-content su-u-clearfix su-u-trim\">Ecole des Mines et de G\u00e9ologie du Niger<a href=\"http:\/\/www.universiteahmedbaba.com\/web\/wp-content\/uploads\/2015\/03\/Logo-.jpg\"><img decoding=\"async\" src=\"http:\/\/www.universiteahmedbaba.com\/web\/wp-content\/uploads\/2015\/03\/Logo-.jpg\" alt=\"Logo\" width=\"103\" height=\"105\" class=\"alignnone size-full wp-image-895\" \/><\/a><\/div><\/div>\n<div class=\"su-spoiler su-spoiler-style-fancy su-spoiler-icon-folder-1 su-spoiler-closed\" data-scroll-offset=\"0\" data-anchor-in-url=\"no\"><div class=\"su-spoiler-title\" tabindex=\"0\" role=\"button\"><span class=\"su-spoiler-icon\"><\/span>Minist\u00e8re de l'enseignement sup\u00e9rieur du Niger<\/div><div class=\"su-spoiler-content su-u-clearfix su-u-trim\">Minist\u00e8re de l&#8217;enseignement sup\u00e9rieur du Niger<\/div><\/div>\n<div class=\"su-spoiler su-spoiler-style-fancy su-spoiler-icon-folder-1 su-spoiler-closed\" data-scroll-offset=\"0\" data-anchor-in-url=\"no\"><div class=\"su-spoiler-title\" tabindex=\"0\" role=\"button\"><span class=\"su-spoiler-icon\"><\/span>BRIDE Canada<\/div><div class=\"su-spoiler-content su-u-clearfix su-u-trim\">BRIDE Canada<\/div><\/div>\n<div class=\"su-spoiler su-spoiler-style-fancy su-spoiler-icon-folder-1 su-spoiler-closed\" data-scroll-offset=\"0\" data-anchor-in-url=\"no\"><div class=\"su-spoiler-title\" tabindex=\"0\" role=\"button\"><span class=\"su-spoiler-icon\"><\/span>Intitut International de Technologie de SFAX &amp; International School Of Business<\/div><div class=\"su-spoiler-content su-u-clearfix su-u-trim\">Intitut International de Technologie de SFAX &#038; International School Of Business<br \/>\n<img decoding=\"async\" src=\"http:\/\/www.universiteahmedbaba.com\/web\/wp-content\/uploads\/2015\/03\/logo-isb.png\" alt=\"logo-isb\" width=\"196\" height=\"136\" class=\"alignnone size-full wp-image-892\" \/><br \/>\n<img loading=\"lazy\" decoding=\"async\" src=\"http:\/\/www.universiteahmedbaba.com\/web\/wp-content\/uploads\/2015\/03\/logo.png\" alt=\"logo\" width=\"183\" height=\"99\" class=\"alignnone size-medium wp-image-893\" \/><br \/>\n<img loading=\"lazy\" decoding=\"async\" src=\"http:\/\/www.universiteahmedbaba.com\/web\/wp-content\/uploads\/2015\/03\/logo-is2.png\" alt=\"logo-is2\" width=\"247\" height=\"197\" class=\"alignnone size-medium wp-image-894\" \/><\/div><\/div>\n<div class=\"su-spoiler su-spoiler-style-fancy su-spoiler-icon-folder-1 su-spoiler-closed\" data-scroll-offset=\"0\" data-anchor-in-url=\"no\"><div class=\"su-spoiler-title\" tabindex=\"0\" role=\"button\"><span class=\"su-spoiler-icon\"><\/span>American University of Leadership<\/div><div class=\"su-spoiler-content su-u-clearfix su-u-trim\">American University of Leadership<img loading=\"lazy\" decoding=\"async\" src=\"http:\/\/www.universiteahmedbaba.com\/web\/wp-content\/uploads\/2017\/06\/aul-logo.png\" alt=\"logo de l&#039;AUL\" width=\"83\" height=\"83\" class=\"alignnone size-full wp-image-823\" \/><\/div><\/div>\n<div class=\"su-spoiler su-spoiler-style-fancy su-spoiler-icon-folder-1 su-spoiler-closed\" data-scroll-offset=\"0\" data-anchor-in-url=\"no\"><div class=\"su-spoiler-title\" tabindex=\"0\" role=\"button\"><span class=\"su-spoiler-icon\"><\/span>American School of Leadership<\/div><div class=\"su-spoiler-content su-u-clearfix su-u-trim\">American School of Leadership<\/div><\/div>\n<div class=\"su-spoiler su-spoiler-style-fancy su-spoiler-icon-folder-1 su-spoiler-closed\" data-scroll-offset=\"0\" data-anchor-in-url=\"no\"><div class=\"su-spoiler-title\" tabindex=\"0\" role=\"button\"><span class=\"su-spoiler-icon\"><\/span>Randgold Ressources<\/div><div class=\"su-spoiler-content su-u-clearfix su-u-trim\">R\u00e9daction en cours<\/div><\/div>\n<div class=\"su-spoiler su-spoiler-style-fancy su-spoiler-icon-folder-1 su-spoiler-closed\" data-scroll-offset=\"0\" data-anchor-in-url=\"no\"><div class=\"su-spoiler-title\" tabindex=\"0\" role=\"button\"><span class=\"su-spoiler-icon\"><\/span>INIME - Institut Nig\u00e9rien d'Informatique et de Maintenance Electronique<\/div><div class=\"su-spoiler-content su-u-clearfix su-u-trim\">\nCette cooperation conserne plus sp\u00e9cifiquement les domaines suivants:<\/p>\n<ul>\n<li>La mobilit\u00e9 des \u00e9tudiants; les \u00e9tudiants en fin de niveau 2 de l&#8217;INIME et de l&#8217;UPAB sont transfer\u00e9 dans nos differentes structures pour la fin de leur cycle de formation<\/li>\n<li>La promotion de l&#8217;UPAB au Niger<\/li>\n<li>La mobilit\u00e9 des enseignants<\/li>\n<li>L&#8217;encadrement des stages et des m\u00e9moires<\/li>\n<li>La formation des formateurs<\/li>\n<li>La co-dipl\u00f4mation<\/li>\n<\/ul>\n<\/div><\/div>\n<div class=\"su-spoiler su-spoiler-style-fancy su-spoiler-icon-folder-1 su-spoiler-closed\" data-scroll-offset=\"0\" data-anchor-in-url=\"no\"><div class=\"su-spoiler-title\" tabindex=\"0\" role=\"button\"><span class=\"su-spoiler-icon\"><\/span>EPICA - Academy Business Group<\/div><div class=\"su-spoiler-content su-u-clearfix su-u-trim\">\n<div class=\"su-column su-column-size-1-5\"><div class=\"su-column-inner su-u-clearfix su-u-trim\"><img loading=\"lazy\" decoding=\"async\" class=\"wp-image-349 size-thumbnail alignnone\" src=\"http:\/\/www.universiteahmedbaba.com\/web\/wp-content\/uploads\/2016\/02\/dngm-150x150.jpg\" alt=\"dngm\" width=\"150\" height=\"150\" srcset=\"https:\/\/www.universiteahmedbaba.com\/web\/wp-content\/uploads\/2016\/02\/dngm-150x150.jpg 150w, https:\/\/www.universiteahmedbaba.com\/web\/wp-content\/uploads\/2016\/02\/dngm.jpg 270w\" sizes=\"(max-width: 150px) 100vw, 150px\" \/><\/div><\/div><div class=\"su-column su-column-size-4-5\"><div class=\"su-column-inner su-u-clearfix su-u-trim\">Cette collaboration porte sur<\/p>\n<ul>\n<li>Mobilit\u00e9 des enseignants\/chercheurs, de stagiaires et d&#8217;\u00e9tudiants<\/li>\n<li>Co-diplomation<\/li>\n<li>R\u00e9alisation de projets conjoints d&#8217;\u00e9tudes et de recherche dans les domaines d\u2019int\u00e9r\u00eats communs<\/li>\n<\/ul>\n<\/div><\/div>\n<\/div><\/div>\n<div class=\"su-spoiler su-spoiler-style-fancy su-spoiler-icon-folder-1 su-spoiler-closed\" data-scroll-offset=\"0\" data-anchor-in-url=\"no\"><div class=\"su-spoiler-title\" tabindex=\"0\" role=\"button\"><span class=\"su-spoiler-icon\"><\/span>ENI-ABT - \u00c9cole Nationale d\u2019ing\u00e9nieur<\/div><div class=\"su-spoiler-content su-u-clearfix su-u-trim\">R\u00e9daction en cours<\/div><\/div>\n<div class=\"su-spoiler su-spoiler-style-fancy su-spoiler-icon-folder-1 su-spoiler-closed\" data-scroll-offset=\"0\" data-anchor-in-url=\"no\"><div class=\"su-spoiler-title\" tabindex=\"0\" role=\"button\"><span class=\"su-spoiler-icon\"><\/span>FAST - Facult\u00e9 des Sciences et Techniques de Bamako<\/div><div class=\"su-spoiler-content su-u-clearfix su-u-trim\">Cette collaboration porte sur<\/p>\n<ul>\n<li>Les \u00e9changes d&#8217;information dans le domaine de la formation et des sciences<\/li>\n<li>La mobilit\u00e9 des enseignants\/chercheurs, des stagiaires et d&#8217;\u00e9tudiants<\/li>\n<li>L&#8217;accueil des \u00e9tudiants de l&#8217;UPAB pour les travaux pratiques au sein de la FAST<\/li>\n<li>La participation de la FAST au conseil scientifique et p\u00e9dagogique de l&#8217;UPAB<\/li>\n<li>La r\u00e9alisation de projets conjoints d&#8217;\u00e9tudes et de recherche et l&#8217;organisation conjointe de s\u00e9minaire, colloques et expositions<\/li>\n<\/ul>\n<\/div><\/div>\n<div class=\"su-spoiler su-spoiler-style-fancy su-spoiler-icon-folder-1 su-spoiler-closed\" data-scroll-offset=\"0\" data-anchor-in-url=\"no\"><div class=\"su-spoiler-title\" tabindex=\"0\" role=\"button\"><span class=\"su-spoiler-icon\"><\/span>DNGM - Direction Nationale de la G\u00e9ologie et des Mines du Mali<\/div><div class=\"su-spoiler-content su-u-clearfix su-u-trim\">R\u00e9daction en cours<\/div><\/div>\n<div class=\"su-spoiler su-spoiler-style-fancy su-spoiler-icon-folder-1 su-spoiler-closed\" data-scroll-offset=\"0\" data-anchor-in-url=\"no\"><div class=\"su-spoiler-title\" tabindex=\"0\" role=\"button\"><span class=\"su-spoiler-icon\"><\/span>FAFPA - Fonds Appui Formation Professionnelle Apprentissage<\/div><div class=\"su-spoiler-content su-u-clearfix su-u-trim\">R\u00e9daction en cours<\/div><\/div>\n<div class=\"su-spoiler su-spoiler-style-fancy su-spoiler-icon-folder-1 su-spoiler-closed\" data-scroll-offset=\"0\" data-anchor-in-url=\"no\"><div class=\"su-spoiler-title\" tabindex=\"0\" role=\"button\"><span class=\"su-spoiler-icon\"><\/span>CCIM - Chambre de Commerce et de l'Industrie du Mali<\/div><div class=\"su-spoiler-content su-u-clearfix su-u-trim\">R\u00e9daction en cours<\/div><\/div>\n<div class=\"su-spoiler su-spoiler-style-fancy su-spoiler-icon-folder-1 su-spoiler-closed\" data-scroll-offset=\"0\" data-anchor-in-url=\"no\"><div class=\"su-spoiler-title\" tabindex=\"0\" role=\"button\"><span class=\"su-spoiler-icon\"><\/span>CNDH - Conseil National des Droits de l'Homme<\/div><div class=\"su-spoiler-content su-u-clearfix su-u-trim\">R\u00e9daction en cours<\/div><\/div>\n<div class=\"su-spoiler su-spoiler-style-fancy su-spoiler-icon-folder-1 su-spoiler-closed\" data-scroll-offset=\"0\" data-anchor-in-url=\"no\"><div class=\"su-spoiler-title\" tabindex=\"0\" role=\"button\"><span class=\"su-spoiler-icon\"><\/span>GEA - Groupe d\u2019\u00c9coles d'Abidjan<\/div><div class=\"su-spoiler-content su-u-clearfix su-u-trim\">R\u00e9daction en cours<\/div><\/div>\n<div class=\"su-spoiler su-spoiler-style-fancy su-spoiler-icon-folder-1 su-spoiler-closed\" data-scroll-offset=\"0\" data-anchor-in-url=\"no\"><div class=\"su-spoiler-title\" tabindex=\"0\" role=\"button\"><span class=\"su-spoiler-icon\"><\/span>CEGEP - Coll\u00e8ge d'Enseignement G\u00e9n\u00e9ral et Professionnel du Canada<\/div><div class=\"su-spoiler-content su-u-clearfix su-u-trim\">R\u00e9daction en cours<\/div><\/div>\n<div class=\"su-spoiler su-spoiler-style-fancy su-spoiler-icon-folder-1 su-spoiler-closed\" data-scroll-offset=\"0\" data-anchor-in-url=\"no\"><div class=\"su-spoiler-title\" tabindex=\"0\" role=\"button\"><span class=\"su-spoiler-icon\"><\/span>E2I - \u00c9cole d\u2019Ing\u00e9nierie Industrielle<\/div><div class=\"su-spoiler-content su-u-clearfix su-u-trim\">R\u00e9daction en cours<\/div><\/div>\n<div class=\"su-spoiler su-spoiler-style-fancy su-spoiler-icon-folder-1 su-spoiler-closed\" data-scroll-offset=\"0\" data-anchor-in-url=\"no\"><div class=\"su-spoiler-title\" tabindex=\"0\" role=\"button\"><span class=\"su-spoiler-icon\"><\/span>AUREP - Autorit\u00e9 pour la Promotion et la Recherche P\u00e9troli\u00e8re au Mali<\/div><div class=\"su-spoiler-content su-u-clearfix su-u-trim\">R\u00e9daction en cours<\/div><\/div>\n<div class=\"su-spoiler su-spoiler-style-fancy su-spoiler-icon-folder-1 su-spoiler-closed\" data-scroll-offset=\"0\" data-anchor-in-url=\"no\"><div class=\"su-spoiler-title\" tabindex=\"0\" role=\"button\"><span class=\"su-spoiler-icon\"><\/span>APCAM - Assembl\u00e9e Permanente des Chambres d'Agriculture du Mali<\/div><div class=\"su-spoiler-content su-u-clearfix su-u-trim\">R\u00e9daction en cours<\/div><\/div>\n<div class=\"su-spoiler su-spoiler-style-fancy su-spoiler-icon-folder-1 su-spoiler-closed\" data-scroll-offset=\"0\" data-anchor-in-url=\"no\"><div class=\"su-spoiler-title\" tabindex=\"0\" role=\"button\"><span class=\"su-spoiler-icon\"><\/span>PTQE - Progress Through Quality Education<\/div><div class=\"su-spoiler-content su-u-clearfix su-u-trim\">R\u00e9daction en cours<\/div><\/div>\n<div class=\"su-spoiler su-spoiler-style-fancy su-spoiler-icon-folder-1 su-spoiler-closed\" data-scroll-offset=\"0\" data-anchor-in-url=\"no\"><div class=\"su-spoiler-title\" tabindex=\"0\" role=\"button\"><span class=\"su-spoiler-icon\"><\/span>CMM - Chambre des Mines du Mali<\/div><div class=\"su-spoiler-content su-u-clearfix su-u-trim\">R\u00e9daction en cours<\/div><\/div>\n<div class=\"su-spoiler su-spoiler-style-fancy su-spoiler-icon-folder-1 su-spoiler-closed\" data-scroll-offset=\"0\" data-anchor-in-url=\"no\"><div class=\"su-spoiler-title\" tabindex=\"0\" role=\"button\"><span class=\"su-spoiler-icon\"><\/span>BUMIGEB - Bureau des Mines et de la G\u00e9ologie du Burkina<\/div><div class=\"su-spoiler-content su-u-clearfix su-u-trim\">R\u00e9daction en cours<\/div><\/div>\n<div class=\"su-spoiler su-spoiler-style-fancy su-spoiler-icon-folder-1 su-spoiler-closed\" data-scroll-offset=\"0\" data-anchor-in-url=\"no\"><div class=\"su-spoiler-title\" tabindex=\"0\" role=\"button\"><span class=\"su-spoiler-icon\"><\/span>ULB - Universit\u00e9 Libre du Burkina<\/div><div class=\"su-spoiler-content su-u-clearfix su-u-trim\">\n<ul>\n<li>Les \u00e9changes d&#8217;information dans le domaine de la formation et des sciences<\/li>\n<li>La mobilit\u00e9 des enseignants\/chercheurs, des stagiaires et d&#8217;\u00e9tudiants<\/li>\n<li>La co-dipl\u00f4mation<\/li>\n<li>La participation des structures (ULB, UPAB) au diff\u00e9rents conseils scientifiques et p\u00e9dagogiques de l&#8217;UPAB<\/li>\n<li>La r\u00e9alisation de projets conjoints d&#8217;\u00e9tudes et de recherche et l&#8217;organisation conjointe de s\u00e9minaire, colloques et expositions<\/li>\n<li><\/li>\n<\/ul>\n<\/div><\/div>\n<div class=\"su-spoiler su-spoiler-style-fancy su-spoiler-icon-folder-1 su-spoiler-closed\" data-scroll-offset=\"0\" data-anchor-in-url=\"no\"><div class=\"su-spoiler-title\" tabindex=\"0\" role=\"button\"><span class=\"su-spoiler-icon\"><\/span>EMG \u2013 \u00c9cole Marocaine d\u2019Ing\u00e9nierie<\/div><div class=\"su-spoiler-content su-u-clearfix su-u-trim\">R\u00e9daction en cours<\/div><\/div>\n<div class=\"su-spoiler su-spoiler-style-fancy su-spoiler-icon-folder-1 su-spoiler-closed\" data-scroll-offset=\"0\" data-anchor-in-url=\"no\"><div class=\"su-spoiler-title\" tabindex=\"0\" role=\"button\"><span class=\"su-spoiler-icon\"><\/span>ESJC \u2013 \u00c9cole Sup\u00e9rieure de Journalisme et de Communication<\/div><div class=\"su-spoiler-content su-u-clearfix su-u-trim\">R\u00e9daction en cours<\/div><\/div>\n<div class=\"su-spoiler su-spoiler-style-fancy su-spoiler-icon-folder-1 su-spoiler-closed\" data-scroll-offset=\"0\" data-anchor-in-url=\"no\"><div class=\"su-spoiler-title\" tabindex=\"0\" role=\"button\"><span class=\"su-spoiler-icon\"><\/span>IGA \u2013 Institut Sup\u00e9rieur du G\u00e9nie Appliqu\u00e9<\/div><div class=\"su-spoiler-content su-u-clearfix su-u-trim\">R\u00e9daction en cours<\/div><\/div>\n<div class=\"su-spoiler su-spoiler-style-fancy su-spoiler-icon-folder-1 su-spoiler-closed\" data-scroll-offset=\"0\" data-anchor-in-url=\"no\"><div class=\"su-spoiler-title\" tabindex=\"0\" role=\"button\"><span class=\"su-spoiler-icon\"><\/span>UM5 \u2013 L\u2019universit\u00e9 Mohamed V (\u00c9cole Nationale Sup\u00e9rieure)<\/div><div class=\"su-spoiler-content su-u-clearfix su-u-trim\">R\u00e9daction en cours<\/div><\/div>\n<div class=\"su-spoiler su-spoiler-style-fancy su-spoiler-icon-folder-1 su-spoiler-closed\" data-scroll-offset=\"0\" data-anchor-in-url=\"no\"><div class=\"su-spoiler-title\" tabindex=\"0\" role=\"button\"><span class=\"su-spoiler-icon\"><\/span>ENIM \u2013 Ecole Nationale Sup\u00e9rieure des Mines de Rabat<\/div><div class=\"su-spoiler-content su-u-clearfix su-u-trim\">R\u00e9daction en cours<\/div><\/div>\n<div class=\"su-spoiler su-spoiler-style-fancy su-spoiler-icon-folder-1 su-spoiler-closed\" data-scroll-offset=\"0\" data-anchor-in-url=\"no\"><div class=\"su-spoiler-title\" tabindex=\"0\" role=\"button\"><span class=\"su-spoiler-icon\"><\/span>Minist\u00e8re de l'Enseignement Sup\u00e9rieur du Niger<\/div><div class=\"su-spoiler-content su-u-clearfix su-u-trim\">R\u00e9daction en cours<\/div><\/div>\n<div class=\"su-spoiler su-spoiler-style-fancy su-spoiler-icon-folder-1 su-spoiler-closed\" data-scroll-offset=\"0\" data-anchor-in-url=\"no\"><div class=\"su-spoiler-title\" tabindex=\"0\" role=\"button\"><span class=\"su-spoiler-icon\"><\/span>Universit\u00e9 de Yaound\u00e9 1<\/div><div class=\"su-spoiler-content su-u-clearfix su-u-trim\">R\u00e9daction en cours<\/div><\/div><\/div>\n<\/div>\n<\/div>\n<\/div>\n<\/div>\n<div id=\"pg-42-1\"  class=\"panel-grid panel-no-style\"  data-style=\"{&quot;background_display&quot;:&quot;tile&quot;,&quot;cell_alignment&quot;:&quot;flex-start&quot;}\" >\n<div id=\"pgc-42-1-0\"  class=\"panel-grid-cell panel-grid-cell-empty\"  data-weight=\"1\" ><\/div>\n<\/div>\n<\/div>\n","protected":false},"excerpt":{"rendered":"<p>Trouvez ci-dessous une liste exhaustive des partenaires de l&#8217;UPAB.<\/p>\n","protected":false},"author":4,"featured_media":0,"parent":0,"menu_order":0,"comment_status":"closed","ping_status":"open","template":"","meta":{"_eb_attr":"","footnotes":""},"class_list":["post-42","page","type-page","status-publish","hentry"],"featured_image_src":null,"_links":{"self":[{"href":"https:\/\/www.universiteahmedbaba.com\/web\/wp-json\/wp\/v2\/pages\/42","targetHints":{"allow":["GET"]}}],"collection":[{"href":"https:\/\/www.universiteahmedbaba.com\/web\/wp-json\/wp\/v2\/pages"}],"about":[{"href":"https:\/\/www.universiteahmedbaba.com\/web\/wp-json\/wp\/v2\/types\/page"}],"author":[{"embeddable":true,"href":"https:\/\/www.universiteahmedbaba.com\/web\/wp-json\/wp\/v2\/users\/4"}],"replies":[{"embeddable":true,"href":"https:\/\/www.universiteahmedbaba.com\/web\/wp-json\/wp\/v2\/comments?post=42"}],"version-history":[{"count":34,"href":"https:\/\/www.universiteahmedbaba.com\/web\/wp-json\/wp\/v2\/pages\/42\/revisions"}],"predecessor-version":[{"id":897,"href":"https:\/\/www.universiteahmedbaba.com\/web\/wp-json\/wp\/v2\/pages\/42\/revisions\/897"}],"wp:attachment":[{"href":"https:\/\/www.universiteahmedbaba.com\/web\/wp-json\/wp\/v2\/media?parent=42"}],"curies":[{"name":"wp","href":"https:\/\/api.w.org\/{rel}","templated":true}]}}