{"id":44,"date":"2015-03-28T17:41:21","date_gmt":"2015-03-28T16:41:21","guid":{"rendered":"http:\/\/127.0.0.1\/universiteahmedbaba.com\/?page_id=44"},"modified":"2016-07-29T09:26:31","modified_gmt":"2016-07-29T08:26:31","slug":"contacts","status":"publish","type":"page","link":"https:\/\/www.universiteahmedbaba.com\/web\/contacts\/","title":{"rendered":"Contacts"},"content":{"rendered":"<p>Nos bureaux sont ouverts du lundi au vendredi de 8h \u00e0 18h et le samedi de 8h \u00e0 14h. Nous serons toujours ravis de vous recevoir chez nous.<\/p>\n<p>Pour tout compl\u00e9ment d&#8217;informations, appelez notre service d&#8217;accueil.<\/p>\n<table>\n<tbody>\n<tr>\n<td>Bamako<\/td>\n<td>\n<ul>\n<li>(+223) 20 79 59 52<\/li>\n<li>(+223) 63 02 44 96<\/li>\n<li>(+223) 76 50 88 83<\/li>\n<\/ul>\n<\/td>\n<\/tr>\n<tr>\n<td>Kati<\/td>\n<td>\n<ul>\n<li>(+223) 73 28 62 20<\/li>\n<\/ul>\n<\/td>\n<\/tr>\n<tr>\n<td>Kayes<\/td>\n<td>\n<ul>\n<li>(+223) 97 10 42 10<\/li>\n<\/ul>\n<\/td>\n<\/tr>\n<tr>\n<td>Sikasso<\/td>\n<td>\n<ul>\n<li>(+223) 73 28 62 67<\/li>\n<\/ul>\n<\/td>\n<\/tr>\n<tr>\n<td>Segou<\/td>\n<td>\n<ul>\n<li>(+223) 97 10 42 18<\/li>\n<\/ul>\n<\/td>\n<\/tr>\n<\/tbody>\n<\/table>\n<p>Ou envoyez nous un message via le formulaire suivant ou sur contact(a)universiteahmedbaba.com<\/p>\n[form form-6]\n","protected":false},"excerpt":{"rendered":"<p>Nos bureaux sont ouverts du lundi au vendredi de 8h \u00e0 18h et le samedi de 8h \u00e0 14h. Nous serons toujours ravis de vous recevoir chez nous. Pour tout compl\u00e9ment d&#8217;informations, appelez notre service d&#8217;accueil. Bamako (+223) 20 79&#8230;<br \/><a class=\"read-more-button\" href=\"https:\/\/www.universiteahmedbaba.com\/web\/contacts\/\">Read more<\/a><\/p>\n","protected":false},"author":4,"featured_media":0,"parent":0,"menu_order":0,"comment_status":"closed","ping_status":"open","template":"","meta":{"_eb_attr":"","footnotes":""},"class_list":["post-44","page","type-page","status-publish","hentry"],"featured_image_src":null,"_links":{"self":[{"href":"https:\/\/www.universiteahmedbaba.com\/web\/wp-json\/wp\/v2\/pages\/44","targetHints":{"allow":["GET"]}}],"collection":[{"href":"https:\/\/www.universiteahmedbaba.com\/web\/wp-json\/wp\/v2\/pages"}],"about":[{"href":"https:\/\/www.universiteahmedbaba.com\/web\/wp-json\/wp\/v2\/types\/page"}],"author":[{"embeddable":true,"href":"https:\/\/www.universiteahmedbaba.com\/web\/wp-json\/wp\/v2\/users\/4"}],"replies":[{"embeddable":true,"href":"https:\/\/www.universiteahmedbaba.com\/web\/wp-json\/wp\/v2\/comments?post=44"}],"version-history":[{"count":9,"href":"https:\/\/www.universiteahmedbaba.com\/web\/wp-json\/wp\/v2\/pages\/44\/revisions"}],"predecessor-version":[{"id":666,"href":"https:\/\/www.universiteahmedbaba.com\/web\/wp-json\/wp\/v2\/pages\/44\/revisions\/666"}],"wp:attachment":[{"href":"https:\/\/www.universiteahmedbaba.com\/web\/wp-json\/wp\/v2\/media?parent=44"}],"curies":[{"name":"wp","href":"https:\/\/api.w.org\/{rel}","templated":true}]}}