{"id":560,"date":"2016-05-24T18:58:21","date_gmt":"2016-05-24T17:58:21","guid":{"rendered":"http:\/\/www.universiteahmedbaba.com\/web\/?page_id=560"},"modified":"2016-05-24T19:12:51","modified_gmt":"2016-05-24T18:12:51","slug":"master-logistique-transport","status":"publish","type":"page","link":"https:\/\/www.universiteahmedbaba.com\/web\/formations\/institut-des-sciences-economiques-et-de-gestion\/master-logistique-transport\/","title":{"rendered":"Master Logistique &#038; Transport"},"content":{"rendered":"<h2>PR\u00c9SENTATION DU DIPL\u00d4ME<\/h2>\n<p>Le master II logistique &amp; transport est une fili\u00e8re du second cycle universitaire de reconnaissance professionnelle. Elle pr\u00e9pare l\u2019\u00e9tudiant, par le biais d\u2019un enseignement sp\u00e9cifique, aux multiples probl\u00e8mes qu\u2019il peut rencontrer quotidiennement dans son entreprise dans le secteur de la logistique ainsi qu\u2019a la ma\u00eetrise des m\u00e9thodes d\u2019organisation, d\u2019informatique, de documentation propres \u00e0 cette derni\u00e8re. Ce dipl\u00f4me doit lui permettre d\u2019acc\u00e9der \u00e0 un poste de responsabilit\u00e9 dans le cadre de la gestion d\u2019un entrep\u00f4t ou d\u2019un service logistique. L\u2019\u00e9tudiant a d\u00e9velopp\u00e9 une ma\u00eetrise des principales variables influen\u00e7ant le secteur<\/p>\n<h2>OBJECTIFS DE LA FORMATION MASTER II LOGISTIQUE &amp; TRANSPORT<\/h2>\n<p>Ce master propose de former les \u00e9tudiants, dans cette perspective internationale, aux nouveaux m\u00e9tiers de la logistique, de la supply chain, de la r\u00e9glementation des transports, des op\u00e9rations douani\u00e8res. Il permet par ailleurs aux \u00e9tudiants de s\u2019initier au d\u00e9veloppement du commerce mondial et au d\u00e9veloppement des \u00e9changes \u00e9lectroniques. Il permet \u00e0 l\u2019\u00e9tudiant d\u2019avoir une vision globale de la cha\u00eene logistique.<\/p>\n<h2>COMP\u00c9TENCES \u00c0 ACQU\u00c9RIR<\/h2>\n<p>Le master a pour objectif de former des professionnels rompus aux \u00e9changes internationaux. Ils devront \u00eatre capables d\u2019organiser la cha\u00eene logistique de la contr\u00f4ler et de l\u2019optimiser. Ils pourront r\u00e9aliser des audits et analyser la performance de la cha\u00eene logistique.<\/p>\n<h2>D\u00c9BOUCHES<\/h2>\n<p>Les offres d\u2019emplois dans le secteur de la logistique se d\u00e9veloppent \u00e0 tous les niveaux de qualification et de plus en plus \u00e0 des niveaux de responsable de gestion de projets et d\u2019op\u00e9rations. Les principaux d\u00e9bouch\u00e9s sont :<\/p>\n<p>&#8211; Responsable d\u2019entreprise,<\/p>\n<p>&#8211; Directeur d\u2019exploitation,<\/p>\n<p>&#8211; Responsable de la logistique, de la supply chain, des op\u00e9rations de gestion de transport, de la planification et de la gestion des flux, dans des entreprises de production ou de distribution,<\/p>\n<p>&#8211; Conseiller en logistique et transport,<\/p>\n<p>&#8211; Consultant, etc.<\/p>\n<h2>CONTENU DE LA FORMATION ET MISSION EN ENTREPRISE<\/h2>\n<p>La formation comporte huit modules \u00e9tal\u00e9s sur deux semestres (voir document ci-dessous).la mission en entreprise dure cinq mois et doit permettre de traiter une probl\u00e9matique d\u2019entreprise (voir note didactique). Le stage peut commencer d\u00e9but mai et doit \u00eatre imp\u00e9rativement termin\u00e9 \u00e0 la fin ao\u00fbt. Les professionnels accomplissent leur mission dans leur entreprise et doivent r\u00e9aliser leur m\u00e9moire dans le cadre d\u2019une probl\u00e9matique de leur service.<\/p>\n<h2>CONDITIONS D&#8217;ACC\u00c8S :<\/h2>\n<p>Ce programme est principalement ouvert aux titulaires d\u2019une ma\u00eetrise ou d\u2019un master I en douane, transit, gestion, commerce, informatique, etc. Aussi, peuvent faire acte de candidature les professionnels qui justifient d\u2019acquis li\u00e9s \u00e0 l\u2019exp\u00e9rience professionnelle.<\/p>\n<p>Cette formation est \u00e9galement ouverte aux professionnels des organisations (organisations non gouvernementales, organisations internationales, institutions gouvernementales, etc.).<\/p>\n<h2>APER\u00c7U DU PROGRAMME<\/h2>\n<p>UE1 &#8211; Economie internationale et flux d\u2019\u00e9changes<\/p>\n<p>UE2 &#8211; Cha\u00eene logistique<\/p>\n<p>UE3 &#8211; Incoterms, assurance et douane (cours commun)<\/p>\n<p>UE4 &#8211; Supply chain management (cours commun)<\/p>\n<p>UE5 &#8211; Gestion des flux<\/p>\n<p>UE6 &#8211; Organisation et financement des projets<\/p>\n<p>UE7 &#8211; Droit des transports<\/p>\n<p>UE8 &#8211; Approche g\u00e9opolitique OHADA et int\u00e9gration africaine (cours commun)<\/p>\n<p>UE9 &#8211; Conduite et gestion des projets logistiques (cours commun)<\/p>\n<p>UE10 &#8211; N\u00e9gociation internationale<\/p>\n<p>UE11 &#8211; Transport et environnement<\/p>\n<p>UE12 &#8211; Logistique de distribution (cours commun)<\/p>\n<p>UE13 &#8211; \u00c9conomie et gestion des transports internationaux (cours commun)<\/p>\n<p>UE14 \u2013 M\u00e9thodologie de recherche<\/p>\n<p>UE15 \u2013 Anglais professionnel<\/p>\n<p>UE16 &#8211; Informatique professionnelle<\/p>\n<p>Ce programme sera compl\u00e9t\u00e9 par des conf\u00e9rences th\u00e9matiques.<\/p>\n<p>Le programme sera ex\u00e9cut\u00e9 sur 60 cr\u00e9dits repartis sur deux semestres.<\/p>\n<p>Pour les auditeurs ne parlant pas l\u2019anglais, des cours intensifs en anglais seront organises a leur intention.<\/p>\n<h2>RESPONSABLE DU MASTER :<\/h2>\n<p>Dr Joel Moulhade, expert en logistique<\/p>\n<p>Charg\u00e9 de cours \u00e0 l\u2019Universit\u00e9 du Littoral Cote d\u2019Opale (France)<\/p>\n","protected":false},"excerpt":{"rendered":"<p>PR\u00c9SENTATION DU DIPL\u00d4ME Le master II logistique &amp; transport est une fili\u00e8re du second cycle universitaire de reconnaissance professionnelle. Elle pr\u00e9pare l\u2019\u00e9tudiant, par le biais d\u2019un enseignement sp\u00e9cifique, aux multiples probl\u00e8mes qu\u2019il peut rencontrer quotidiennement dans son entreprise dans le&#8230;<br \/><a class=\"read-more-button\" href=\"https:\/\/www.universiteahmedbaba.com\/web\/formations\/institut-des-sciences-economiques-et-de-gestion\/master-logistique-transport\/\">Read more<\/a><\/p>\n","protected":false},"author":4,"featured_media":0,"parent":29,"menu_order":0,"comment_status":"closed","ping_status":"closed","template":"","meta":{"_eb_attr":"","footnotes":""},"class_list":["post-560","page","type-page","status-publish","hentry"],"featured_image_src":null,"_links":{"self":[{"href":"https:\/\/www.universiteahmedbaba.com\/web\/wp-json\/wp\/v2\/pages\/560","targetHints":{"allow":["GET"]}}],"collection":[{"href":"https:\/\/www.universiteahmedbaba.com\/web\/wp-json\/wp\/v2\/pages"}],"about":[{"href":"https:\/\/www.universiteahmedbaba.com\/web\/wp-json\/wp\/v2\/types\/page"}],"author":[{"embeddable":true,"href":"https:\/\/www.universiteahmedbaba.com\/web\/wp-json\/wp\/v2\/users\/4"}],"replies":[{"embeddable":true,"href":"https:\/\/www.universiteahmedbaba.com\/web\/wp-json\/wp\/v2\/comments?post=560"}],"version-history":[{"count":3,"href":"https:\/\/www.universiteahmedbaba.com\/web\/wp-json\/wp\/v2\/pages\/560\/revisions"}],"predecessor-version":[{"id":563,"href":"https:\/\/www.universiteahmedbaba.com\/web\/wp-json\/wp\/v2\/pages\/560\/revisions\/563"}],"up":[{"embeddable":true,"href":"https:\/\/www.universiteahmedbaba.com\/web\/wp-json\/wp\/v2\/pages\/29"}],"wp:attachment":[{"href":"https:\/\/www.universiteahmedbaba.com\/web\/wp-json\/wp\/v2\/media?parent=560"}],"curies":[{"name":"wp","href":"https:\/\/api.w.org\/{rel}","templated":true}]}}