{"id":564,"date":"2016-05-24T19:26:24","date_gmt":"2016-05-24T18:26:24","guid":{"rendered":"http:\/\/www.universiteahmedbaba.com\/web\/?page_id=564"},"modified":"2016-05-24T19:26:24","modified_gmt":"2016-05-24T18:26:24","slug":"licence-exploration-exploitation-miniere-petroliere","status":"publish","type":"page","link":"https:\/\/www.universiteahmedbaba.com\/web\/formations\/ecole-des-mines-et-du-petrole\/licence-exploration-exploitation-miniere-petroliere\/","title":{"rendered":"Licence Exploration et Exploitation mini\u00e8re ou p\u00e9troli\u00e8re"},"content":{"rendered":"<p>La Licence est un dipl\u00f4me se d\u00e9roulant sur 6 semestres successifs et sous forme d&#8217;unit\u00e9s d&#8217;enseignement capitalisables.<\/p>\n<p>L\u2019objectif du projet est d\u2019apporter une r\u00e9ponse satisfaisante aux besoins en personnel technique qualifi\u00e9 de l\u2019industrie mini\u00e8re de la sous-r\u00e9gion, en mettant \u00e0 leur disposition des techniciens qualifi\u00e9s, bien form\u00e9s et imm\u00e9diatement op\u00e9rationnels.<\/p>\n<p>Le secteur minier manque de ressources humaines qualifi\u00e9es dans beaucoup de m\u00e9tiers (prospection et exploration des minerais, traitement du minerai, m\u00e9tallurgie, etc.).<\/p>\n<p>Nos dipl\u00f4m\u00e9s peuvent travailler dans les domaines ci-apr\u00e8s :<\/p>\n<ul>\n<li>p\u00e9trolier\n<\/li>\n<li>minier<\/li>\n<li>hydraulique et recherche de l\u2019eau\n<\/li>\n<li>Environnement et risques naturels.\n<\/li>\n<li>G\u00e9nie civil et g\u00e9otechnique.<\/li>\n<\/ul>\n<p>Ce programme de formation pr\u00e9pare les \u00e9tudiants \u00e0 la recherche des gisements (prospection et exploitation), \u00e0 l&#8217;\u00e9tude d\u00e9taill\u00e9e des gisements en cours d&#8217;exploitation (g\u00e9ologie mini\u00e8re), aux techniques du laboratoire et du bureau de g\u00e9ologie. Il les pr\u00e9pare \u00e9galement \u00e0 \u0153uvrer dans les autres domaines d&#8217;application tels que la g\u00e9otechnique, l&#8217;hydrog\u00e9ologie et la g\u00e9ologie de l&#8217;environnement. Ils seront capables d&#8217;ex\u00e9cuter les t\u00e2ches suivantes:<\/p>\n<p>-En prospection\/exploitation: ex\u00e9cuter les lev\u00e9s g\u00e9ologiques, g\u00e9ophysiques et g\u00e9ochimiques, ex\u00e9cuter la mise en plan des r\u00e9sultats de ces lev\u00e9s; diriger des campagnes d&#8217;\u00e9chantillonnage et de forage; examiner les \u00e9chantillons et les carottes pr\u00e9lev\u00e9s.<\/p>\n<p>&#8211; En g\u00e9ologie mini\u00e8re : d\u00e9limiter les fronti\u00e8res du gisement, chercher son prolongement; \u00e9valuer la quantit\u00e9 de minerai et sa teneur moyenne en substance utile.<\/p>\n<p>&#8211; En laboratoire : pr\u00e9parer les \u00e9chantillons de roches et de minerais pour \u00e9tude d\u00e9taill\u00e9e; identifier des min\u00e9raux; faire l&#8217;analyse quantitative d&#8217;\u00e9chantillons.<\/p>\n<p>&#8211; En g\u00e9otechnique : \u00e9tude des sites de construction; contr\u00f4le des terrains \u00e0 risques du fait de la pr\u00e9sence d&#8217;argile.<\/p>\n<p>&#8211; En hydrog\u00e9ologie : rechercher l&#8217;eau souterraine, \u00e9valuer la quantit\u00e9 et la qualit\u00e9 de cette eau et l&#8217;exploiter; identifier et localiser les sources de contamination et leurs effets sur les eaux souterraines.<\/p>\n<p>&#8211; En g\u00e9ologie de l&#8217;environnement : \u00e9tudier les impacts des ph\u00e9nom\u00e8nes g\u00e9ologiques tels que les tremblements de terre, les glissements de terrain, les inondations; d\u00e9terminer l&#8217;influence de l&#8217;homme sur l&#8217;environnement g\u00e9ologique.<\/p>\n<p>Le programme de licence Exploration et exploitation mini\u00e8re\/p\u00e9troli\u00e8re propos\u00e9 par l\u2019UPAB vise \u00e0 r\u00e9pondre aux besoins de l\u2019industrie mini\u00e8re locale et africaine.<\/p>\n","protected":false},"excerpt":{"rendered":"<p>La Licence est un dipl\u00f4me se d\u00e9roulant sur 6 semestres successifs et sous forme d&#8217;unit\u00e9s d&#8217;enseignement capitalisables. L\u2019objectif du projet est d\u2019apporter une r\u00e9ponse satisfaisante aux besoins en personnel technique qualifi\u00e9 de l\u2019industrie mini\u00e8re de la sous-r\u00e9gion, en mettant \u00e0&#8230;<br \/><a class=\"read-more-button\" href=\"https:\/\/www.universiteahmedbaba.com\/web\/formations\/ecole-des-mines-et-du-petrole\/licence-exploration-exploitation-miniere-petroliere\/\">Read more<\/a><\/p>\n","protected":false},"author":4,"featured_media":0,"parent":25,"menu_order":0,"comment_status":"closed","ping_status":"closed","template":"","meta":{"_eb_attr":"","footnotes":""},"class_list":["post-564","page","type-page","status-publish","hentry"],"featured_image_src":null,"_links":{"self":[{"href":"https:\/\/www.universiteahmedbaba.com\/web\/wp-json\/wp\/v2\/pages\/564","targetHints":{"allow":["GET"]}}],"collection":[{"href":"https:\/\/www.universiteahmedbaba.com\/web\/wp-json\/wp\/v2\/pages"}],"about":[{"href":"https:\/\/www.universiteahmedbaba.com\/web\/wp-json\/wp\/v2\/types\/page"}],"author":[{"embeddable":true,"href":"https:\/\/www.universiteahmedbaba.com\/web\/wp-json\/wp\/v2\/users\/4"}],"replies":[{"embeddable":true,"href":"https:\/\/www.universiteahmedbaba.com\/web\/wp-json\/wp\/v2\/comments?post=564"}],"version-history":[{"count":1,"href":"https:\/\/www.universiteahmedbaba.com\/web\/wp-json\/wp\/v2\/pages\/564\/revisions"}],"predecessor-version":[{"id":565,"href":"https:\/\/www.universiteahmedbaba.com\/web\/wp-json\/wp\/v2\/pages\/564\/revisions\/565"}],"up":[{"embeddable":true,"href":"https:\/\/www.universiteahmedbaba.com\/web\/wp-json\/wp\/v2\/pages\/25"}],"wp:attachment":[{"href":"https:\/\/www.universiteahmedbaba.com\/web\/wp-json\/wp\/v2\/media?parent=564"}],"curies":[{"name":"wp","href":"https:\/\/api.w.org\/{rel}","templated":true}]}}