{"id":593,"date":"2016-07-15T17:57:18","date_gmt":"2016-07-15T16:57:18","guid":{"rendered":"http:\/\/www.universiteahmedbaba.com\/web\/?page_id=593"},"modified":"2022-01-11T20:25:12","modified_gmt":"2022-01-11T19:25:12","slug":"programme-tronc-commun-semestre-1-a-4","status":"publish","type":"page","link":"https:\/\/www.universiteahmedbaba.com\/web\/formations\/ecole-des-mines-et-du-petrole\/programme-tronc-commun-semestre-1-a-4\/","title":{"rendered":"Programme tronc commun EMP &#8211; Semestre 1 \u00e0 4"},"content":{"rendered":"<h3 style=\"text-align: left;\">Semestre 1<\/h3>\n<ul>\n<li>UE1 &#8211; Math\u00e9matiques (5 cr\u00e9dits)<div class=\"su-spoiler su-spoiler-style-fancy su-spoiler-icon-folder-2 su-spoiler-closed\" data-scroll-offset=\"0\" data-anchor-in-url=\"no\"><div class=\"su-spoiler-title\" tabindex=\"0\" role=\"button\"><span class=\"su-spoiler-icon\"><\/span>Modules<\/div><div class=\"su-spoiler-content su-u-clearfix su-u-trim\">\n<ul>\n<li>Analyse<\/li>\n<li>G\u00e9om\u00e9trie descriptive<\/li>\n<li>Statistiques<\/li>\n<\/ul>\n<\/div><\/div><\/li>\n<li>UE2 &#8211; Physique (3 cr\u00e9dits)<div class=\"su-spoiler su-spoiler-style-fancy su-spoiler-icon-folder-2 su-spoiler-closed\" data-scroll-offset=\"0\" data-anchor-in-url=\"no\"><div class=\"su-spoiler-title\" tabindex=\"0\" role=\"button\"><span class=\"su-spoiler-icon\"><\/span>Modules<\/div><div class=\"su-spoiler-content su-u-clearfix su-u-trim\">\n<ul>\n<li>M\u00e9canique<\/li>\n<li>Thermodynamique<\/li>\n<\/ul>\n<\/div><\/div><\/li>\n<li>UE3 &#8211; G\u00e9ologie fondamentale (4 cr\u00e9dits)<div class=\"su-spoiler su-spoiler-style-fancy su-spoiler-icon-folder-2 su-spoiler-closed\" data-scroll-offset=\"0\" data-anchor-in-url=\"no\"><div class=\"su-spoiler-title\" tabindex=\"0\" role=\"button\"><span class=\"su-spoiler-icon\"><\/span>Modules<\/div><div class=\"su-spoiler-content su-u-clearfix su-u-trim\">\n<ul>\n<li>Roches et min\u00e9raux<\/li>\n<li>Stratigraphie<\/li>\n<li>Tectonique<\/li>\n<\/ul>\n<\/div><\/div><\/li>\n<li>UE4 &#8211; Dessin technique (3 cr\u00e9dits)<div class=\"su-spoiler su-spoiler-style-fancy su-spoiler-icon-folder-2 su-spoiler-closed\" data-scroll-offset=\"0\" data-anchor-in-url=\"no\"><div class=\"su-spoiler-title\" tabindex=\"0\" role=\"button\"><span class=\"su-spoiler-icon\"><\/span>Modules<\/div><div class=\"su-spoiler-content su-u-clearfix su-u-trim\">\n<ul>\n<li>Dessin technique<\/li>\n<\/ul>\n<\/div><\/div><\/li>\n<li>UE5 &#8211; Anglais (6 cr\u00e9dits)<div class=\"su-spoiler su-spoiler-style-fancy su-spoiler-icon-folder-2 su-spoiler-closed\" data-scroll-offset=\"0\" data-anchor-in-url=\"no\"><div class=\"su-spoiler-title\" tabindex=\"0\" role=\"button\"><span class=\"su-spoiler-icon\"><\/span>Modules<\/div><div class=\"su-spoiler-content su-u-clearfix su-u-trim\">\n<ul>\n<li>Litt\u00e9rature<\/li>\n<li>Traduction<\/li>\n<li>Vocabulaire<\/li>\n<\/ul>\n<\/div><\/div><\/li>\n<li>UE6 &#8211; Fran\u00e7ais (4 cr\u00e9dits)<div class=\"su-spoiler su-spoiler-style-fancy su-spoiler-icon-folder-2 su-spoiler-closed\" data-scroll-offset=\"0\" data-anchor-in-url=\"no\"><div class=\"su-spoiler-title\" tabindex=\"0\" role=\"button\"><span class=\"su-spoiler-icon\"><\/span>Modules<\/div><div class=\"su-spoiler-content su-u-clearfix su-u-trim\">\n<ul>\n<li>Grammaire<\/li>\n<li>Vocabulaire<\/li>\n<li>Techniques d&#8217;expression<\/li>\n<\/ul>\n<\/div><\/div><\/li>\n<li>UE7 &#8211; Projet tutor\u00e9 (5 cr\u00e9dits)<div class=\"su-spoiler su-spoiler-style-fancy su-spoiler-icon-folder-2 su-spoiler-closed\" data-scroll-offset=\"0\" data-anchor-in-url=\"no\"><div class=\"su-spoiler-title\" tabindex=\"0\" role=\"button\"><span class=\"su-spoiler-icon\"><\/span>Modules<\/div><div class=\"su-spoiler-content su-u-clearfix su-u-trim\">\n<ul>\n<li>Techniques de recherche et de prise de parole en public<\/li>\n<\/ul>\n<\/div><\/div><\/li>\n<\/ul>\n<h3 style=\"text-align: left;\">Semestre 2<\/h3>\n<ul>\n<li>UE1 &#8211; Math\u00e9matiques 2 (5 cr\u00e9dits)<div class=\"su-spoiler su-spoiler-style-fancy su-spoiler-icon-folder-2 su-spoiler-closed\" data-scroll-offset=\"0\" data-anchor-in-url=\"no\"><div class=\"su-spoiler-title\" tabindex=\"0\" role=\"button\"><span class=\"su-spoiler-icon\"><\/span>Modules<\/div><div class=\"su-spoiler-content su-u-clearfix su-u-trim\">\n<ul>\n<li>Math\u00e9matiques appliqu\u00e9es<\/li>\n<\/ul>\n<\/div><\/div><\/li>\n<li>UE2 &#8211; Chimie (3 cr\u00e9dits)<div class=\"su-spoiler su-spoiler-style-fancy su-spoiler-icon-folder-2 su-spoiler-closed\" data-scroll-offset=\"0\" data-anchor-in-url=\"no\"><div class=\"su-spoiler-title\" tabindex=\"0\" role=\"button\"><span class=\"su-spoiler-icon\"><\/span>Modules<\/div><div class=\"su-spoiler-content su-u-clearfix su-u-trim\">\n<ul>\n<li>Chimie min\u00e9rale et organique<\/li>\n<\/ul>\n<\/div><\/div><\/li>\n<li>UE3 &#8211; Topographie (2 cr\u00e9dits)<div class=\"su-spoiler su-spoiler-style-fancy su-spoiler-icon-folder-2 su-spoiler-closed\" data-scroll-offset=\"0\" data-anchor-in-url=\"no\"><div class=\"su-spoiler-title\" tabindex=\"0\" role=\"button\"><span class=\"su-spoiler-icon\"><\/span>Modules<\/div><div class=\"su-spoiler-content su-u-clearfix su-u-trim\">\n<ul>\n<li>Topographie<\/li>\n<\/ul>\n<\/div><\/div><\/li>\n<li>UE4 &#8211; Physique (3 cr\u00e9dits)<div class=\"su-spoiler su-spoiler-style-fancy su-spoiler-icon-folder-2 su-spoiler-closed\" data-scroll-offset=\"0\" data-anchor-in-url=\"no\"><div class=\"su-spoiler-title\" tabindex=\"0\" role=\"button\"><span class=\"su-spoiler-icon\"><\/span>Modules<\/div><div class=\"su-spoiler-content su-u-clearfix su-u-trim\">\n<ul>\n<li>Physique<\/li>\n<\/ul>\n<\/div><\/div><\/li>\n<li>UE5 &#8211; Min\u00e9ralogie p\u00e9trologie (6 cr\u00e9dits)<div class=\"su-spoiler su-spoiler-style-fancy su-spoiler-icon-folder-2 su-spoiler-closed\" data-scroll-offset=\"0\" data-anchor-in-url=\"no\"><div class=\"su-spoiler-title\" tabindex=\"0\" role=\"button\"><span class=\"su-spoiler-icon\"><\/span>Modules<\/div><div class=\"su-spoiler-content su-u-clearfix su-u-trim\">\n<ul>\n<li>Min\u00e9ralogie et p\u00e9trographie<\/li>\n<\/ul>\n<\/div><\/div><\/li>\n<li>UE6 &#8211; G\u00e9omorphologie (2 cr\u00e9dits)<div class=\"su-spoiler su-spoiler-style-fancy su-spoiler-icon-folder-2 su-spoiler-closed\" data-scroll-offset=\"0\" data-anchor-in-url=\"no\"><div class=\"su-spoiler-title\" tabindex=\"0\" role=\"button\"><span class=\"su-spoiler-icon\"><\/span>Modules<\/div><div class=\"su-spoiler-content su-u-clearfix su-u-trim\">\n<ul>\n<li>G\u00e9omorphologie<\/li>\n<\/ul>\n<\/div><\/div><\/li>\n<li>UE7 &#8211; Programmation (5 cr\u00e9dits)<div class=\"su-spoiler su-spoiler-style-fancy su-spoiler-icon-folder-2 su-spoiler-closed\" data-scroll-offset=\"0\" data-anchor-in-url=\"no\"><div class=\"su-spoiler-title\" tabindex=\"0\" role=\"button\"><span class=\"su-spoiler-icon\"><\/span>Modules<\/div><div class=\"su-spoiler-content su-u-clearfix su-u-trim\">\n<ul>\n<li>Programmation<\/li>\n<\/ul>\n<\/div><\/div><\/li>\n<li>UE8 &#8211; Anglais (3 cr\u00e9dits)<div class=\"su-spoiler su-spoiler-style-fancy su-spoiler-icon-folder-2 su-spoiler-closed\" data-scroll-offset=\"0\" data-anchor-in-url=\"no\"><div class=\"su-spoiler-title\" tabindex=\"0\" role=\"button\"><span class=\"su-spoiler-icon\"><\/span>Modules<\/div><div class=\"su-spoiler-content su-u-clearfix su-u-trim\">\n<ul>\n<li>Anglais<\/li>\n<\/ul>\n<\/div><\/div><\/li>\n<li>UE9 &#8211; Management (2 cr\u00e9dits)<div class=\"su-spoiler su-spoiler-style-fancy su-spoiler-icon-folder-2 su-spoiler-closed\" data-scroll-offset=\"0\" data-anchor-in-url=\"no\"><div class=\"su-spoiler-title\" tabindex=\"0\" role=\"button\"><span class=\"su-spoiler-icon\"><\/span>Modules<\/div><div class=\"su-spoiler-content su-u-clearfix su-u-trim\">\n<ul>\n<li>L&#8217;entreprise et son environnement<\/li>\n<\/ul>\n<\/div><\/div><\/li>\n<\/ul>\n<h3 style=\"text-align: left;\">Semestre 3<\/h3>\n<ul>\n<li>UE1 &#8211; G\u00e9odynamique (4 cr\u00e9dits)<div class=\"su-spoiler su-spoiler-style-fancy su-spoiler-icon-folder-2 su-spoiler-closed\" data-scroll-offset=\"0\" data-anchor-in-url=\"no\"><div class=\"su-spoiler-title\" tabindex=\"0\" role=\"button\"><span class=\"su-spoiler-icon\"><\/span>Modules<\/div><div class=\"su-spoiler-content su-u-clearfix su-u-trim\">\n<ul>\n<li>G\u00e9odynamique<\/li>\n<\/ul>\n<\/div><\/div><\/li>\n<li>UE2 &#8211; G\u00e9ologie de l&#8217;ing\u00e9nieur (4 cr\u00e9dits)<div class=\"su-spoiler su-spoiler-style-fancy su-spoiler-icon-folder-2 su-spoiler-closed\" data-scroll-offset=\"0\" data-anchor-in-url=\"no\"><div class=\"su-spoiler-title\" tabindex=\"0\" role=\"button\"><span class=\"su-spoiler-icon\"><\/span>Modules<\/div><div class=\"su-spoiler-content su-u-clearfix su-u-trim\">\n<ul>\n<li>Techniques g\u00e9ologiques<\/li>\n<\/ul>\n<\/div><\/div><\/li>\n<li>UE3 &#8211; Cartographie (4 cr\u00e9dits)<div class=\"su-spoiler su-spoiler-style-fancy su-spoiler-icon-folder-2 su-spoiler-closed\" data-scroll-offset=\"0\" data-anchor-in-url=\"no\"><div class=\"su-spoiler-title\" tabindex=\"0\" role=\"button\"><span class=\"su-spoiler-icon\"><\/span>Modules<\/div><div class=\"su-spoiler-content su-u-clearfix su-u-trim\">\n<ul>\n<li>Coupes g\u00e9ologiques<\/li>\n<li>Lev\u00e9s g\u00e9ologiques<\/li>\n<\/ul>\n<\/div><\/div><\/li>\n<li>UE4 &#8211; Projet tutor\u00e9 (5 cr\u00e9dits)<div class=\"su-spoiler su-spoiler-style-fancy su-spoiler-icon-folder-2 su-spoiler-closed\" data-scroll-offset=\"0\" data-anchor-in-url=\"no\"><div class=\"su-spoiler-title\" tabindex=\"0\" role=\"button\"><span class=\"su-spoiler-icon\"><\/span>Modules<\/div><div class=\"su-spoiler-content su-u-clearfix su-u-trim\">\n<ul>\n<li>Th\u00e8me: Avantages et inconv\u00e9nients du code minier<\/li>\n<\/ul>\n<\/div><\/div><\/li>\n<li>UE5 &#8211; Comptabilit\u00e9 (4 cr\u00e9dits)<div class=\"su-spoiler su-spoiler-style-fancy su-spoiler-icon-folder-2 su-spoiler-closed\" data-scroll-offset=\"0\" data-anchor-in-url=\"no\"><div class=\"su-spoiler-title\" tabindex=\"0\" role=\"button\"><span class=\"su-spoiler-icon\"><\/span>Modules<\/div><div class=\"su-spoiler-content su-u-clearfix su-u-trim\">\n<ul>\n<li>Comptabilit\u00e9<\/li>\n<\/ul>\n<\/div><\/div><\/li>\n<li>UE6 &#8211; G\u00e9ologie structurelle (6 cr\u00e9dits)<div class=\"su-spoiler su-spoiler-style-fancy su-spoiler-icon-folder-2 su-spoiler-closed\" data-scroll-offset=\"0\" data-anchor-in-url=\"no\"><div class=\"su-spoiler-title\" tabindex=\"0\" role=\"button\"><span class=\"su-spoiler-icon\"><\/span>Modules<\/div><div class=\"su-spoiler-content su-u-clearfix su-u-trim\">\n<ul>\n<li>G\u00e9ologie structurelle<\/li>\n<\/ul>\n<\/div><\/div><\/li>\n<li>UE7 &#8211; Anglais (4 cr\u00e9dits)<div class=\"su-spoiler su-spoiler-style-fancy su-spoiler-icon-folder-2 su-spoiler-closed\" data-scroll-offset=\"0\" data-anchor-in-url=\"no\"><div class=\"su-spoiler-title\" tabindex=\"0\" role=\"button\"><span class=\"su-spoiler-icon\"><\/span>Modules<\/div><div class=\"su-spoiler-content su-u-clearfix su-u-trim\">\n<ul>\n<li>Anglais<\/li>\n<\/ul>\n<\/div><\/div><\/li>\n<\/ul>\n<h3 style=\"text-align: left;\">Semestre 4<\/h3>\n<ul>\n<li>UE1 &#8211; G\u00e9ophysique (3 cr\u00e9dits)<div class=\"su-spoiler su-spoiler-style-fancy su-spoiler-icon-folder-2 su-spoiler-closed\" data-scroll-offset=\"0\" data-anchor-in-url=\"no\"><div class=\"su-spoiler-title\" tabindex=\"0\" role=\"button\"><span class=\"su-spoiler-icon\"><\/span>Modules<\/div><div class=\"su-spoiler-content su-u-clearfix su-u-trim\">\n<ul>\n<li>G\u00e9ophysique<\/li>\n<\/ul>\n<\/div><\/div><\/li>\n<li>UE2 &#8211; M\u00e9tallog\u00e9nie (3 cr\u00e9dits)<div class=\"su-spoiler su-spoiler-style-fancy su-spoiler-icon-folder-2 su-spoiler-closed\" data-scroll-offset=\"0\" data-anchor-in-url=\"no\"><div class=\"su-spoiler-title\" tabindex=\"0\" role=\"button\"><span class=\"su-spoiler-icon\"><\/span>Modules<\/div><div class=\"su-spoiler-content su-u-clearfix su-u-trim\">\n<ul>\n<li>M\u00e9tallog\u00e9nie<\/li>\n<\/ul>\n<\/div><\/div><\/li>\n<li>UE3 &#8211; Hydrog\u00e9ologie appliqu\u00e9e (3 cr\u00e9dits)<div class=\"su-spoiler su-spoiler-style-fancy su-spoiler-icon-folder-2 su-spoiler-closed\" data-scroll-offset=\"0\" data-anchor-in-url=\"no\"><div class=\"su-spoiler-title\" tabindex=\"0\" role=\"button\"><span class=\"su-spoiler-icon\"><\/span>Modules<\/div><div class=\"su-spoiler-content su-u-clearfix su-u-trim\">\n<ul>\n<li>Hydrog\u00e9ologie appliqu\u00e9e<\/li>\n<\/ul>\n<\/div><\/div><\/li>\n<li>UE4 &#8211; G\u00e9ochimie (3 cr\u00e9dits)<div class=\"su-spoiler su-spoiler-style-fancy su-spoiler-icon-folder-2 su-spoiler-closed\" data-scroll-offset=\"0\" data-anchor-in-url=\"no\"><div class=\"su-spoiler-title\" tabindex=\"0\" role=\"button\"><span class=\"su-spoiler-icon\"><\/span>Modules<\/div><div class=\"su-spoiler-content su-u-clearfix su-u-trim\">\n<ul>\n<li>G\u00e9ochimie<\/li>\n<\/ul>\n<\/div><\/div><\/li>\n<li>UE5 &#8211; Photog\u00e9ologie et t\u00e9l\u00e9d\u00e9tection (2 cr\u00e9dits)<div class=\"su-spoiler su-spoiler-style-fancy su-spoiler-icon-folder-2 su-spoiler-closed\" data-scroll-offset=\"0\" data-anchor-in-url=\"no\"><div class=\"su-spoiler-title\" tabindex=\"0\" role=\"button\"><span class=\"su-spoiler-icon\"><\/span>Modules<\/div><div class=\"su-spoiler-content su-u-clearfix su-u-trim\">\n<ul>\n<li>Photog\u00e9ologie<\/li>\n<\/ul>\n<\/div><\/div><\/li>\n<li>UE6 &#8211; SIG (2 cr\u00e9dits)<div class=\"su-spoiler su-spoiler-style-fancy su-spoiler-icon-folder-2 su-spoiler-closed\" data-scroll-offset=\"0\" data-anchor-in-url=\"no\"><div class=\"su-spoiler-title\" tabindex=\"0\" role=\"button\"><span class=\"su-spoiler-icon\"><\/span>Modules<\/div><div class=\"su-spoiler-content su-u-clearfix su-u-trim\">\n<ul>\n<li>SIG<\/li>\n<\/ul>\n<\/div><\/div><\/li>\n<li>UE7 &#8211; Exploration mini\u00e8re (4 cr\u00e9dits)<div class=\"su-spoiler su-spoiler-style-fancy su-spoiler-icon-folder-2 su-spoiler-closed\" data-scroll-offset=\"0\" data-anchor-in-url=\"no\"><div class=\"su-spoiler-title\" tabindex=\"0\" role=\"button\"><span class=\"su-spoiler-icon\"><\/span>Modules<\/div><div class=\"su-spoiler-content su-u-clearfix su-u-trim\">\n<ul>\n<li>Exploration<\/li>\n<\/ul>\n<\/div><\/div><\/li>\n<li>UE8 &#8211; Exploitation mini\u00e8re (3 cr\u00e9dits)<div class=\"su-spoiler su-spoiler-style-fancy su-spoiler-icon-folder-2 su-spoiler-closed\" data-scroll-offset=\"0\" data-anchor-in-url=\"no\"><div class=\"su-spoiler-title\" tabindex=\"0\" role=\"button\"><span class=\"su-spoiler-icon\"><\/span>Modules<\/div><div class=\"su-spoiler-content su-u-clearfix su-u-trim\">\n<ul>\n<li>Exploitation<\/li>\n<\/ul>\n<\/div><\/div><\/li>\n<li>UE9 &#8211; Management II (2 cr\u00e9dits)<div class=\"su-spoiler su-spoiler-style-fancy su-spoiler-icon-folder-2 su-spoiler-closed\" data-scroll-offset=\"0\" data-anchor-in-url=\"no\"><div class=\"su-spoiler-title\" tabindex=\"0\" role=\"button\"><span class=\"su-spoiler-icon\"><\/span>Modules<\/div><div class=\"su-spoiler-content su-u-clearfix su-u-trim\">\n<ul>\n<li>Comptabilit\u00e9 et gestion des entreprises mini\u00e8res<\/li>\n<\/ul>\n<\/div><\/div><\/li>\n<li>UE10 &#8211; Stage (5 cr\u00e9dits)<div class=\"su-spoiler su-spoiler-style-fancy su-spoiler-icon-folder-2 su-spoiler-closed\" data-scroll-offset=\"0\" data-anchor-in-url=\"no\"><div class=\"su-spoiler-title\" tabindex=\"0\" role=\"button\"><span class=\"su-spoiler-icon\"><\/span>Modules<\/div><div class=\"su-spoiler-content su-u-clearfix su-u-trim\">\n<ul>\n<li>Deux semaines de pratique sur le terrain<\/li>\n<\/ul>\n<\/div><\/div><\/li>\n<\/ul>\n","protected":false},"excerpt":{"rendered":"<p>Semestre 1 UE1 &#8211; Math\u00e9matiques (5 cr\u00e9dits) UE2 &#8211; Physique (3 cr\u00e9dits) UE3 &#8211; G\u00e9ologie fondamentale (4 cr\u00e9dits) UE4 &#8211; Dessin technique (3 cr\u00e9dits) UE5 &#8211; Anglais (6 cr\u00e9dits) UE6 &#8211; Fran\u00e7ais (4 cr\u00e9dits) UE7 &#8211; Projet tutor\u00e9 (5 cr\u00e9dits)&#8230;<br \/><a class=\"read-more-button\" href=\"https:\/\/www.universiteahmedbaba.com\/web\/formations\/ecole-des-mines-et-du-petrole\/programme-tronc-commun-semestre-1-a-4\/\">Read more<\/a><\/p>\n","protected":false},"author":4,"featured_media":0,"parent":25,"menu_order":0,"comment_status":"closed","ping_status":"closed","template":"","meta":{"_eb_attr":"","footnotes":""},"class_list":["post-593","page","type-page","status-publish","hentry"],"featured_image_src":null,"_links":{"self":[{"href":"https:\/\/www.universiteahmedbaba.com\/web\/wp-json\/wp\/v2\/pages\/593","targetHints":{"allow":["GET"]}}],"collection":[{"href":"https:\/\/www.universiteahmedbaba.com\/web\/wp-json\/wp\/v2\/pages"}],"about":[{"href":"https:\/\/www.universiteahmedbaba.com\/web\/wp-json\/wp\/v2\/types\/page"}],"author":[{"embeddable":true,"href":"https:\/\/www.universiteahmedbaba.com\/web\/wp-json\/wp\/v2\/users\/4"}],"replies":[{"embeddable":true,"href":"https:\/\/www.universiteahmedbaba.com\/web\/wp-json\/wp\/v2\/comments?post=593"}],"version-history":[{"count":24,"href":"https:\/\/www.universiteahmedbaba.com\/web\/wp-json\/wp\/v2\/pages\/593\/revisions"}],"predecessor-version":[{"id":618,"href":"https:\/\/www.universiteahmedbaba.com\/web\/wp-json\/wp\/v2\/pages\/593\/revisions\/618"}],"up":[{"embeddable":true,"href":"https:\/\/www.universiteahmedbaba.com\/web\/wp-json\/wp\/v2\/pages\/25"}],"wp:attachment":[{"href":"https:\/\/www.universiteahmedbaba.com\/web\/wp-json\/wp\/v2\/media?parent=593"}],"curies":[{"name":"wp","href":"https:\/\/api.w.org\/{rel}","templated":true}]}}