{"id":6,"date":"2015-03-28T16:55:50","date_gmt":"2015-03-28T15:55:50","guid":{"rendered":"http:\/\/127.0.0.1\/universiteahmedbaba.com\/?page_id=6"},"modified":"2018-03-16T20:40:25","modified_gmt":"2018-03-16T19:40:25","slug":"reglement-interieur","status":"publish","type":"page","link":"https:\/\/www.universiteahmedbaba.com\/web\/reglement-interieur\/","title":{"rendered":"R\u00e8glement Int\u00e9rieur"},"content":{"rendered":"<p>Le service priv\u00e9 de l\u2019enseignement sup\u00e9rieur est la\u00efc et ind\u00e9pendant de toute emprise politique, \u00e9conomique, religieuse ou id\u00e9ologique; il tend \u00e0 l\u2019objectivit\u00e9 du savoir; il respecte la diversit\u00e9 des opinions. Le principe de la\u00efcit\u00e9 de l\u2019enseignement priv\u00e9 est un principe \u00e0 valeur constitutionnelle. (&#8230;)<br \/>\nTrouvez ci dessous le r\u00e8glement int\u00e9rieur de l&#8217;Universit\u00e9 Priv\u00e9 Ahmed Baba en format PDF.<br \/>\nApprouv\u00e9 par le Conseil d&#8217;Orientation<\/p>\n<p><a title=\"r\u00e8glement int\u00e9rieur de l'Universit\u00e9 Priv\u00e9 Ahmed Baba\" href=\"http:\/\/www.universiteahmedbaba.com\/web\/wp-content\/uploads\/2015\/03\/reglement_interieur.pdf\" target=\"_blank\">T\u00e9l\u00e9charger le document<\/a><\/p>\n","protected":false},"excerpt":{"rendered":"<p>Le service priv\u00e9 de l\u2019enseignement sup\u00e9rieur est la\u00efc et ind\u00e9pendant de toute emprise politique, \u00e9conomique, religieuse ou id\u00e9ologique; il tend \u00e0 l\u2019objectivit\u00e9 du savoir; il respecte la diversit\u00e9 des opinions. Le principe de la\u00efcit\u00e9 de l\u2019enseignement priv\u00e9 est un principe&#8230;<br \/><a class=\"read-more-button\" href=\"https:\/\/www.universiteahmedbaba.com\/web\/reglement-interieur\/\">Read more<\/a><\/p>\n","protected":false},"author":4,"featured_media":0,"parent":0,"menu_order":0,"comment_status":"closed","ping_status":"open","template":"","meta":{"_eb_attr":"","footnotes":""},"class_list":["post-6","page","type-page","status-publish","hentry"],"featured_image_src":null,"_links":{"self":[{"href":"https:\/\/www.universiteahmedbaba.com\/web\/wp-json\/wp\/v2\/pages\/6","targetHints":{"allow":["GET"]}}],"collection":[{"href":"https:\/\/www.universiteahmedbaba.com\/web\/wp-json\/wp\/v2\/pages"}],"about":[{"href":"https:\/\/www.universiteahmedbaba.com\/web\/wp-json\/wp\/v2\/types\/page"}],"author":[{"embeddable":true,"href":"https:\/\/www.universiteahmedbaba.com\/web\/wp-json\/wp\/v2\/users\/4"}],"replies":[{"embeddable":true,"href":"https:\/\/www.universiteahmedbaba.com\/web\/wp-json\/wp\/v2\/comments?post=6"}],"version-history":[{"count":5,"href":"https:\/\/www.universiteahmedbaba.com\/web\/wp-json\/wp\/v2\/pages\/6\/revisions"}],"predecessor-version":[{"id":845,"href":"https:\/\/www.universiteahmedbaba.com\/web\/wp-json\/wp\/v2\/pages\/6\/revisions\/845"}],"wp:attachment":[{"href":"https:\/\/www.universiteahmedbaba.com\/web\/wp-json\/wp\/v2\/media?parent=6"}],"curies":[{"name":"wp","href":"https:\/\/api.w.org\/{rel}","templated":true}]}}