{"id":628,"date":"2016-07-18T16:44:51","date_gmt":"2016-07-18T15:44:51","guid":{"rendered":"http:\/\/www.universiteahmedbaba.com\/web\/?page_id=628"},"modified":"2016-07-18T17:07:31","modified_gmt":"2016-07-18T16:07:31","slug":"programme-l3-prospection-miniere-semestre-5-a-6","status":"publish","type":"page","link":"https:\/\/www.universiteahmedbaba.com\/web\/formations\/ecole-des-mines-et-du-petrole\/programme-l3-prospection-miniere-semestre-5-a-6\/","title":{"rendered":"Programme L3 Prospection mini\u00e8re &#8211; semestre 5 \u00e0 6"},"content":{"rendered":"<h3 style=\"text-align: left;\">Semestre 5<\/h3>\n<ul>\n<li>UE1 &#8211; G\u00e9ologie de l&#8217;ing\u00e9nieur (5 cr\u00e9dits)<div class=\"su-spoiler su-spoiler-style-fancy su-spoiler-icon-folder-2 su-spoiler-closed\" data-scroll-offset=\"0\" data-anchor-in-url=\"no\"><div class=\"su-spoiler-title\" tabindex=\"0\" role=\"button\"><span class=\"su-spoiler-icon\"><\/span>Modules<\/div><div class=\"su-spoiler-content su-u-clearfix su-u-trim\">\n<ul>\n<li>G\u00e9ologie de l&#8217;ing\u00e9nieur<\/li>\n<\/ul>\n<\/div><\/div><\/li>\n<li>UE2 &#8211; G\u00e9ophysique appliqu\u00e9e 1 (5 cr\u00e9dits)<div class=\"su-spoiler su-spoiler-style-fancy su-spoiler-icon-folder-2 su-spoiler-closed\" data-scroll-offset=\"0\" data-anchor-in-url=\"no\"><div class=\"su-spoiler-title\" tabindex=\"0\" role=\"button\"><span class=\"su-spoiler-icon\"><\/span>Modules<\/div><div class=\"su-spoiler-content su-u-clearfix su-u-trim\">\n<ul>\n<li>G\u00e9ophysique appliqu\u00e9e<\/li>\n<\/ul>\n<\/div><\/div><\/li>\n<li>UE3 &#8211; G\u00e9nie civil (4 cr\u00e9dits)<div class=\"su-spoiler su-spoiler-style-fancy su-spoiler-icon-folder-2 su-spoiler-closed\" data-scroll-offset=\"0\" data-anchor-in-url=\"no\"><div class=\"su-spoiler-title\" tabindex=\"0\" role=\"button\"><span class=\"su-spoiler-icon\"><\/span>Modules<\/div><div class=\"su-spoiler-content su-u-clearfix su-u-trim\">\n<ul>\n<li>G\u00e9nie civil<\/li>\n<\/ul>\n<\/div><\/div><\/li>\n<li>UE4 &#8211; Exploitation des mines (4 cr\u00e9dits)<div class=\"su-spoiler su-spoiler-style-fancy su-spoiler-icon-folder-2 su-spoiler-closed\" data-scroll-offset=\"0\" data-anchor-in-url=\"no\"><div class=\"su-spoiler-title\" tabindex=\"0\" role=\"button\"><span class=\"su-spoiler-icon\"><\/span>Modules<\/div><div class=\"su-spoiler-content su-u-clearfix su-u-trim\">\n<ul>\n<li>Contr\u00f4le de la qualit\u00e9 des produits<\/li>\n<\/ul>\n<\/div><\/div><\/li>\n<li>UE5 &#8211; Gestion d&#8217;entreprise mini\u00e8re (2 cr\u00e9dits)<div class=\"su-spoiler su-spoiler-style-fancy su-spoiler-icon-folder-2 su-spoiler-closed\" data-scroll-offset=\"0\" data-anchor-in-url=\"no\"><div class=\"su-spoiler-title\" tabindex=\"0\" role=\"button\"><span class=\"su-spoiler-icon\"><\/span>Modules<\/div><div class=\"su-spoiler-content su-u-clearfix su-u-trim\">\n<ul>\n<li>Gestion<\/li>\n<\/ul>\n<\/div><\/div><\/li>\n<li>UE6 &#8211; Machines et engins m\u00e9caniques (2 cr\u00e9dits)<div class=\"su-spoiler su-spoiler-style-fancy su-spoiler-icon-folder-2 su-spoiler-closed\" data-scroll-offset=\"0\" data-anchor-in-url=\"no\"><div class=\"su-spoiler-title\" tabindex=\"0\" role=\"button\"><span class=\"su-spoiler-icon\"><\/span>Modules<\/div><div class=\"su-spoiler-content su-u-clearfix su-u-trim\">\n<ul>\n<li>Machines et engins m\u00e9caniques<\/li>\n<\/ul>\n<\/div><\/div><\/li>\n<li>UE7 &#8211; Gestion de l&#8217;environnement (2 cr\u00e9dits)<div class=\"su-spoiler su-spoiler-style-fancy su-spoiler-icon-folder-2 su-spoiler-closed\" data-scroll-offset=\"0\" data-anchor-in-url=\"no\"><div class=\"su-spoiler-title\" tabindex=\"0\" role=\"button\"><span class=\"su-spoiler-icon\"><\/span>Modules<\/div><div class=\"su-spoiler-content su-u-clearfix su-u-trim\">\n<ul>\n<li>Gestion de l&#8217;environnement<\/li>\n<\/ul>\n<\/div><\/div><\/li>\n<li>UE8 &#8211; Projet tutor\u00e9 (5 cr\u00e9dits)<div class=\"su-spoiler su-spoiler-style-fancy su-spoiler-icon-folder-2 su-spoiler-closed\" data-scroll-offset=\"0\" data-anchor-in-url=\"no\"><div class=\"su-spoiler-title\" tabindex=\"0\" role=\"button\"><span class=\"su-spoiler-icon\"><\/span>Modules<\/div><div class=\"su-spoiler-content su-u-clearfix su-u-trim\">\n<ul>\n<li>Th\u00e8me: Enqu\u00eate sur le devenir des \u00e9tudiants de l&#8217;\u00e9cole des mines<\/li>\n<\/ul>\n<\/div><\/div><\/li>\n<li>UE9 &#8211; L\u00e9gislation mini\u00e8re (1 cr\u00e9dits)<div class=\"su-spoiler su-spoiler-style-fancy su-spoiler-icon-folder-2 su-spoiler-closed\" data-scroll-offset=\"0\" data-anchor-in-url=\"no\"><div class=\"su-spoiler-title\" tabindex=\"0\" role=\"button\"><span class=\"su-spoiler-icon\"><\/span>Modules<\/div><div class=\"su-spoiler-content su-u-clearfix su-u-trim\">\n<ul>\n<li>Droit minier<\/li>\n<\/ul>\n<\/div><\/div><\/li>\n<\/ul>\n<h3 style=\"text-align: left;\">Semestre 6<\/h3>\n<ul>\n<li>UE1 &#8211; Stage (30 cr\u00e9dits)<div class=\"su-spoiler su-spoiler-style-fancy su-spoiler-icon-folder-2 su-spoiler-closed\" data-scroll-offset=\"0\" data-anchor-in-url=\"no\"><div class=\"su-spoiler-title\" tabindex=\"0\" role=\"button\"><span class=\"su-spoiler-icon\"><\/span>Modules<\/div><div class=\"su-spoiler-content su-u-clearfix su-u-trim\">\n<ul>\n<li>Projet de fin de cycle<\/li>\n<li>Stage pratique<\/li>\n<\/ul>\n<\/div><\/div><\/li>\n<\/ul>\n","protected":false},"excerpt":{"rendered":"<p>Semestre 5 UE1 &#8211; G\u00e9ologie de l&#8217;ing\u00e9nieur (5 cr\u00e9dits) UE2 &#8211; G\u00e9ophysique appliqu\u00e9e 1 (5 cr\u00e9dits) UE3 &#8211; G\u00e9nie civil (4 cr\u00e9dits) UE4 &#8211; Exploitation des mines (4 cr\u00e9dits) UE5 &#8211; Gestion d&#8217;entreprise mini\u00e8re (2 cr\u00e9dits) UE6 &#8211; Machines et&#8230;<br \/><a class=\"read-more-button\" href=\"https:\/\/www.universiteahmedbaba.com\/web\/formations\/ecole-des-mines-et-du-petrole\/programme-l3-prospection-miniere-semestre-5-a-6\/\">Read more<\/a><\/p>\n","protected":false},"author":4,"featured_media":0,"parent":25,"menu_order":0,"comment_status":"closed","ping_status":"closed","template":"","meta":{"_eb_attr":"","footnotes":""},"class_list":["post-628","page","type-page","status-publish","hentry"],"featured_image_src":null,"_links":{"self":[{"href":"https:\/\/www.universiteahmedbaba.com\/web\/wp-json\/wp\/v2\/pages\/628","targetHints":{"allow":["GET"]}}],"collection":[{"href":"https:\/\/www.universiteahmedbaba.com\/web\/wp-json\/wp\/v2\/pages"}],"about":[{"href":"https:\/\/www.universiteahmedbaba.com\/web\/wp-json\/wp\/v2\/types\/page"}],"author":[{"embeddable":true,"href":"https:\/\/www.universiteahmedbaba.com\/web\/wp-json\/wp\/v2\/users\/4"}],"replies":[{"embeddable":true,"href":"https:\/\/www.universiteahmedbaba.com\/web\/wp-json\/wp\/v2\/comments?post=628"}],"version-history":[{"count":4,"href":"https:\/\/www.universiteahmedbaba.com\/web\/wp-json\/wp\/v2\/pages\/628\/revisions"}],"predecessor-version":[{"id":633,"href":"https:\/\/www.universiteahmedbaba.com\/web\/wp-json\/wp\/v2\/pages\/628\/revisions\/633"}],"up":[{"embeddable":true,"href":"https:\/\/www.universiteahmedbaba.com\/web\/wp-json\/wp\/v2\/pages\/25"}],"wp:attachment":[{"href":"https:\/\/www.universiteahmedbaba.com\/web\/wp-json\/wp\/v2\/media?parent=628"}],"curies":[{"name":"wp","href":"https:\/\/api.w.org\/{rel}","templated":true}]}}