{"id":634,"date":"2016-07-18T18:36:11","date_gmt":"2016-07-18T17:36:11","guid":{"rendered":"http:\/\/www.universiteahmedbaba.com\/web\/?page_id=634"},"modified":"2016-07-18T18:45:28","modified_gmt":"2016-07-18T17:45:28","slug":"programme-l3-commerce-international-semestre-5-a-6","status":"publish","type":"page","link":"https:\/\/www.universiteahmedbaba.com\/web\/formations\/institut-des-sciences-economiques-et-de-gestion\/programme-l3-commerce-international-semestre-5-a-6\/","title":{"rendered":"Programme L3 Commerce international &#8211; semestre 5 \u00e0 6"},"content":{"rendered":"<h3 style=\"text-align: left;\">Semestre 5<\/h3>\n<ul>\n<li>UE1 &#8211; Marketing fondamental (5 cr\u00e9dits)<div class=\"su-spoiler su-spoiler-style-fancy su-spoiler-icon-folder-2 su-spoiler-closed\" data-scroll-offset=\"0\" data-anchor-in-url=\"no\"><div class=\"su-spoiler-title\" tabindex=\"0\" role=\"button\"><span class=\"su-spoiler-icon\"><\/span>Modules<\/div><div class=\"su-spoiler-content su-u-clearfix su-u-trim\">\n<ul>\n<li>Marketing fondamental<\/li>\n<\/ul>\n<\/div><\/div><\/li>\n<li>UE2 &#8211; Marketing strat\u00e9gique (4 cr\u00e9dits)<div class=\"su-spoiler su-spoiler-style-fancy su-spoiler-icon-folder-2 su-spoiler-closed\" data-scroll-offset=\"0\" data-anchor-in-url=\"no\"><div class=\"su-spoiler-title\" tabindex=\"0\" role=\"button\"><span class=\"su-spoiler-icon\"><\/span>Modules<\/div><div class=\"su-spoiler-content su-u-clearfix su-u-trim\">\n<ul>\n<li>Marketing strat\u00e9gique<\/li>\n<\/ul>\n<\/div><\/div><\/li>\n<li>UE3 &#8211; Gestion et analyse financi\u00e8re (3 cr\u00e9dits)<div class=\"su-spoiler su-spoiler-style-fancy su-spoiler-icon-folder-2 su-spoiler-closed\" data-scroll-offset=\"0\" data-anchor-in-url=\"no\"><div class=\"su-spoiler-title\" tabindex=\"0\" role=\"button\"><span class=\"su-spoiler-icon\"><\/span>Modules<\/div><div class=\"su-spoiler-content su-u-clearfix su-u-trim\">\n<ul>\n<li>Gestion et analyse financi\u00e8re<\/li>\n<\/ul>\n<\/div><\/div><\/li>\n<li>UE4 &#8211; Marketing de service (3 cr\u00e9dits)<div class=\"su-spoiler su-spoiler-style-fancy su-spoiler-icon-folder-2 su-spoiler-closed\" data-scroll-offset=\"0\" data-anchor-in-url=\"no\"><div class=\"su-spoiler-title\" tabindex=\"0\" role=\"button\"><span class=\"su-spoiler-icon\"><\/span>Modules<\/div><div class=\"su-spoiler-content su-u-clearfix su-u-trim\">\n<ul>\n<li>Marketing de service<\/li>\n<\/ul>\n<\/div><\/div><\/li>\n<li>UE5 &#8211; Business plan (1 cr\u00e9dits)<div class=\"su-spoiler su-spoiler-style-fancy su-spoiler-icon-folder-2 su-spoiler-closed\" data-scroll-offset=\"0\" data-anchor-in-url=\"no\"><div class=\"su-spoiler-title\" tabindex=\"0\" role=\"button\"><span class=\"su-spoiler-icon\"><\/span>Modules<\/div><div class=\"su-spoiler-content su-u-clearfix su-u-trim\">\n<ul>\n<li>Business plan<\/li>\n<\/ul>\n<\/div><\/div><\/li>\n<li>UE6 &#8211; Commerce international (2 cr\u00e9dits)<div class=\"su-spoiler su-spoiler-style-fancy su-spoiler-icon-folder-2 su-spoiler-closed\" data-scroll-offset=\"0\" data-anchor-in-url=\"no\"><div class=\"su-spoiler-title\" tabindex=\"0\" role=\"button\"><span class=\"su-spoiler-icon\"><\/span>Modules<\/div><div class=\"su-spoiler-content su-u-clearfix su-u-trim\">\n<ul>\n<li>Commerce international<\/li>\n<\/ul>\n<\/div><\/div><\/li>\n<li>UE7 &#8211; Anglais (4 cr\u00e9dits)<div class=\"su-spoiler su-spoiler-style-fancy su-spoiler-icon-folder-2 su-spoiler-closed\" data-scroll-offset=\"0\" data-anchor-in-url=\"no\"><div class=\"su-spoiler-title\" tabindex=\"0\" role=\"button\"><span class=\"su-spoiler-icon\"><\/span>Modules<\/div><div class=\"su-spoiler-content su-u-clearfix su-u-trim\">\n<ul>\n<li>Anglais<\/li>\n<\/ul>\n<\/div><\/div><\/li>\n<li>UE8 &#8211; Communication d&#8217;entreprise (2 cr\u00e9dits)<div class=\"su-spoiler su-spoiler-style-fancy su-spoiler-icon-folder-2 su-spoiler-closed\" data-scroll-offset=\"0\" data-anchor-in-url=\"no\"><div class=\"su-spoiler-title\" tabindex=\"0\" role=\"button\"><span class=\"su-spoiler-icon\"><\/span>Modules<\/div><div class=\"su-spoiler-content su-u-clearfix su-u-trim\">\n<ul>\n<li><\/li>\n<\/ul>\n<\/div><\/div><\/li>\n<li>UE9 &#8211; Logistique internationale (3 cr\u00e9dits)<div class=\"su-spoiler su-spoiler-style-fancy su-spoiler-icon-folder-2 su-spoiler-closed\" data-scroll-offset=\"0\" data-anchor-in-url=\"no\"><div class=\"su-spoiler-title\" tabindex=\"0\" role=\"button\"><span class=\"su-spoiler-icon\"><\/span>Modules<\/div><div class=\"su-spoiler-content su-u-clearfix su-u-trim\">\n<ul>\n<li>Logistique internationale<\/li>\n<\/ul>\n<\/div><\/div><\/li>\n<li>UE10 &#8211; Achat et n\u00e9gociation commerciale (3 cr\u00e9dits)<div class=\"su-spoiler su-spoiler-style-fancy su-spoiler-icon-folder-2 su-spoiler-closed\" data-scroll-offset=\"0\" data-anchor-in-url=\"no\"><div class=\"su-spoiler-title\" tabindex=\"0\" role=\"button\"><span class=\"su-spoiler-icon\"><\/span>Modules<\/div><div class=\"su-spoiler-content su-u-clearfix su-u-trim\">\n<ul>\n<li>Achat et n\u00e9gociation commerciale<\/li>\n<\/ul>\n<\/div><\/div><\/li>\n<\/ul>\n<h3 style=\"text-align: left;\">Semestre 6<\/h3>\n<ul>\n<li>UE1 &#8211; Projet de fin de cycle (30 cr\u00e9dits)<div class=\"su-spoiler su-spoiler-style-fancy su-spoiler-icon-folder-2 su-spoiler-closed\" data-scroll-offset=\"0\" data-anchor-in-url=\"no\"><div class=\"su-spoiler-title\" tabindex=\"0\" role=\"button\"><span class=\"su-spoiler-icon\"><\/span>Modules<\/div><div class=\"su-spoiler-content su-u-clearfix su-u-trim\">\n<ul>\n<li>Projet de fin de cycle<\/li>\n<li>Stage pratique<\/li>\n<\/ul>\n<\/div><\/div><\/li>\n<\/ul>\n","protected":false},"excerpt":{"rendered":"<p>Semestre 5 UE1 &#8211; Marketing fondamental (5 cr\u00e9dits) UE2 &#8211; Marketing strat\u00e9gique (4 cr\u00e9dits) UE3 &#8211; Gestion et analyse financi\u00e8re (3 cr\u00e9dits) UE4 &#8211; Marketing de service (3 cr\u00e9dits) UE5 &#8211; Business plan (1 cr\u00e9dits) UE6 &#8211; Commerce international (2&#8230;<br \/><a class=\"read-more-button\" href=\"https:\/\/www.universiteahmedbaba.com\/web\/formations\/institut-des-sciences-economiques-et-de-gestion\/programme-l3-commerce-international-semestre-5-a-6\/\">Read more<\/a><\/p>\n","protected":false},"author":4,"featured_media":0,"parent":29,"menu_order":0,"comment_status":"closed","ping_status":"closed","template":"","meta":{"_eb_attr":"","footnotes":""},"class_list":["post-634","page","type-page","status-publish","hentry"],"featured_image_src":null,"_links":{"self":[{"href":"https:\/\/www.universiteahmedbaba.com\/web\/wp-json\/wp\/v2\/pages\/634","targetHints":{"allow":["GET"]}}],"collection":[{"href":"https:\/\/www.universiteahmedbaba.com\/web\/wp-json\/wp\/v2\/pages"}],"about":[{"href":"https:\/\/www.universiteahmedbaba.com\/web\/wp-json\/wp\/v2\/types\/page"}],"author":[{"embeddable":true,"href":"https:\/\/www.universiteahmedbaba.com\/web\/wp-json\/wp\/v2\/users\/4"}],"replies":[{"embeddable":true,"href":"https:\/\/www.universiteahmedbaba.com\/web\/wp-json\/wp\/v2\/comments?post=634"}],"version-history":[{"count":3,"href":"https:\/\/www.universiteahmedbaba.com\/web\/wp-json\/wp\/v2\/pages\/634\/revisions"}],"predecessor-version":[{"id":638,"href":"https:\/\/www.universiteahmedbaba.com\/web\/wp-json\/wp\/v2\/pages\/634\/revisions\/638"}],"up":[{"embeddable":true,"href":"https:\/\/www.universiteahmedbaba.com\/web\/wp-json\/wp\/v2\/pages\/29"}],"wp:attachment":[{"href":"https:\/\/www.universiteahmedbaba.com\/web\/wp-json\/wp\/v2\/media?parent=634"}],"curies":[{"name":"wp","href":"https:\/\/api.w.org\/{rel}","templated":true}]}}