{"id":649,"date":"2016-07-20T11:41:22","date_gmt":"2016-07-20T10:41:22","guid":{"rendered":"http:\/\/www.universiteahmedbaba.com\/web\/?page_id=649"},"modified":"2016-07-20T15:29:54","modified_gmt":"2016-07-20T14:29:54","slug":"programme-tronc-commun-iseg-semestre-1-a-4","status":"publish","type":"page","link":"https:\/\/www.universiteahmedbaba.com\/web\/formations\/institut-des-sciences-economiques-et-de-gestion\/programme-tronc-commun-iseg-semestre-1-a-4\/","title":{"rendered":"Programme tronc commun ISEG &#8211; semestre 1 \u00e0 4"},"content":{"rendered":"<h3 style=\"text-align: left;\">Semestre 1<\/h3>\n<ul>\n<li>UE1 &#8211; Micro\u00e9conomie(4 cr\u00e9dits)<div class=\"su-spoiler su-spoiler-style-fancy su-spoiler-icon-folder-2 su-spoiler-closed\" data-scroll-offset=\"0\" data-anchor-in-url=\"no\"><div class=\"su-spoiler-title\" tabindex=\"0\" role=\"button\"><span class=\"su-spoiler-icon\"><\/span>Modules<\/div><div class=\"su-spoiler-content su-u-clearfix su-u-trim\">\n<ul>\n<li>Micro\u00e9conomie<\/li>\n<\/ul>\n<\/div><\/div><\/li>\n<li>UE2 &#8211; Math\u00e9matiques (6 cr\u00e9dits)<div class=\"su-spoiler su-spoiler-style-fancy su-spoiler-icon-folder-2 su-spoiler-closed\" data-scroll-offset=\"0\" data-anchor-in-url=\"no\"><div class=\"su-spoiler-title\" tabindex=\"0\" role=\"button\"><span class=\"su-spoiler-icon\"><\/span>Modules<\/div><div class=\"su-spoiler-content su-u-clearfix su-u-trim\">\n<ul>\n<li>Analyse<\/li>\n<li>G\u00e9om\u00e9trie descriptive<\/li>\n<\/ul>\n<\/div><\/div><\/li>\n<li>UE3 &#8211; \u00c9conomie g\u00e9n\u00e9rale (2 cr\u00e9dits)<div class=\"su-spoiler su-spoiler-style-fancy su-spoiler-icon-folder-2 su-spoiler-closed\" data-scroll-offset=\"0\" data-anchor-in-url=\"no\"><div class=\"su-spoiler-title\" tabindex=\"0\" role=\"button\"><span class=\"su-spoiler-icon\"><\/span>Modules<\/div><div class=\"su-spoiler-content su-u-clearfix su-u-trim\">\n<ul>\n<li>\u00c9conomie g\u00e9n\u00e9rale<\/li>\n<\/ul>\n<\/div><\/div><\/li>\n<li>UE4 &#8211; L&#8217;entreprise et son environnement (2 cr\u00e9dits)<div class=\"su-spoiler su-spoiler-style-fancy su-spoiler-icon-folder-2 su-spoiler-closed\" data-scroll-offset=\"0\" data-anchor-in-url=\"no\"><div class=\"su-spoiler-title\" tabindex=\"0\" role=\"button\"><span class=\"su-spoiler-icon\"><\/span>Modules<\/div><div class=\"su-spoiler-content su-u-clearfix su-u-trim\">\n<ul>\n<li>L&#8217;entreprise et son environnement<\/li>\n<\/ul>\n<\/div><\/div><\/li>\n<li>UE5 &#8211; Anglais (6 cr\u00e9dits)<div class=\"su-spoiler su-spoiler-style-fancy su-spoiler-icon-folder-2 su-spoiler-closed\" data-scroll-offset=\"0\" data-anchor-in-url=\"no\"><div class=\"su-spoiler-title\" tabindex=\"0\" role=\"button\"><span class=\"su-spoiler-icon\"><\/span>Modules<\/div><div class=\"su-spoiler-content su-u-clearfix su-u-trim\">\n<ul>\n<li>Anglais<\/li>\n<\/ul>\n<\/div><\/div><\/li>\n<li>UE6 &#8211; Fran\u00e7ais (5 cr\u00e9dits)<div class=\"su-spoiler su-spoiler-style-fancy su-spoiler-icon-folder-2 su-spoiler-closed\" data-scroll-offset=\"0\" data-anchor-in-url=\"no\"><div class=\"su-spoiler-title\" tabindex=\"0\" role=\"button\"><span class=\"su-spoiler-icon\"><\/span>Modules<\/div><div class=\"su-spoiler-content su-u-clearfix su-u-trim\">\n<ul>\n<li>Fran\u00e7ais<\/li>\n<\/ul>\n<\/div><\/div><\/li>\n<li>UE7 &#8211; Projet tutor\u00e9 (5 cr\u00e9dits)<div class=\"su-spoiler su-spoiler-style-fancy su-spoiler-icon-folder-2 su-spoiler-closed\" data-scroll-offset=\"0\" data-anchor-in-url=\"no\"><div class=\"su-spoiler-title\" tabindex=\"0\" role=\"button\"><span class=\"su-spoiler-icon\"><\/span>Modules<\/div><div class=\"su-spoiler-content su-u-clearfix su-u-trim\">\n<ul>\n<li>Techniques de recherche et de prise de parole en public<\/li>\n<\/ul>\n<\/div><\/div><\/li>\n<\/ul>\n<h3 style=\"text-align: left;\">Semestre 2<\/h3>\n<ul>\n<li>UE1 &#8211; Macro\u00e9conomie(6 cr\u00e9dits)<div class=\"su-spoiler su-spoiler-style-fancy su-spoiler-icon-folder-2 su-spoiler-closed\" data-scroll-offset=\"0\" data-anchor-in-url=\"no\"><div class=\"su-spoiler-title\" tabindex=\"0\" role=\"button\"><span class=\"su-spoiler-icon\"><\/span>Modules<\/div><div class=\"su-spoiler-content su-u-clearfix su-u-trim\">\n<ul>\n<li>Macro\u00e9conomie<\/li>\n<\/ul>\n<\/div><\/div><\/li>\n<li>UE2 &#8211; Planification (4 cr\u00e9dits)<div class=\"su-spoiler su-spoiler-style-fancy su-spoiler-icon-folder-2 su-spoiler-closed\" data-scroll-offset=\"0\" data-anchor-in-url=\"no\"><div class=\"su-spoiler-title\" tabindex=\"0\" role=\"button\"><span class=\"su-spoiler-icon\"><\/span>Modules<\/div><div class=\"su-spoiler-content su-u-clearfix su-u-trim\">\n<ul>\n<li>Planification<\/li>\n<\/ul>\n<\/div><\/div><\/li>\n<li>UE3 &#8211; Comptabilit\u00e9 (5 cr\u00e9dits)<div class=\"su-spoiler su-spoiler-style-fancy su-spoiler-icon-folder-2 su-spoiler-closed\" data-scroll-offset=\"0\" data-anchor-in-url=\"no\"><div class=\"su-spoiler-title\" tabindex=\"0\" role=\"button\"><span class=\"su-spoiler-icon\"><\/span>Modules<\/div><div class=\"su-spoiler-content su-u-clearfix su-u-trim\">\n<ul>\n<li>Comptabilit\u00e9<\/li>\n<\/ul>\n<\/div><\/div><\/li>\n<li>UE4 &#8211; Introduction au droit (2 cr\u00e9dits)<div class=\"su-spoiler su-spoiler-style-fancy su-spoiler-icon-folder-2 su-spoiler-closed\" data-scroll-offset=\"0\" data-anchor-in-url=\"no\"><div class=\"su-spoiler-title\" tabindex=\"0\" role=\"button\"><span class=\"su-spoiler-icon\"><\/span>Modules<\/div><div class=\"su-spoiler-content su-u-clearfix su-u-trim\">\n<ul>\n<li>Introduction au droit<\/li>\n<\/ul>\n<\/div><\/div><\/li>\n<li>UE5 &#8211; Informatique (4 cr\u00e9dits)<div class=\"su-spoiler su-spoiler-style-fancy su-spoiler-icon-folder-2 su-spoiler-closed\" data-scroll-offset=\"0\" data-anchor-in-url=\"no\"><div class=\"su-spoiler-title\" tabindex=\"0\" role=\"button\"><span class=\"su-spoiler-icon\"><\/span>Modules<\/div><div class=\"su-spoiler-content su-u-clearfix su-u-trim\">\n<ul>\n<li>Informatique<\/li>\n<\/ul>\n<\/div><\/div><\/li>\n<li>UE6 &#8211; Anglais (6 cr\u00e9dits)<div class=\"su-spoiler su-spoiler-style-fancy su-spoiler-icon-folder-2 su-spoiler-closed\" data-scroll-offset=\"0\" data-anchor-in-url=\"no\"><div class=\"su-spoiler-title\" tabindex=\"0\" role=\"button\"><span class=\"su-spoiler-icon\"><\/span>Modules<\/div><div class=\"su-spoiler-content su-u-clearfix su-u-trim\">\n<ul>\n<li>Anglais<\/li>\n<\/ul>\n<\/div><\/div><\/li>\n<li>UE7 &#8211; Management (3 cr\u00e9dits)<div class=\"su-spoiler su-spoiler-style-fancy su-spoiler-icon-folder-2 su-spoiler-closed\" data-scroll-offset=\"0\" data-anchor-in-url=\"no\"><div class=\"su-spoiler-title\" tabindex=\"0\" role=\"button\"><span class=\"su-spoiler-icon\"><\/span>Modules<\/div><div class=\"su-spoiler-content su-u-clearfix su-u-trim\">\n<ul>\n<li>Management<\/li>\n<\/ul>\n<\/div><\/div><\/li>\n<\/ul>\n<h3 style=\"text-align: left;\">Semestre 3<\/h3>\n<ul>\n<li>UE1 (5 cr\u00e9dits)<div class=\"su-spoiler su-spoiler-style-fancy su-spoiler-icon-folder-2 su-spoiler-closed\" data-scroll-offset=\"0\" data-anchor-in-url=\"no\"><div class=\"su-spoiler-title\" tabindex=\"0\" role=\"button\"><span class=\"su-spoiler-icon\"><\/span>Modules<\/div><div class=\"su-spoiler-content su-u-clearfix su-u-trim\">\n<ul>\n<li>Politique mon\u00e9taire, budg\u00e9taire et les taux de change<\/li>\n<\/ul>\n<\/div><\/div><\/li>\n<li>UE2 &#8211; Marketing (4 cr\u00e9dits)<div class=\"su-spoiler su-spoiler-style-fancy su-spoiler-icon-folder-2 su-spoiler-closed\" data-scroll-offset=\"0\" data-anchor-in-url=\"no\"><div class=\"su-spoiler-title\" tabindex=\"0\" role=\"button\"><span class=\"su-spoiler-icon\"><\/span>Modules<\/div><div class=\"su-spoiler-content su-u-clearfix su-u-trim\">\n<ul>\n<li>Marketing<\/li>\n<\/ul>\n<\/div><\/div><\/li>\n<li>UE3 &#8211; Comptabilit\u00e9 (5 cr\u00e9dits)<div class=\"su-spoiler su-spoiler-style-fancy su-spoiler-icon-folder-2 su-spoiler-closed\" data-scroll-offset=\"0\" data-anchor-in-url=\"no\"><div class=\"su-spoiler-title\" tabindex=\"0\" role=\"button\"><span class=\"su-spoiler-icon\"><\/span>Modules<\/div><div class=\"su-spoiler-content su-u-clearfix su-u-trim\">\n<ul>\n<li>Comptabilit\u00e9<\/li>\n<\/ul>\n<\/div><\/div><\/li>\n<li>UE4 &#8211; Projet tutor\u00e9 ( cr\u00e9dits)<div class=\"su-spoiler su-spoiler-style-fancy su-spoiler-icon-folder-2 su-spoiler-closed\" data-scroll-offset=\"0\" data-anchor-in-url=\"no\"><div class=\"su-spoiler-title\" tabindex=\"0\" role=\"button\"><span class=\"su-spoiler-icon\"><\/span>Modules<\/div><div class=\"su-spoiler-content su-u-clearfix su-u-trim\">\n<ul>\n<li>Th\u00e8me: Avantages et inconv\u00e9nients du code des investissements au Mali<\/li>\n<\/ul>\n<\/div><\/div><\/li>\n<li>UE5 &#8211; Statistiques (5 cr\u00e9dits)<div class=\"su-spoiler su-spoiler-style-fancy su-spoiler-icon-folder-2 su-spoiler-closed\" data-scroll-offset=\"0\" data-anchor-in-url=\"no\"><div class=\"su-spoiler-title\" tabindex=\"0\" role=\"button\"><span class=\"su-spoiler-icon\"><\/span>Modules<\/div><div class=\"su-spoiler-content su-u-clearfix su-u-trim\">\n<ul>\n<li>Statistiques descriptives et probabilit\u00e9<\/li>\n<\/ul>\n<\/div><\/div><\/li>\n<li>UE6 &#8211; Anglais (6 cr\u00e9dits)<div class=\"su-spoiler su-spoiler-style-fancy su-spoiler-icon-folder-2 su-spoiler-closed\" data-scroll-offset=\"0\" data-anchor-in-url=\"no\"><div class=\"su-spoiler-title\" tabindex=\"0\" role=\"button\"><span class=\"su-spoiler-icon\"><\/span>Modules<\/div><div class=\"su-spoiler-content su-u-clearfix su-u-trim\">\n<ul>\n<li>Anglais<\/li>\n<\/ul>\n<\/div><\/div><\/li>\n<\/ul>\n<h3 style=\"text-align: left;\">Semestre 4<\/h3>\n<ul>\n<li>UE1 &#8211; Communication (5 cr\u00e9dits)<div class=\"su-spoiler su-spoiler-style-fancy su-spoiler-icon-folder-2 su-spoiler-closed\" data-scroll-offset=\"0\" data-anchor-in-url=\"no\"><div class=\"su-spoiler-title\" tabindex=\"0\" role=\"button\"><span class=\"su-spoiler-icon\"><\/span>Modules<\/div><div class=\"su-spoiler-content su-u-clearfix su-u-trim\">\n<ul>\n<li>Communication<\/li>\n<\/ul>\n<\/div><\/div><\/li>\n<li>UE2 &#8211; Droit du travail (2 cr\u00e9dits)<div class=\"su-spoiler su-spoiler-style-fancy su-spoiler-icon-folder-2 su-spoiler-closed\" data-scroll-offset=\"0\" data-anchor-in-url=\"no\"><div class=\"su-spoiler-title\" tabindex=\"0\" role=\"button\"><span class=\"su-spoiler-icon\"><\/span>Modules<\/div><div class=\"su-spoiler-content su-u-clearfix su-u-trim\">\n<ul>\n<li>Droit du travail<\/li>\n<\/ul>\n<\/div><\/div><\/li>\n<li>UE3 &#8211; Informatique ( cr\u00e9dits)<div class=\"su-spoiler su-spoiler-style-fancy su-spoiler-icon-folder-2 su-spoiler-closed\" data-scroll-offset=\"0\" data-anchor-in-url=\"no\"><div class=\"su-spoiler-title\" tabindex=\"0\" role=\"button\"><span class=\"su-spoiler-icon\"><\/span>Modules<\/div><div class=\"su-spoiler-content su-u-clearfix su-u-trim\">\n<ul>\n<li>Logiciel informatique de comptabilit\u00e9<\/li>\n<\/ul>\n<\/div><\/div><\/li>\n<li>UE4 &#8211; Fran\u00e7ais (5 cr\u00e9dits)<div class=\"su-spoiler su-spoiler-style-fancy su-spoiler-icon-folder-2 su-spoiler-closed\" data-scroll-offset=\"0\" data-anchor-in-url=\"no\"><div class=\"su-spoiler-title\" tabindex=\"0\" role=\"button\"><span class=\"su-spoiler-icon\"><\/span>Modules<\/div><div class=\"su-spoiler-content su-u-clearfix su-u-trim\">\n<ul>\n<li>Fran\u00e7ais<\/li>\n<\/ul>\n<\/div><\/div><\/li>\n<li>UE5 &#8211; Anglais (5 cr\u00e9dits)<div class=\"su-spoiler su-spoiler-style-fancy su-spoiler-icon-folder-2 su-spoiler-closed\" data-scroll-offset=\"0\" data-anchor-in-url=\"no\"><div class=\"su-spoiler-title\" tabindex=\"0\" role=\"button\"><span class=\"su-spoiler-icon\"><\/span>Modules<\/div><div class=\"su-spoiler-content su-u-clearfix su-u-trim\">\n<ul>\n<li>Anglais<\/li>\n<\/ul>\n<\/div><\/div><\/li>\n<li>UE6 &#8211; Stage (8 cr\u00e9dits)<div class=\"su-spoiler su-spoiler-style-fancy su-spoiler-icon-folder-2 su-spoiler-closed\" data-scroll-offset=\"0\" data-anchor-in-url=\"no\"><div class=\"su-spoiler-title\" tabindex=\"0\" role=\"button\"><span class=\"su-spoiler-icon\"><\/span>Modules<\/div><div class=\"su-spoiler-content su-u-clearfix su-u-trim\">\n<ul>\n<li>Stage de 4 semaines en entreprise, soit 8h\/jour ouvrable<\/li>\n<\/ul>\n<\/div><\/div><\/li>\n<\/ul>\n","protected":false},"excerpt":{"rendered":"<p>Semestre 1 UE1 &#8211; Micro\u00e9conomie(4 cr\u00e9dits) UE2 &#8211; Math\u00e9matiques (6 cr\u00e9dits) UE3 &#8211; \u00c9conomie g\u00e9n\u00e9rale (2 cr\u00e9dits) UE4 &#8211; L&#8217;entreprise et son environnement (2 cr\u00e9dits) UE5 &#8211; Anglais (6 cr\u00e9dits) UE6 &#8211; Fran\u00e7ais (5 cr\u00e9dits) UE7 &#8211; Projet tutor\u00e9 (5&#8230;<br \/><a class=\"read-more-button\" href=\"https:\/\/www.universiteahmedbaba.com\/web\/formations\/institut-des-sciences-economiques-et-de-gestion\/programme-tronc-commun-iseg-semestre-1-a-4\/\">Read more<\/a><\/p>\n","protected":false},"author":4,"featured_media":0,"parent":29,"menu_order":0,"comment_status":"closed","ping_status":"closed","template":"","meta":{"_eb_attr":"","footnotes":""},"class_list":["post-649","page","type-page","status-publish","hentry"],"featured_image_src":null,"_links":{"self":[{"href":"https:\/\/www.universiteahmedbaba.com\/web\/wp-json\/wp\/v2\/pages\/649","targetHints":{"allow":["GET"]}}],"collection":[{"href":"https:\/\/www.universiteahmedbaba.com\/web\/wp-json\/wp\/v2\/pages"}],"about":[{"href":"https:\/\/www.universiteahmedbaba.com\/web\/wp-json\/wp\/v2\/types\/page"}],"author":[{"embeddable":true,"href":"https:\/\/www.universiteahmedbaba.com\/web\/wp-json\/wp\/v2\/users\/4"}],"replies":[{"embeddable":true,"href":"https:\/\/www.universiteahmedbaba.com\/web\/wp-json\/wp\/v2\/comments?post=649"}],"version-history":[{"count":7,"href":"https:\/\/www.universiteahmedbaba.com\/web\/wp-json\/wp\/v2\/pages\/649\/revisions"}],"predecessor-version":[{"id":657,"href":"https:\/\/www.universiteahmedbaba.com\/web\/wp-json\/wp\/v2\/pages\/649\/revisions\/657"}],"up":[{"embeddable":true,"href":"https:\/\/www.universiteahmedbaba.com\/web\/wp-json\/wp\/v2\/pages\/29"}],"wp:attachment":[{"href":"https:\/\/www.universiteahmedbaba.com\/web\/wp-json\/wp\/v2\/media?parent=649"}],"curies":[{"name":"wp","href":"https:\/\/api.w.org\/{rel}","templated":true}]}}