{"id":680,"date":"2016-08-30T19:00:04","date_gmt":"2016-08-30T18:00:04","guid":{"rendered":"http:\/\/www.universiteahmedbaba.com\/web\/?page_id=680"},"modified":"2016-08-30T19:45:03","modified_gmt":"2016-08-30T18:45:03","slug":"faq","status":"publish","type":"page","link":"https:\/\/www.universiteahmedbaba.com\/web\/accueil\/faq\/","title":{"rendered":"FAQ"},"content":{"rendered":"<h4>Ou se trouve le si\u00e8ge de l\u2019Universit\u00e9 Priv\u00e9e Ahmed Baba?<\/h4>\n<p>Le si\u00e8ge de l&#8217;UPAB se trouve \u00e0 Sotuba ACI, non loin du terrain du stade malien de Bamako au Mali.<\/p>\n<h4>L&#8217;UPAB a t&#8217;elle des antennes\/filiales dans d&#8217;autres pays?<\/h4>\n<p>Il n&#8217;y en a pas dans d&#8217;autres pays. Par contre il y en a dans les r\u00e9gions de Sikasso, Segou et Kati.<\/p>\n<h4>Quel est le niveau minimum requis pour s&#8217;inscrire dans un programme de MASTER II?<\/h4>\n<p>Le niveau minimum est une maitrise ou un dipl\u00f4me d\u2019ing\u00e9nieur.<\/p>\n<h4>Combien de temps dure un cycle de Licence ou de Master?<\/h4>\n<p>Le cycle de Licence dure 3 ans (6 semestres), celui du Master dure 2 ans (4 semestres).<\/p>\n<h4>Je n&#8217;ai pas r\u00e9ussi \u00e0 obtenir mon baccalaur\u00e9at. Puis je quand m\u00eame m&#8217;inscrire \u00e0 l&#8217;UPAB?<\/h4>\n<p>Oui mais pas en Licence 1 (1ere ann\u00e9e). Nous avons pour ces cas, un programme appel\u00e9 &#8220;Pr\u00e9pa Bac&#8221;.<\/p>\n<h4>L&#8217;UPAB dispose t&#8217;elle d&#8217;un internat?<\/h4>\n<p>Oui. Vous pouvez trouvez plus de d\u00e9tails <a href=\"http:\/\/www.universiteahmedbaba.com\/web\/internat\/\">ici<\/a>.<\/p>\n","protected":false},"excerpt":{"rendered":"<p>Ou se trouve le si\u00e8ge de l\u2019Universit\u00e9 Priv\u00e9e Ahmed Baba? Le si\u00e8ge de l&#8217;UPAB se trouve \u00e0 Sotuba ACI, non loin du terrain du stade malien de Bamako au Mali. L&#8217;UPAB a t&#8217;elle des antennes\/filiales dans d&#8217;autres pays? Il n&#8217;y&#8230;<br \/><a class=\"read-more-button\" href=\"https:\/\/www.universiteahmedbaba.com\/web\/accueil\/faq\/\">Read more<\/a><\/p>\n","protected":false},"author":4,"featured_media":0,"parent":83,"menu_order":0,"comment_status":"closed","ping_status":"closed","template":"","meta":{"_eb_attr":"","footnotes":""},"class_list":["post-680","page","type-page","status-publish","hentry"],"featured_image_src":null,"_links":{"self":[{"href":"https:\/\/www.universiteahmedbaba.com\/web\/wp-json\/wp\/v2\/pages\/680","targetHints":{"allow":["GET"]}}],"collection":[{"href":"https:\/\/www.universiteahmedbaba.com\/web\/wp-json\/wp\/v2\/pages"}],"about":[{"href":"https:\/\/www.universiteahmedbaba.com\/web\/wp-json\/wp\/v2\/types\/page"}],"author":[{"embeddable":true,"href":"https:\/\/www.universiteahmedbaba.com\/web\/wp-json\/wp\/v2\/users\/4"}],"replies":[{"embeddable":true,"href":"https:\/\/www.universiteahmedbaba.com\/web\/wp-json\/wp\/v2\/comments?post=680"}],"version-history":[{"count":5,"href":"https:\/\/www.universiteahmedbaba.com\/web\/wp-json\/wp\/v2\/pages\/680\/revisions"}],"predecessor-version":[{"id":685,"href":"https:\/\/www.universiteahmedbaba.com\/web\/wp-json\/wp\/v2\/pages\/680\/revisions\/685"}],"up":[{"embeddable":true,"href":"https:\/\/www.universiteahmedbaba.com\/web\/wp-json\/wp\/v2\/pages\/83"}],"wp:attachment":[{"href":"https:\/\/www.universiteahmedbaba.com\/web\/wp-json\/wp\/v2\/media?parent=680"}],"curies":[{"name":"wp","href":"https:\/\/api.w.org\/{rel}","templated":true}]}}