{"id":901,"date":"2018-08-06T11:46:18","date_gmt":"2018-08-06T10:46:18","guid":{"rendered":"http:\/\/www.universiteahmedbaba.com\/web\/?page_id=901"},"modified":"2018-08-06T11:46:18","modified_gmt":"2018-08-06T10:46:18","slug":"admission-cameroun","status":"publish","type":"page","link":"https:\/\/www.universiteahmedbaba.com\/web\/admission-cameroun\/","title":{"rendered":"Admission Cameroun"},"content":{"rendered":"<p>L&#8217;admission au sein de l&#8217;Universit\u00e9 Priv\u00e9e Ahmed Baba passe par une \u00e9tude du dossier de l&#8217;\u00e9tudiant postulant.<br \/>\nNous vous invitons \u00e0 t\u00e9l\u00e9charger les fiches d\u2019inscription et d\u2019engagement et de les imprimer. Remplissez les soigneusement \u00e0 la main et renvoyez les nous par la poste sous sous forme scann\u00e9e, accompagn\u00e9s du reste des documents demand\u00e9s pour l\u2019inscription.<\/p>\n<ul>\n<li><a href=\"http:\/\/www.universiteahmedbaba.com\/web\/wp-content\/uploads\/2017\/07\/FICHE-DINSCRIPTION-UPAB-AUL.pdf\">Fiche d&#8217;inscription UPAB &#8211; AUL<\/a><\/li>\n<li><a href=\"http:\/\/www.universiteahmedbaba.com\/web\/wp-content\/uploads\/2017\/07\/FICHE-DENGAGEMENT-AUL-UPAB.pdf\">Fiche d&#8217;engagement UPAB &#8211; AUL<\/a><\/li>\n<li><a href=\"http:\/\/www.universiteahmedbaba.com\/web\/wp-content\/uploads\/2017\/07\/FICHE-DENGAGEMENT-UPAB-ASL.pdf\">Fiche d&#8217;engagement UPAB &#8211; ASL<\/a><\/li>\n<\/ul>\n<p>Apres la r\u00e9ception de votre dossier, nous vous communiquerons le compte bancaire sur lequel vous devez faire le payement des frais d\u2019inscription.<br \/>\nPour vous pr\u00e9 inscrire, utilisez le formulaire ci dessous<\/p>\n<div class=\"caldera-grid\" id=\"caldera_form_1\" data-cf-ver=\"1.7.2\" data-cf-form-id=\"CF56d484018d010\"><div id=\"caldera_notices_1\" data-spinner=\"https:\/\/www.universiteahmedbaba.com\/web\/wp-admin\/images\/spinner.gif\"><\/div><form data-instance=\"1\" class=\"CF56d484018d010 caldera_forms_form\" method=\"POST\" enctype=\"multipart\/form-data\" id=\"CF56d484018d010_1\" data-form-id=\"CF56d484018d010\" aria-label=\"\">\r\n<input type=\"hidden\" id=\"_cf_verify_CF56d484018d010\" name=\"_cf_verify\" value=\"e3c959d205\"  data-nonce-time=\"1776225270\" \/><input type=\"hidden\" name=\"_wp_http_referer\" value=\"\/web\/wp-json\/wp\/v2\/pages\/901\" \/><input type=\"hidden\" name=\"_cf_frm_id\" value=\"CF56d484018d010\">\r\n<input type=\"hidden\" name=\"_cf_frm_ct\" value=\"1\">\r\n<input type=\"hidden\" name=\"_cf_cr_pst\" value=\"901\">\r\n<div id=\"CF56d484018d010_1-row-1\"  class=\"row  single\"><div  class=\"col-sm-0  single\"><\/div><\/div><\/form>\r\n<\/div>\r\n\n","protected":false},"excerpt":{"rendered":"<p>L&#8217;admission au sein de l&#8217;Universit\u00e9 Priv\u00e9e Ahmed Baba passe par une \u00e9tude du dossier de l&#8217;\u00e9tudiant postulant. Nous vous invitons \u00e0 t\u00e9l\u00e9charger les fiches d\u2019inscription et d\u2019engagement et de les imprimer. Remplissez les soigneusement \u00e0 la main et renvoyez les&#8230;<br \/><a class=\"read-more-button\" href=\"https:\/\/www.universiteahmedbaba.com\/web\/admission-cameroun\/\">Read more<\/a><\/p>\n","protected":false},"author":4,"featured_media":0,"parent":0,"menu_order":0,"comment_status":"closed","ping_status":"closed","template":"","meta":{"_eb_attr":"","footnotes":""},"class_list":["post-901","page","type-page","status-publish","hentry"],"featured_image_src":null,"_links":{"self":[{"href":"https:\/\/www.universiteahmedbaba.com\/web\/wp-json\/wp\/v2\/pages\/901","targetHints":{"allow":["GET"]}}],"collection":[{"href":"https:\/\/www.universiteahmedbaba.com\/web\/wp-json\/wp\/v2\/pages"}],"about":[{"href":"https:\/\/www.universiteahmedbaba.com\/web\/wp-json\/wp\/v2\/types\/page"}],"author":[{"embeddable":true,"href":"https:\/\/www.universiteahmedbaba.com\/web\/wp-json\/wp\/v2\/users\/4"}],"replies":[{"embeddable":true,"href":"https:\/\/www.universiteahmedbaba.com\/web\/wp-json\/wp\/v2\/comments?post=901"}],"version-history":[{"count":1,"href":"https:\/\/www.universiteahmedbaba.com\/web\/wp-json\/wp\/v2\/pages\/901\/revisions"}],"predecessor-version":[{"id":902,"href":"https:\/\/www.universiteahmedbaba.com\/web\/wp-json\/wp\/v2\/pages\/901\/revisions\/902"}],"wp:attachment":[{"href":"https:\/\/www.universiteahmedbaba.com\/web\/wp-json\/wp\/v2\/media?parent=901"}],"curies":[{"name":"wp","href":"https:\/\/api.w.org\/{rel}","templated":true}]}}